{"id":8955,"date":"2026-05-01T10:15:32","date_gmt":"2026-05-01T14:15:32","guid":{"rendered":"https:\/\/feltkutur.com\/?page_id=8955"},"modified":"2026-05-04T18:10:39","modified_gmt":"2026-05-04T22:10:39","slug":"projet-acoustique-espace-travail-corporatif-drummondville","status":"publish","type":"page","link":"https:\/\/feltkutur.com\/fr\/projet-acoustique-espace-travail-corporatif-drummondville\/","title":{"rendered":"Projet acoustique espace de travail corporatif"},"content":{"rendered":"\n\n\t<h1>Transformation acoustique d&#8217;un espace de travail corporatif \u00e0 Drummondville<\/h1>\n\t<h2>Quand l&#8217;acoustique devient un geste architectural, l&#8217;espace de travail se transforme en lieu de rencontre, de concentration et de confort.<\/h2>\n<p>Une approche o\u00f9 le son est trait\u00e9 comme une mati\u00e8re de design, au service des usages, du dialogue et de la qualit\u00e9 de l&#8217;exp\u00e9rience quotidienne.<\/p>\n<p>Dans le cadre du r\u00e9am\u00e9nagement majeur des bureaux d&#8217;une compagnie d&#8217;assurance \u00e9tablie \u00e0 Drummondville, Feltk\u00fctur a \u00e9t\u00e9 mandat\u00e9 pour r\u00e9pondre \u00e0 un enjeu central\u202f: <strong>optimiser le confort acoustique dans un environnement de travail ouvert.<\/strong><\/p>\n\t<h2>Enjeux acoustiques des espaces modernes<\/h2>\n<p>Les espaces de cet environnement pr\u00e9sentent une signature assum\u00e9e : plafond de b\u00e9ton expos\u00e9, structure apparente, abondantes surfaces vitr\u00e9es et aires de travail d\u00e9cloisonn\u00e9es. Ces caract\u00e9ristiques conf\u00e8rent au lieu un cachet lumineux et contemporain, tout en g\u00e9n\u00e9rant d&#8217;importants d\u00e9fis acoustiques li\u00e9s \u00e0 la r\u00e9verb\u00e9ration et \u00e0 la diffusion du son.<\/p>\n\t<h2>Solution acoustique sur mesure int\u00e9gr\u00e9e au plafond<\/h2>\n<p>En collaboration avec la compagnie d&#8217;assurance et la firme d&#8217;architectes, Feltk\u00fctur a con\u00e7u un syst\u00e8me architectural suspendu sur mesure, pens\u00e9 pour s&#8217;int\u00e9grer harmonieusement au plafond. Le projet mise sur un syst\u00e8me de rails blancs, en continuit\u00e9 visuelle avec le b\u00e9ton apparent, combin\u00e9 \u00e0 des baffles acoustiques en<a href=\"https:\/\/feltkutur.com\/fr\/panneaux-acoustiques-duotex\/\"><strong> D\u00fcotex 12,7<\/strong><strong>\u202fmm <\/strong><\/a>de la <strong>collection Architect\u00fcr. <\/strong>Le <strong>Blanc C\u00f4te-des-Neiges<\/strong> et le <strong>Bleu St-Georges<\/strong> ont \u00e9t\u00e9 s\u00e9lectionn\u00e9s pour cr\u00e9er une harmonie visuelle avec l&#8217;environnement.<\/p>\n<p>La conception modulaire a permis d&#8217;assembler les panneaux acoustiques c\u00f4te \u00e0 c\u00f4te afin de couvrir de grandes surfaces, tout en s&#8217;adaptant \u00e0 des sections aux dimensions variables. Cette approche personnalis\u00e9e assure une r\u00e9ponse pr\u00e9cise aux exigences acoustiques et esth\u00e9tiques du lieu.<\/p>\n\t<p>Afin d&#8217;optimiser davantage l&#8217;absorption sonore, des panneaux muraux en<a href=\"https:\/\/feltkutur.com\/fr\/panneaux-acoustiques-duotex-tahmea\/\"><strong> D\u00fcotex Tahmea Bleu St\u2011Georges<\/strong><\/a>, de la <strong>collection Architect\u00fcr<\/strong> ont \u00e9t\u00e9 install\u00e9s sur la partie haute des murs dans les espaces ouverts. Dans les bureaux ferm\u00e9s, les panneaux ont \u00e9t\u00e9 positionn\u00e9s \u00e0 la hauteur d&#8217;\u00e9mission de la voix, permettant de capter rapidement la r\u00e9verb\u00e9ration et d&#8217;offrir un environnement propice \u00e0 la concentration.<\/p>\n<p>Ce projet d\u00e9montre comment les solutions Feltk\u00fctur permettent de transformer les contraintes acoustiques en un v\u00e9ritable levier de design, au service de l&#8217;architecture et du bien\u2011\u00eatre des utilisateurs.<\/p>\n<p><a href=\"https:\/\/feltkutur.com\/fr\/contactez-nous\/\" target=\"_blank\" rel=\"noopener\">contactez-nous pour votre projet !<\/a><\/p>\n\n","protected":false},"excerpt":{"rendered":"<p>Transformation acoustique d&#8217;un espace de travail corporatif \u00e0 Drummondville Quand l&#8217;acoustique devient un geste architectural, l&#8217;espace de travail se transforme en lieu de rencontre, de concentration et de confort. Une approche o\u00f9 le son est trait\u00e9 comme une mati\u00e8re de design, au service des usages, du dialogue et de la qualit\u00e9 de l&#8217;exp\u00e9rience quotidienne. Dans [&#8230;]<\/p>\n<p><a class=\"btn btn-secondary understrap-read-more-link\" href=\"https:\/\/feltkutur.com\/fr\/projet-acoustique-espace-travail-corporatif-drummondville\/\">Read More&#8230;<\/a><\/p>\n","protected":false},"author":5,"featured_media":0,"parent":0,"menu_order":0,"comment_status":"closed","ping_status":"closed","template":"","meta":{"_seopress_robots_primary_cat":"","_seopress_titles_title":"","_seopress_titles_desc":"","_seopress_robots_index":"","footnotes":""},"class_list":["post-8955","page","type-page","status-publish"],"_links":{"self":[{"href":"https:\/\/feltkutur.com\/fr\/wp-json\/wp\/v2\/pages\/8955","targetHints":{"allow":["GET"]}}],"collection":[{"href":"https:\/\/feltkutur.com\/fr\/wp-json\/wp\/v2\/pages"}],"about":[{"href":"https:\/\/feltkutur.com\/fr\/wp-json\/wp\/v2\/types\/page"}],"author":[{"embeddable":true,"href":"https:\/\/feltkutur.com\/fr\/wp-json\/wp\/v2\/users\/5"}],"replies":[{"embeddable":true,"href":"https:\/\/feltkutur.com\/fr\/wp-json\/wp\/v2\/comments?post=8955"}],"version-history":[{"count":0,"href":"https:\/\/feltkutur.com\/fr\/wp-json\/wp\/v2\/pages\/8955\/revisions"}],"wp:attachment":[{"href":"https:\/\/feltkutur.com\/fr\/wp-json\/wp\/v2\/media?parent=8955"}],"curies":[{"name":"wp","href":"https:\/\/api.w.org\/{rel}","templated":true}]}}