{"id":8855,"date":"2026-04-23T08:27:44","date_gmt":"2026-04-23T12:27:44","guid":{"rendered":"https:\/\/feltkutur.com\/?page_id=8855"},"modified":"2026-04-23T14:19:17","modified_gmt":"2026-04-23T18:19:17","slug":"panneaux-acoustiques-thermofit","status":"publish","type":"page","link":"https:\/\/feltkutur.com\/fr\/panneaux-acoustiques-thermofit\/","title":{"rendered":"Panneaux acoustiques Thermofit"},"content":{"rendered":"\n\n\t<p><strong>Thermofit<sup>TM<\/sup><\/strong><\/p>\n<p>Le Thermofit est un panneau acoustique en polyester qui se distingue par sa grande polyvalence et sa richesse de coloris. Offrant une vaste palette de couleurs, il permet une grande libert\u00e9 cr\u00e9ative et s&#8217;adapte facilement \u00e0 une vari\u00e9t\u00e9 de projets et d&#8217;environnements.<\/p>\n\t<strong>Caract\u00e9ristiques principales<\/strong>\n<ul>\n<li data-start=\"90\" data-end=\"108\">100% polyester<\/li>\n<li>Fini raffin\u00e9 et uniforme<\/li>\n<li>Surface homog\u00e8ne, esth\u00e9tique contemporaine<\/li>\n<li>Disponible en plus de 50 couleurs<\/li>\n<li>Excellente d\u00e9coupe CNC \/ lame pivotante<\/li>\n<li>Id\u00e9al pour les applications murales et syst\u00e8me de plafonds<\/li>\n<li>Personnalisation disponible : motifs sur mesure<\/li>\n<\/ul>\n\t<h3 data-section-id=\"jfo7uu\" data-start=\"991\" data-end=\"1025\">Sp\u00e9cifications Techniques<\/h3>\n<strong data-start=\"1027\" data-end=\"1041\">\u00c9paisseurs disponibles<br \/>\n<\/strong>9 mm, 12 mm et 18 mm\n<strong data-start=\"1065\" data-end=\"1090\">Dimension du panneau<br \/>\n<\/strong>1,20 m x 2,44 m\u00a0\n\t\t\t<a href=\"https:\/\/feltkutur.com\/wp-content\/uploads\/Fiche_technique_Feltvari_Thermofit_9mm.pdf\" target=\"_blank\" rel=\"noopener\">\n\t\t\t\t\t\t\tFiche technique\n\t\t\t\t\t<\/a>\n\t<h2 data-section-id=\"1320aug\" data-start=\"748\" data-end=\"777\">Plus de 50 couleurs disponibles<\/h2>\n\t\t\t\t<img decoding=\"async\" src=\"https:\/\/feltkutur.com\/wp-content\/plugins\/bb-plugin\/img\/pixel.png\" alt=\"\" itemprop=\"image\" onerror=\"this.style.display='none'\"  \/>\n\t<p><strong>COULEURS<\/strong><\/p>\n<img decoding=\"async\" src=\"https:\/\/feltkutur.com\/wp-content\/uploads\/feltvari_camel.jpg\" alt=\"Camel\" width=\" 95\" height=\"95\" \/><br \/>\n02 Camel\nT\u00e9l\u00e9charger <br \/>\ntexture\n<img decoding=\"async\" src=\"https:\/\/feltkutur.com\/wp-content\/uploads\/feltvari_gold-copper.jpg\" alt=\"Gold Copper\" width=\"95\" height=\"95\" \/><br \/>\n09 Cuivre dor\u00e9\nT\u00e9l\u00e9charger <br \/>\ntexture\n<img decoding=\"async\" src=\"https:\/\/feltkutur.com\/wp-content\/uploads\/feltvari_ash.jpg\" alt=\"Ash\" width=\"95\" height=\"95\" \/><br \/>\n18 Gris cendr\u00e9\nT\u00e9l\u00e9charger <br \/>\ntexture\n<img decoding=\"async\" src=\"https:\/\/feltkutur.com\/wp-content\/uploads\/feltvari_carmine.jpg\" alt=\"Carmine\" width=\"95\" height=\"95\" \/><br \/>\n24 Carmin\nT\u00e9l\u00e9charger <br \/>\ntexture\n<img decoding=\"async\" src=\"https:\/\/feltkutur.com\/wp-content\/uploads\/feltvari_green.jpg\" alt=\"Green\" width=\"95\" height=\"95\" \/><br \/>\n33 Vert\nT\u00e9l\u00e9charger <br \/>\ntexture\n<img decoding=\"async\" src=\"https:\/\/feltkutur.com\/wp-content\/uploads\/feltvari_blue-breeze.jpg\" alt=\"Blue Breeze\" width=\"95\" height=\"95\" \/><br \/>\n39 Brise Bleue\nT\u00e9l\u00e9charger <br \/>\ntexture\n<img decoding=\"async\" src=\"https:\/\/feltkutur.com\/wp-content\/uploads\/feltvari_sangria.jpg\" alt=\"Sangria\" width=\"95\" height=\"95\" \/><br \/>\n46 Sangria\nT\u00e9l\u00e9charger <br \/>\ntexture\n\t<iframe width=\"500\" height=\"350\" id=\"lightbeans\" src=\"https:\/\/v-api.lightbeans.com\/organizations\/alkegen\/products\/feltvari-02-camel?showFullscreenButton=true\" frameborder=\"0\"><br \/>\n        <\/iframe>\n\t\t\t<a href=\"https:\/\/feltkutur.com\/fr\/\" target=\"_blank\" rel=\"noopener\">\n\t\t\t\t\t\t\tContactez notre \u00e9quipe!\n\t\t\t\t\t<\/a>\n\n","protected":false},"excerpt":{"rendered":"<p>ThermofitTM Le Thermofit est un panneau acoustique en polyester qui se distingue par sa grande polyvalence et sa richesse de coloris. Offrant une vaste palette de couleurs, il permet une grande libert\u00e9 cr\u00e9ative et s&#8217;adapte facilement \u00e0 une vari\u00e9t\u00e9 de projets et d&#8217;environnements. Caract\u00e9ristiques principales 100% polyester Fini raffin\u00e9 et uniforme Surface homog\u00e8ne, esth\u00e9tique contemporaine [&#8230;]<\/p>\n<p><a class=\"btn btn-secondary understrap-read-more-link\" href=\"https:\/\/feltkutur.com\/fr\/panneaux-acoustiques-thermofit\/\">Read More&#8230;<\/a><\/p>\n","protected":false},"author":5,"featured_media":0,"parent":0,"menu_order":0,"comment_status":"closed","ping_status":"closed","template":"","meta":{"_seopress_robots_primary_cat":"","_seopress_titles_title":"","_seopress_titles_desc":"","_seopress_robots_index":"","footnotes":""},"class_list":["post-8855","page","type-page","status-publish"],"_links":{"self":[{"href":"https:\/\/feltkutur.com\/fr\/wp-json\/wp\/v2\/pages\/8855","targetHints":{"allow":["GET"]}}],"collection":[{"href":"https:\/\/feltkutur.com\/fr\/wp-json\/wp\/v2\/pages"}],"about":[{"href":"https:\/\/feltkutur.com\/fr\/wp-json\/wp\/v2\/types\/page"}],"author":[{"embeddable":true,"href":"https:\/\/feltkutur.com\/fr\/wp-json\/wp\/v2\/users\/5"}],"replies":[{"embeddable":true,"href":"https:\/\/feltkutur.com\/fr\/wp-json\/wp\/v2\/comments?post=8855"}],"version-history":[{"count":0,"href":"https:\/\/feltkutur.com\/fr\/wp-json\/wp\/v2\/pages\/8855\/revisions"}],"wp:attachment":[{"href":"https:\/\/feltkutur.com\/fr\/wp-json\/wp\/v2\/media?parent=8855"}],"curies":[{"name":"wp","href":"https:\/\/api.w.org\/{rel}","templated":true}]}}