{"id":8471,"date":"2026-03-18T14:41:18","date_gmt":"2026-03-18T18:41:18","guid":{"rendered":"https:\/\/feltkutur.com\/?page_id=8471"},"modified":"2026-04-15T14:52:29","modified_gmt":"2026-04-15T18:52:29","slug":"collection-feltvari","status":"publish","type":"page","link":"https:\/\/feltkutur.com\/fr\/collection-feltvari\/","title":{"rendered":"Panneaux acoustiques PET Feltv\u00e4ri"},"content":{"rendered":"\n\n\t\t\t\t<img decoding=\"async\" src=\"https:\/\/feltkutur.com\/wp-content\/uploads\/Felvari-LOGO-Colors-Felt-.png\" alt=\"Felvari-LOGO-Colors Felt\" itemprop=\"image\" height=\"720\" width=\"1440\" title=\"Felvari-LOGO-Colors Felt\" onerror=\"this.style.display='none'\"  \/>\n\t\t\t\t<img decoding=\"async\" src=\"https:\/\/feltkutur.com\/wp-content\/plugins\/bb-plugin\/img\/pixel.png\" alt=\"\" itemprop=\"image\" onerror=\"this.style.display='none'\"  \/>\n<h2>\n\t\tCollection Feltv\u00e4ri\n\t<\/h2>\n\t<p><em>Cr\u00e9ativit\u00e9.\u00a0 \u00a0 \u00a0 \u00a0 Identit\u00e9.\u00a0 \u00a0 \u00a0 \u00a0 Inspiration.<\/em><\/p>\n\t<p><strong>Feltv\u00e4ri : l&#8217;art de cr\u00e9er des environnements tendance et vibrants<\/strong><\/p>\n<p>Les panneaux acoustiques en polyester Feltv\u00e4ri incarne une nouvelle fa\u00e7on de concevoir les espaces : une approche o\u00f9 la couleur joue un r\u00f4le central, o\u00f9 chaque mur devient une surface expressive, o\u00f9 l&#8217;environnement lui\u2011m\u00eame adopte une identit\u00e9 forte et contemporaine. Avec cette collection, Feltk\u00fctur mise sur l&#8217;audace, la cr\u00e9ativit\u00e9 et la richesse visuelle pour transformer les lieux du quotidien en environnements inspirants et pleins de caract\u00e8re.\u00a0<\/p>\n\t<h2>Caract\u00e9ristiques cl\u00e9s<\/h2>\n<ul>\n<li><strong>Plus de 50 couleurs <\/strong>vibrantes pour cr\u00e9er des ambiances uniques.\u00a0<\/li>\n<li><strong>Dimensions des panneaux: <\/strong>1.20 m x 2.44 m pour une pr\u00e9sence visuelle remarquable.<\/li>\n<li><strong>Trois \u00e9paisseurs disponibles : <\/strong>9 mm,12 mm et 18 mm pour moduler le relief et la profondeur.<\/li>\n<li><strong>Trois finis bois<\/strong> pour une touche chaleureuse et naturelle.\u00a0<\/li>\n<li><strong>Personnalisation en rainure<\/strong> pour des motifs subtils et \u00e9l\u00e9gants.<\/li>\n<\/ul>\n\t<p><strong>Une collection qui red\u00e9finit l&#8217;ambiance des espaces<\/strong><\/p>\nFeltv\u00e4ri se distingue par sa capacit\u00e9 \u00e0 transmettre une atmosph\u00e8re. Ses couleurs ne d\u00e9corent pas seulement : elles enveloppent, elles animent, elles transforment.<br \/>\nAvec <strong>plus de 50 coloris<\/strong>, la collection offre une v\u00e9ritable palette d&#8217;ambiances :\n<ul>\n<li>des couleurs lumineuses qui dynamisent un lieu,<\/li>\n<li>des teintes profondes qui ajoutent une pr\u00e9sence marquante,<\/li>\n<li>des nuances chaleureuses qui rendent un espace accueillant,<\/li>\n<li>des tons sobres qui apaisent.<\/li>\n<\/ul>\n\t<p><strong>Des finitions qui ajoutent style et personnalit\u00e9<\/strong><\/p>\n<p>Les options de finis bois apportent une touche chaleureuse et naturelle, id\u00e9ale pour enrichir un d\u00e9cor et cr\u00e9er un \u00e9quilibre visuel. Elles permettent de jouer avec les contrastes, de composer des environnements qui paraissent plus vivants, plus textur\u00e9s, plus sophistiqu\u00e9s.<\/p>\n<p>La <strong>personnalisation en rainure<\/strong>, quant \u00e0 elle, introduit des lignes sculpt\u00e9es qui donnent du rythme et une dimension suppl\u00e9mentaire au d\u00e9cor. Ce d\u00e9tail cr\u00e9e des panneaux qui ne sont plus simplement color\u00e9s, mais travaill\u00e9s, anim\u00e9s, distinctifs.<\/p>\n\t\t\t\t<img decoding=\"async\" src=\"https:\/\/feltkutur.com\/wp-content\/uploads\/feltvari-baffle-acoustique-bureau.png\" alt=\"feltvari baffle acoustique bureau\" itemprop=\"image\" height=\"1024\" width=\"1536\" title=\"feltvari baffle acoustique bureau\" onerror=\"this.style.display='none'\"  \/>\n\t\t\t\t<img decoding=\"async\" src=\"https:\/\/feltkutur.com\/wp-content\/uploads\/Feltvari-Baffle-acoustique-Straight-Baffle-Meeting-room.png\" alt=\"Feltvari Baffle acoustique Straight Baffle Meeting room\" itemprop=\"image\" height=\"1024\" width=\"1536\" title=\"Feltvari Baffle acoustique Straight Baffle Meeting room\" onerror=\"this.style.display='none'\"  \/>\n\t\t\t\t<img decoding=\"async\" src=\"https:\/\/feltkutur.com\/wp-content\/uploads\/Feltvari-baffle-acoustique-lounge.png\" alt=\"Feltvari baffle acoustique lounge\" itemprop=\"image\" height=\"1024\" width=\"1536\" title=\"Feltvari baffle acoustique lounge\" onerror=\"this.style.display='none'\"  \/>\n\t\t\t\t<img decoding=\"async\" src=\"https:\/\/feltkutur.com\/wp-content\/uploads\/Untitled-1-1.png\" alt=\"Baffles acoustiques\" itemprop=\"image\" height=\"1024\" width=\"1536\" title=\"Baffles acoustiques\" onerror=\"this.style.display='none'\"  \/>\n\t<p><strong>Feltv\u00e4ri : la touche d\u00e9corative qui change tout<\/strong><\/p>\n<p>Cette collection est faite pour celles et ceux qui aiment les espaces vivants, les ambiances soign\u00e9es et les environnements qui racontent quelque chose. Feltv\u00e4ri apporte couleur, profondeur, texture et style, tout en laissant la libert\u00e9 de fa\u00e7onner un univers unique.<\/p>\n<p>Color\u00e9e, tendance, expressive et riche en possibilit\u00e9s, Feltv\u00e4ri est la collection parfaite pour donner du caract\u00e8re \u00e0 un lieu, qu&#8217;il soit grand, petit, anim\u00e9 ou plus intime.<\/p>\n<p>Avec Feltv\u00e4ri, chaque espace devient une exp\u00e9rience. Une exp\u00e9rience visuelle, sensible, chaleureuse et r\u00e9solument contemporaine.<\/p>\n\t\t\t\t<img decoding=\"async\" src=\"https:\/\/feltkutur.com\/wp-content\/uploads\/livre9-scaled.png\" alt=\"livre9\" itemprop=\"image\" height=\"1707\" width=\"2560\" title=\"livre9\" onerror=\"this.style.display='none'\"  \/>\n\t<p>Envie de voir et toucher nos produits\u202f?<\/p>\n<p><a href=\"https:\/\/feltkutur.com\/fr\/contactez-nous\/\" target=\"_blank\" rel=\"noopener\">DemandeZ votre carnet d&#8217;\u00e9chantillonS!<\/a><\/p>\n\t\t\t\t<img decoding=\"async\" src=\"https:\/\/feltkutur.com\/wp-content\/plugins\/bb-plugin\/img\/pixel.png\" alt=\"\" itemprop=\"image\" onerror=\"this.style.display='none'\"  \/>\n\t<p><strong>COULEURS<\/strong><\/p>\n<img decoding=\"async\" src=\"https:\/\/feltkutur.com\/wp-content\/uploads\/feltvari_camel.jpg\" alt=\"Camel\" width=\" 95\" height=\"95\" \/><br \/>\n02 Camel\nT\u00e9l\u00e9charger <br \/>\ntexture\n<img decoding=\"async\" src=\"https:\/\/feltkutur.com\/wp-content\/uploads\/feltvari_gold-copper.jpg\" alt=\"Gold Copper\" width=\"95\" height=\"95\" \/><br \/>\n09 Cuivre dor\u00e9\nT\u00e9l\u00e9charger <br \/>\ntexture\n<img decoding=\"async\" src=\"https:\/\/feltkutur.com\/wp-content\/uploads\/feltvari_ash.jpg\" alt=\"Ash\" width=\"95\" height=\"95\" \/><br \/>\n18 Gris cendr\u00e9\nT\u00e9l\u00e9charger <br \/>\ntexture\n<img decoding=\"async\" src=\"https:\/\/feltkutur.com\/wp-content\/uploads\/feltvari_carmine.jpg\" alt=\"Carmine\" width=\"95\" height=\"95\" \/><br \/>\n24 Carmin\nT\u00e9l\u00e9charger <br \/>\ntexture\n<img decoding=\"async\" src=\"https:\/\/feltkutur.com\/wp-content\/uploads\/feltvari_green.jpg\" alt=\"Green\" width=\"95\" height=\"95\" \/><br \/>\n33 Vert\nT\u00e9l\u00e9charger <br \/>\ntexture\n<img decoding=\"async\" src=\"https:\/\/feltkutur.com\/wp-content\/uploads\/feltvari_blue-breeze.jpg\" alt=\"Blue Breeze\" width=\"95\" height=\"95\" \/><br \/>\n39 Brise Bleue\nT\u00e9l\u00e9charger <br \/>\ntexture\n<img decoding=\"async\" src=\"https:\/\/feltkutur.com\/wp-content\/uploads\/feltvari_sangria.jpg\" alt=\"Sangria\" width=\"95\" height=\"95\" \/><br \/>\n46 Sangria\nT\u00e9l\u00e9charger <br \/>\ntexture\n\t<iframe width=\"500\" height=\"350\" id=\"lightbeans\" src=\"https:\/\/v-api.lightbeans.com\/organizations\/alkegen\/products\/feltvari-02-camel?showFullscreenButton=true\" frameborder=\"0\"><br \/>\n        <\/iframe>\n\n","protected":false},"excerpt":{"rendered":"<p>Collection Feltv\u00e4ri Cr\u00e9ativit\u00e9.\u00a0 \u00a0 \u00a0 \u00a0 Identit\u00e9.\u00a0 \u00a0 \u00a0 \u00a0 Inspiration. Feltv\u00e4ri : l&#8217;art de cr\u00e9er des environnements tendance et vibrants Les panneaux acoustiques en polyester Feltv\u00e4ri incarne une nouvelle fa\u00e7on de concevoir les espaces : une approche o\u00f9 la couleur joue un r\u00f4le central, o\u00f9 chaque mur devient une surface expressive, o\u00f9 l&#8217;environnement lui\u2011m\u00eame [&#8230;]<\/p>\n<p><a class=\"btn btn-secondary understrap-read-more-link\" href=\"https:\/\/feltkutur.com\/fr\/collection-feltvari\/\">Read More&#8230;<\/a><\/p>\n","protected":false},"author":5,"featured_media":0,"parent":0,"menu_order":0,"comment_status":"closed","ping_status":"closed","template":"","meta":{"_seopress_robots_primary_cat":"","_seopress_titles_title":"","_seopress_titles_desc":"","_seopress_robots_index":"","footnotes":""},"class_list":["post-8471","page","type-page","status-publish"],"_links":{"self":[{"href":"https:\/\/feltkutur.com\/fr\/wp-json\/wp\/v2\/pages\/8471","targetHints":{"allow":["GET"]}}],"collection":[{"href":"https:\/\/feltkutur.com\/fr\/wp-json\/wp\/v2\/pages"}],"about":[{"href":"https:\/\/feltkutur.com\/fr\/wp-json\/wp\/v2\/types\/page"}],"author":[{"embeddable":true,"href":"https:\/\/feltkutur.com\/fr\/wp-json\/wp\/v2\/users\/5"}],"replies":[{"embeddable":true,"href":"https:\/\/feltkutur.com\/fr\/wp-json\/wp\/v2\/comments?post=8471"}],"version-history":[{"count":0,"href":"https:\/\/feltkutur.com\/fr\/wp-json\/wp\/v2\/pages\/8471\/revisions"}],"wp:attachment":[{"href":"https:\/\/feltkutur.com\/fr\/wp-json\/wp\/v2\/media?parent=8471"}],"curies":[{"name":"wp","href":"https:\/\/api.w.org\/{rel}","templated":true}]}}