{"id":8436,"date":"2026-02-12T11:02:25","date_gmt":"2026-02-12T16:02:25","guid":{"rendered":"https:\/\/feltkutur.com\/?page_id=8436"},"modified":"2026-02-12T11:16:15","modified_gmt":"2026-02-12T16:16:15","slug":"insonorisation-espace-a-aire-ouverte","status":"publish","type":"page","link":"https:\/\/feltkutur.com\/fr\/insonorisation-espace-a-aire-ouverte\/","title":{"rendered":"Insonorisation espace \u00e0 aire ouverte"},"content":{"rendered":"\n\n\t<p><strong>\u00c9glise Nouvel Horizon <\/strong><\/p>\n<h1>Des espaces \u00e0 aire ouverte repens\u00e9s pour le confort sonore<\/h1>\n\t<p>L&#8217;<strong>\u00c9glise Nouvel Horizon<\/strong> comprend deux environnements distincts ayant n\u00e9cessit\u00e9 une intervention acoustique : un espace d&#8217;\u00e9change \u00e0 aire ouverte destin\u00e9 aux rencontres communautaires et un espace de jeux plus dynamique. Dans l&#8217;espace d&#8217;\u00e9change, le bruit nuisait \u00e0 l&#8217;intelligibilit\u00e9 des conversations. Dans l&#8217;espace de jeux, le niveau sonore \u00e9lev\u00e9 influen\u00e7ait le confort global du b\u00e2timent.<\/p>\n<p>L&#8217;objectif \u00e9tait donc d&#8217;am\u00e9liorer la performance acoustique de chacun des espaces, sans modifier leur vocation ni compromettre l&#8217;esth\u00e9tique.<\/p>\n\t<h2>Les solutions acoustiques Feltk\u00fctur mises en place<\/h2>\n<br \/>\nDans l&#8217;espace d&#8217;\u00e9change \u00e0 aire ouverte, des plafonniers acoustiques de la <a href=\"https:\/\/feltkutur.com\/fr\/collection-constellation\/\"><strong>collection Constellation &#8211; mod\u00e8le Cassiope<\/strong><\/a>, dans la couleur Tan Perc\u00e9, ont \u00e9t\u00e9 int\u00e9gr\u00e9s au plafond. Ils permettent de capter efficacement les ondes sonores et de r\u00e9duire significativement la r\u00e9verb\u00e9ration tout en apportant une signature visuelle contemporaine et chaleureuse.<br \/>\nLe traitement acoustique de cette zone est compl\u00e9t\u00e9 par des panneaux acoustiques <a href=\"https:\/\/feltkutur.com\/fr\/panneaux-acoustiques-duotex\/\"><strong>D\u00fcotex 12,7 mm avec entretoises<\/strong><\/a>, dispos\u00e9s aux murs. Le gris St-S\u00e9bastien a \u00e9t\u00e9 s\u00e9lectionn\u00e9 afin d&#8217;assurer une int\u00e9gration harmonieuse au design actuel. Ces panneaux am\u00e9liorent la clart\u00e9 des \u00e9changes en r\u00e9duisant les r\u00e9flexions sonores lat\u00e9rales, tout en s&#8217;int\u00e9grant \u00e9l\u00e9gamment \u00e0 l&#8217;architecture existante.\n<p>Dans l&#8217;espace de jeux, un traitement acoustique cibl\u00e9 a \u00e9t\u00e9 appliqu\u00e9 au plafond avec des panneaux <a href=\"https:\/\/feltkutur.com\/fr\/panneaux-acoustiques-duotex\/\"><strong>D\u00fcotex<\/strong><\/a>, \u00e9galement en gris St-S\u00e9bastien. Cette intervention permet de mieux contr\u00f4ler le bruit g\u00e9n\u00e9r\u00e9 par l&#8217;activit\u00e9 et de r\u00e9duire la propagation sonore vers les autres zones du b\u00e2timent.<\/p>\n\t<p><strong>Des r\u00e9sultats concrets pour le confort sonore<\/strong><\/p>\nGr\u00e2ce \u00e0 cette approche combin\u00e9e, l&#8217;\u00c9glise Nouvel Horizon b\u00e9n\u00e9ficie d\u00e9sormais :<br \/>\n\n<ul>\n<li>D&#8217;une r\u00e9duction significative de la r\u00e9verb\u00e9ration<br \/>\n<\/li>\n<li>D&#8217;une meilleure intelligibilit\u00e9 des conversations<br \/>\n<\/li>\n<li>D&#8217;un meilleur contr\u00f4le sonore dans l&#8217;espace de jeux<br \/>\n<\/li>\n<li>D&#8217;un confort acoustique accru lors des p\u00e9riodes d&#8217;achalandage<br \/>\n<\/li>\n<li>D&#8217;une int\u00e9gration esth\u00e9tique harmonieuse aux deux environnements<br \/>\n<\/li>\n<li>De solutions acoustiques performantes et fabriqu\u00e9es au Canada<\/li>\n<\/ul>\n<p>Le r\u00e9sultat : deux espaces distincts, chacun optimis\u00e9 acoustiquement, favorisant \u00e0 la fois les \u00e9changes communautaires et les activit\u00e9s dynamiques dans un environnement plus confortable et \u00e9quilibr\u00e9.<\/p>\n\n<a href=\"https:\/\/feltkutur.com\/fr\/contactez-nous\/\" target=\"_blank\" rel=\"noopener\">contactez-nous pour votre projet acoustique !<\/a>\n\n","protected":false},"excerpt":{"rendered":"<p>\u00c9glise Nouvel Horizon Des espaces \u00e0 aire ouverte repens\u00e9s pour le confort sonore L&#8217;\u00c9glise Nouvel Horizon comprend deux environnements distincts ayant n\u00e9cessit\u00e9 une intervention acoustique : un espace d&#8217;\u00e9change \u00e0 aire ouverte destin\u00e9 aux rencontres communautaires et un espace de jeux plus dynamique. Dans l&#8217;espace d&#8217;\u00e9change, le bruit nuisait \u00e0 l&#8217;intelligibilit\u00e9 des conversations. Dans l&#8217;espace [&#8230;]<\/p>\n<p><a class=\"btn btn-secondary understrap-read-more-link\" href=\"https:\/\/feltkutur.com\/fr\/insonorisation-espace-a-aire-ouverte\/\">Read More&#8230;<\/a><\/p>\n","protected":false},"author":5,"featured_media":0,"parent":0,"menu_order":0,"comment_status":"closed","ping_status":"closed","template":"","meta":{"_seopress_robots_primary_cat":"","_seopress_titles_title":"Solutions d&#039;insonorisation design pour espace air ouverte","_seopress_titles_desc":"Fabriqu\u00e9es au Canada, les solutions acoustiques Feltk\u00fctur ont \u00e9t\u00e9 int\u00e9gr\u00e9es harmonieusement \u00e0 cet espace ouvert de rassemblement. L\u2019objectif \u00e9tait d\u2019am\u00e9liorer la performance acoustique sans modifier la fonctionnalit\u00e9 ni compromettre l\u2019esth\u00e9tique globale.","_seopress_robots_index":"","footnotes":""},"class_list":["post-8436","page","type-page","status-publish"],"_links":{"self":[{"href":"https:\/\/feltkutur.com\/fr\/wp-json\/wp\/v2\/pages\/8436","targetHints":{"allow":["GET"]}}],"collection":[{"href":"https:\/\/feltkutur.com\/fr\/wp-json\/wp\/v2\/pages"}],"about":[{"href":"https:\/\/feltkutur.com\/fr\/wp-json\/wp\/v2\/types\/page"}],"author":[{"embeddable":true,"href":"https:\/\/feltkutur.com\/fr\/wp-json\/wp\/v2\/users\/5"}],"replies":[{"embeddable":true,"href":"https:\/\/feltkutur.com\/fr\/wp-json\/wp\/v2\/comments?post=8436"}],"version-history":[{"count":0,"href":"https:\/\/feltkutur.com\/fr\/wp-json\/wp\/v2\/pages\/8436\/revisions"}],"wp:attachment":[{"href":"https:\/\/feltkutur.com\/fr\/wp-json\/wp\/v2\/media?parent=8436"}],"curies":[{"name":"wp","href":"https:\/\/api.w.org\/{rel}","templated":true}]}}