{"id":8378,"date":"2026-01-28T08:16:13","date_gmt":"2026-01-28T13:16:13","guid":{"rendered":"https:\/\/feltkutur.com\/new-member-feltkutur-team-toronto\/"},"modified":"2026-01-28T14:05:05","modified_gmt":"2026-01-28T19:05:05","slug":"new-member-feltkutur-team-toronto","status":"publish","type":"page","link":"https:\/\/feltkutur.com\/fr\/new-member-feltkutur-team-toronto\/","title":{"rendered":"New Member Feltkutur Team Toronto"},"content":{"rendered":"\n<h1>\n\t\tFeltk\u00fctur accueille Geoff Ward pour renforcer sa pr\u00e9sence en Ontario\n\t<\/h1>\n\t<p>&nbsp;<\/p>\n<p>Feltk\u00fctur est ravie d&#8217;annoncer l&#8217;arriv\u00e9e de <strong>Geoff Ward<\/strong> \u00e0 titre de repr\u00e9sentant des ventes &#8211; Produits acoustiques pour l&#8217;Ontario, avec une pr\u00e9sence particuli\u00e8rement forte \u00e0 <strong>Toronto et dans la grande r\u00e9gion du GTA<\/strong>. Cette nomination strat\u00e9gique renforce l&#8217;engagement de Feltk\u00fctur \u00e0 offrir un accompagnement expert et local aux architectes, designers, entrepreneurs et distributeurs.<\/p>\n<p>Fort d&#8217;une solide exp\u00e9rience dans les solutions acoustiques, Geoff apporte une connaissance approfondie du march\u00e9 et une approche terrain. Il collabore \u00e9troitement avec les contracteurs et sous-traitants pour proposer des solutions sur mesure et performantes, qui donnent vie \u00e0 chaque projet.<\/p>\n<h2>\n\t\tDes solutions acoustiques performantes pour vos projets \u00e0 Toronto\n\t<\/h2>\n\t<p>Les panneaux acoustiques Feltk\u00fctur allient performance sonore, design contemporain et qualit\u00e9 des mat\u00e9riaux. L&#8217;arriv\u00e9e de Geoff assure une pr\u00e9sence renforc\u00e9e en Ontario et dans le GTA, permettant aux clients de transformer leurs id\u00e9es en espaces fonctionnels, esth\u00e9tiques et parfaitement acoustiques.<\/p>\n<p>Toute l&#8217;\u00e9quipe de Feltk\u00fctur est ravie d&#8217;accueillir Geoff.<\/p>\n<p><strong>Bienvenue dans la famille Feltk\u00fctur, Geoff !<\/strong><\/p>\n\t<a href=\"https:\/\/feltkutur.com\/fr\/contactez-nous\/\" target=\"_blank\" rel=\"noopener\"><strong>Donnez vie \u00e0 vos projets acoustiques !<\/strong><br \/>\n<\/a>\n\n","protected":false},"excerpt":{"rendered":"<p>Feltk\u00fctur accueille Geoff Ward pour renforcer sa pr\u00e9sence en Ontario &nbsp; Feltk\u00fctur est ravie d&#8217;annoncer l&#8217;arriv\u00e9e de Geoff Ward \u00e0 titre de repr\u00e9sentant des ventes &#8211; Produits acoustiques pour l&#8217;Ontario, avec une pr\u00e9sence particuli\u00e8rement forte \u00e0 Toronto et dans la grande r\u00e9gion du GTA. Cette nomination strat\u00e9gique renforce l&#8217;engagement de Feltk\u00fctur \u00e0 offrir un accompagnement [&#8230;]<\/p>\n<p><a class=\"btn btn-secondary understrap-read-more-link\" href=\"https:\/\/feltkutur.com\/fr\/new-member-feltkutur-team-toronto\/\">Read More&#8230;<\/a><\/p>\n","protected":false},"author":5,"featured_media":0,"parent":0,"menu_order":0,"comment_status":"closed","ping_status":"closed","template":"","meta":{"_seopress_robots_primary_cat":"","_seopress_titles_title":"Feltk\u00fctur Strengthens Ontario Market with Acoustic Sales Representative Geoff Ward","_seopress_titles_desc":"Feltk\u00fctur is excited to announce the addition of Geoff Ward as Sales Representative - Acoustical Solutions, with a strong focus on Toronto and the Greater Toronto Area (GTA). ","_seopress_robots_index":"","footnotes":""},"class_list":["post-8378","page","type-page","status-publish"],"_links":{"self":[{"href":"https:\/\/feltkutur.com\/fr\/wp-json\/wp\/v2\/pages\/8378","targetHints":{"allow":["GET"]}}],"collection":[{"href":"https:\/\/feltkutur.com\/fr\/wp-json\/wp\/v2\/pages"}],"about":[{"href":"https:\/\/feltkutur.com\/fr\/wp-json\/wp\/v2\/types\/page"}],"author":[{"embeddable":true,"href":"https:\/\/feltkutur.com\/fr\/wp-json\/wp\/v2\/users\/5"}],"replies":[{"embeddable":true,"href":"https:\/\/feltkutur.com\/fr\/wp-json\/wp\/v2\/comments?post=8378"}],"version-history":[{"count":0,"href":"https:\/\/feltkutur.com\/fr\/wp-json\/wp\/v2\/pages\/8378\/revisions"}],"wp:attachment":[{"href":"https:\/\/feltkutur.com\/fr\/wp-json\/wp\/v2\/media?parent=8378"}],"curies":[{"name":"wp","href":"https:\/\/api.w.org\/{rel}","templated":true}]}}