{"id":8090,"date":"2025-10-01T14:11:33","date_gmt":"2025-10-01T18:11:33","guid":{"rendered":"https:\/\/feltkutur.com\/?page_id=8090"},"modified":"2025-10-01T14:11:33","modified_gmt":"2025-10-01T18:11:33","slug":"bienvenue-douglas","status":"publish","type":"page","link":"https:\/\/feltkutur.com\/fr\/bienvenue-douglas\/","title":{"rendered":"Welcome Douglas Shantz Feltk\u00fctur team"},"content":{"rendered":"\n<h1>\n\t\tBienvenue \u00e0 Douglas Shantz, nouveau membre de l&#8217;\u00e9quipe Feltk\u00fctur\n\t<\/h1>\n\t<h3>Couverture d&#8217;un nouveau territoire en tant que Repr\u00e9sentant des ventes<\/h3>\n\t<p>Nous sommes heureux d&#8217;accueillir Douglas Shantz au sein de l&#8217;\u00e9quipe Feltk\u00fctur !<\/p>\n<p>Il couvrira un nouveau territoire : le <strong>nord-est des \u00c9tats-Unis<\/strong>, une r\u00e9gion cl\u00e9 qui soutient l&#8217;<strong>expansion<\/strong> de Feltk\u00fctur et renforce notre pr\u00e9sence aupr\u00e8s de nos clients et partenaires.<\/p>\n<p>Gr\u00e2ce \u00e0 son expertise et \u00e0 son enthousiasme, Douglas jouera un r\u00f4le important dans le d\u00e9veloppement de nos solutions acoustiques et inspirera la cr\u00e9ativit\u00e9 des designers et des architectes.<\/p>\n<p>Bienvenue dans la famille Feltk\u00fctur, Douglas !<\/p>\n\t\t\t\t<img decoding=\"async\" src=\"https:\/\/feltkutur.com\/wp-content\/uploads\/Remove-background-project-3.png\" alt=\"Remove background project\" itemprop=\"image\" height=\"1625\" width=\"2000\" title=\"Remove background project\" onerror=\"this.style.display='none'\"  \/>\n\n","protected":false},"excerpt":{"rendered":"<p>Bienvenue \u00e0 Douglas Shantz, nouveau membre de l&#8217;\u00e9quipe Feltk\u00fctur Couverture d&#8217;un nouveau territoire en tant que Repr\u00e9sentant des ventes Nous sommes heureux d&#8217;accueillir Douglas Shantz au sein de l&#8217;\u00e9quipe Feltk\u00fctur ! Il couvrira un nouveau territoire : le nord-est des \u00c9tats-Unis, une r\u00e9gion cl\u00e9 qui soutient l&#8217;expansion de Feltk\u00fctur et renforce notre pr\u00e9sence aupr\u00e8s de [&#8230;]<\/p>\n<p><a class=\"btn btn-secondary understrap-read-more-link\" href=\"https:\/\/feltkutur.com\/fr\/bienvenue-douglas\/\">Read More&#8230;<\/a><\/p>\n","protected":false},"author":5,"featured_media":0,"parent":0,"menu_order":0,"comment_status":"closed","ping_status":"closed","template":"","meta":{"_seopress_robots_primary_cat":"","_seopress_titles_title":"","_seopress_titles_desc":"","_seopress_robots_index":"","footnotes":""},"class_list":["post-8090","page","type-page","status-publish"],"_links":{"self":[{"href":"https:\/\/feltkutur.com\/fr\/wp-json\/wp\/v2\/pages\/8090","targetHints":{"allow":["GET"]}}],"collection":[{"href":"https:\/\/feltkutur.com\/fr\/wp-json\/wp\/v2\/pages"}],"about":[{"href":"https:\/\/feltkutur.com\/fr\/wp-json\/wp\/v2\/types\/page"}],"author":[{"embeddable":true,"href":"https:\/\/feltkutur.com\/fr\/wp-json\/wp\/v2\/users\/5"}],"replies":[{"embeddable":true,"href":"https:\/\/feltkutur.com\/fr\/wp-json\/wp\/v2\/comments?post=8090"}],"version-history":[{"count":0,"href":"https:\/\/feltkutur.com\/fr\/wp-json\/wp\/v2\/pages\/8090\/revisions"}],"wp:attachment":[{"href":"https:\/\/feltkutur.com\/fr\/wp-json\/wp\/v2\/media?parent=8090"}],"curies":[{"name":"wp","href":"https:\/\/api.w.org\/{rel}","templated":true}]}}