{"id":7935,"date":"2025-05-16T08:56:51","date_gmt":"2025-05-16T12:56:51","guid":{"rendered":"https:\/\/feltkutur.com\/?page_id=7935"},"modified":"2025-05-16T09:00:16","modified_gmt":"2025-05-16T13:00:16","slug":"cote-des-neiges-douceur-et-eclat-2","status":"publish","type":"page","link":"https:\/\/feltkutur.com\/fr\/cote-des-neiges-douceur-et-eclat-2\/","title":{"rendered":"C\u00f4te-des-Neiges \u2014 Softness and Radiance"},"content":{"rendered":"\n<h1>\n\t\tC\u00f4te-des-Neiges &#8211; Douceur et \u00e9clat\n\t<\/h1>\n\t<style>#pano7929 div.pnlm-orientation-button {\n                    display: none;\n                }\n            .wpvr-floor-map .floor-plan-pointer.add-pulse:before {\n                border: 17px solid #cca92c;\n            }\n            @-webkit-keyframes pulse {\n                0% {\n                    -webkit-box-shadow: 0 0 0 0 rgba(204, 169, 44, 0.7);\n                }\n                70% {\n                    -webkit-box-shadow: 0 0 0 10px rgba(204, 169, 44, 0);\n                }\n                100% {\n                    -webkit-box-shadow: 0 0 0 0 rgba(204, 169, 44, 0);\n                }\n            }\n            @keyframes pulse {\n            0% {\n                -moz-box-shadow: 0 0 0 0 rgba(204, 169, 44, 0.7);\n                box-shadow: 0 0 0 0 rgba(204, 169, 44, 0.7);\n            }\n            70% {\n                -moz-box-shadow: 0 0 0 10px rgba(204, 169, 44, 0);\n                box-shadow: 0 0 0 10px rgba(204, 169, 44, 0);\n            }\n            100% {\n                -moz-box-shadow: 0 0 0 0 rgba(204, 169, 44, 0);\n                box-shadow: 0 0 0 0 rgba(204, 169, 44, 0);\n            }\n        }<\/style><div id=\"master-container\" class=\"wpvr-cardboard \" style=\"max-width:600px; width: 100%; height: 400px; border-radius:; direction:ltr; \"><div id=\"pano27929\" class=\"pano-wrap pano-left\" style=\"width: 49%; border-radius:\"><div id=\"center-pointer27929\" class=\"vr-pointer-container\"><span class=\"center-pointer\"><\/span><\/div><\/div><div id=\"pano7929\" class=\"pano-wrap pano-right\" style=\"width: 100%;\"><div class=\"explainer\" id=\"explainer7929\" style=\"display: none\"><span class=\"close-explainer-video\"><i class=\"fa fa-times\"><\/i><\/span><\/div><div class=\"wpvr-floor-map\" id=\"wpvr-floor-map7929\" style=\"display: none\"><span class=\"close-floor-map-plan\"><i class=\"fa fa-times\"><\/i><\/span><img decoding=\"async\" loading=\"lazy\" src=\"\"><\/div><div class=\"wpvr-hotspot-tweak-contents-wrapper\" style=\"display: none\"><i class=\"fa fa-times cross\" data-id=\"7929\"><\/i><div class=\"wpvr-hotspot-tweak-contents-flex\"><div class=\"wpvr-hotspot-tweak-contents\"><\/div><\/div><\/div><div class=\"custom-ifram-wrapper\" style=\"display: none;\"><i class=\"fa fa-times cross\" data-id=\"7929\"><\/i><div class=\"custom-ifram-flex\"><div class=\"custom-ifram\"><\/div><\/div><\/div><\/div><\/div><script>(function ($) {jQuery(document).ready(function() {var response = [{\"panoid\":\"pano7929\"},{\"autoLoad\":true,\"showControls\":true,\"orientationSupport\":\"false\",\"compass\":false,\"orientationOnByDefault\":false,\"mouseZoom\":true,\"draggable\":true,\"disableKeyboardCtrl\":false,\"keyboardZoom\":true,\"preview\":\"\",\"default\":{\"firstScene\":\"wINBf2zj\",\"sceneFadeDuration\":\"\"},\"scenes\":{\"wINBf2zj\":{\"type\":\"equirectangular\",\"panorama\":\"https:\\\/\\\/feltkutur.com\\\/wp-content\\\/uploads\\\/panorama-taille-reduite.png\",\"pitch\":null,\"yaw\":null,\"hfov\":100,\"maxHfov\":120,\"minHfov\":50,\"vaov\":180,\"haov\":360,\"hotSpots\":[]}}}];var scenes = response[1];if(scenes) {var scenedata = scenes.scenes;for(var i in scenedata) {var scenehotspot = scenedata[i].hotSpots;for(var i = 0; i < scenehotspot.length; i++) {if(scenehotspot[i][\"clickHandlerArgs\"] != \"\") {scenehotspot[i][\"clickHandlerFunc\"] = wpvrhotspot;}if(scenehotspot[i][\"createTooltipArgs\"] != \"\") {scenehotspot[i][\"createTooltipFunc\"] = wpvrtooltip;}}}}var panoshow7929 = pannellum.viewer(response[0][\"panoid\"], scenes);var response_duplicate = [{\"panoid\":\"pano7929\"},{\"autoLoad\":true,\"showControls\":true,\"orientationSupport\":\"false\",\"compass\":false,\"orientationOnByDefault\":false,\"mouseZoom\":true,\"draggable\":true,\"disableKeyboardCtrl\":false,\"keyboardZoom\":true,\"preview\":\"\",\"default\":{\"firstScene\":\"wINBf2zj\",\"sceneFadeDuration\":\"\"},\"scenes\":{\"wINBf2zj\":{\"type\":\"equirectangular\",\"panorama\":\"https:\\\/\\\/feltkutur.com\\\/wp-content\\\/uploads\\\/panorama-taille-reduite.png\",\"pitch\":null,\"yaw\":null,\"hfov\":100,\"maxHfov\":120,\"minHfov\":50,\"vaov\":180,\"haov\":360,\"hotSpots\":[]}},\"autoRotate\":false}];var scenes_duplicate = response_duplicate[1];if(scenes_duplicate) {var scenedata = scenes_duplicate.scenes;for(var i in scenedata) {var scenehotspot = scenedata[i].hotSpots;for(var i = 0; i < scenehotspot.length; i++) {if(scenehotspot[i][\"clickHandlerArgs\"] != \"\") {scenehotspot[i][\"clickHandlerFunc\"] = wpvrhotspot;}if(scenehotspot[i][\"createTooltipArgs\"] != \"\") {scenehotspot[i][\"createTooltipFunc\"] = wpvrtooltip;}}}}var vr_mode = \"off\";jQuery(\"#pano7929 .wpvr-floor-map .floor-plan-pointer\").on(\"click\",function(){\n           var scene_id = jQuery(this).attr(\"scene_id\");\n           panoshow7929.loadScene(scene_id)\n           jQuery(\".floor-plan-pointer\").removeClass(\"add-pulse\")\n           jQuery(this).addClass(\"add-pulse\")\n           \n        });\n        panoshow7929.on(\"mousemove\", function (data){\n            jQuery(\".add-pulse\").css({\"transform\":\"rotate(\"+data.yaw+\"deg)\"});\n        });\n    \n        const node = document.querySelector(\".add-pulse\");\n        panoshow7929.on(\"compasschange\", function (data){\n            console.log(data);\n            \/\/ const node = document.querySelector(\".add-pulse\");\n            \/\/ node.style.transform = data;\n            \/\/ jQuery(\".add-pulse\").css({\"transform\":data});\n    \n            });\n        panoshow7929.on(\"load\", function (){\n            \/\/ if(localStorage.getItem(\"vr_mode\") == \"off\") {\n            if(vr_mode == \"off\") {\n                  jQuery(\".vr-mode-title\").hide();\n                }\n             else {\n                jQuery(\"#pano27929 .pnlm-compass.pnlm-controls.pnlm-control\").css(\"display\",\"none\");\n                jQuery(\"#pano7929 .pnlm-compass.pnlm-controls.pnlm-control\").css(\"display\",\"none\");\n                jQuery(\"#pano27929 .pnlm-panorama-info\").hide();\n                jQuery(\"#pano7929 .pnlm-panorama-info\").hide();\n                jQuery(\".vr-mode-title\").show();\n             }\n            setTimeout(() => {\n                window.dispatchEvent(new Event(\"resize\"));\n            }, 200);\n\t\t\t\t\t\tif (jQuery(\"#pano7929\").children().children(\".pnlm-panorama-info:visible\").length > 0) {\n\t               jQuery(\"#controls7929\").css(\"bottom\", \"55px\");\n\t           }\n\t           else {\n\t             jQuery(\"#controls7929\").css(\"bottom\", \"5px\");\n\t           }\n\t\t\t\t\t});panoshow7929.on(\"render\", function (){\n              window.dispatchEvent(new Event(\"resize\"));\n            });\n\t\t\t\t\tif (scenes.autoRotate) {\n\t\t\t\t\t\tpanoshow7929.on(\"load\", function (){\n\t\t\t\t\t\t setTimeout(function(){ panoshow7929.startAutoRotate(scenes.autoRotate, 0); }, 3000);\n\t\t\t\t\t\t});\n\t\t\t\t\t\tpanoshow7929.on(\"scenechange\", function (){\n\t\t\t\t\t\t setTimeout(function(){ panoshow7929.startAutoRotate(scenes.autoRotate, 0); }, 3000);\n\t\t\t\t\t\t});\n\t\t\t\t\t}\n\t\t\t\t\tvar touchtime = 0;\n            jQuery(document).on(\"click\",\"#explainer_button_7929\",function() {\n                jQuery(\"#explainer7929\").slideToggle();\n            });\n    \n            jQuery(document).on(\"click\",\".close-explainer-video\",function() {\n                jQuery(this).parent(\".explainer\").hide();\n                var el_src = jQuery(\".vr-iframe\").attr(\"src\");\n                jQuery(\".vr-iframe\").attr(\"src\", el_src);\n              });\n    \n            \n            jQuery(document).on(\"click\",\"#floor_map_button_7929\",function() {\n                jQuery(\"#wpvr-floor-map7929\").toggle().removeClass(\"fullwindow\");\n              });\n        \n              jQuery(document).on(\"dblclick\",\"#wpvr-floor-map7929\",function(){\n                jQuery(this).addClass(\"fullwindow\");\n                jQuery(this).parents(\".pano-wrap\").addClass(\"show-modal\");\n              });\n              \n              jQuery(document).on(\"click\",\".close-floor-map-plan\",function() {\n                jQuery(this).parent(\".wpvr-floor-map\").hide();\n                jQuery(this).parent(\".wpvr-floor-map\").removeClass(\"fullwindow\");\n                jQuery(this).parents(\".pano-wrap\").removeClass(\"show-modal\");\n              });\n        \n            \n\t\t          jQuery(document).ready(function($){\n\t\t              jQuery(\"#sccontrols7929\").hide();\n                      jQuery(\".wpvr_slider_nav\").hide();\n\t\t              jQuery(\".vrgctrl7929\").html('<i class=\"fa fa-angle-up\"><\/i>');\n\t\t          });\n\t\t          \n\t\t          var slide7929 = \"down\";\n\t\t          jQuery(document).on(\"click\",\"#vrgcontrols7929\",function() {\n\n\t\t            if (slide7929 == \"up\") {\n\t\t              jQuery(\".vrgctrl7929\").empty();\n\t\t              jQuery(\".vrgctrl7929\").html('<i class=\"fa fa-angle-up\"><\/i>');\n\t\t              slide7929 = \"down\";\n\t\t            }\n\t\t            else {\n\t\t              jQuery(\".vrgctrl7929\").empty();\n\t\t              jQuery(\".vrgctrl7929\").html('<i class=\"fa fa-angle-down\"><\/i>');\n\t\t              slide7929 = \"up\";\n\t\t            }\n                    jQuery(\".wpvr_slider_nav\").slideToggle(); \n\t\t            jQuery(\"#sccontrols7929\").slideToggle();\n\t\t          });\n\t\t          \n            jQuery(\".elementor-tab-title\").click(function(){\n                      var element_id;\n                      var pano_id;\n                      var element_id = this.id;\n                      element_id = element_id.split(\"-\");\n                      element_id = element_id[3];\n                      jQuery(\"#elementor-tab-content-\"+element_id).find(\"#master-container\").children(\"div\").eq(1).addClass(\"awwww\");\n                      var pano_id = jQuery(\".awwww\").attr(\"id\");\n                      jQuery(\"#elementor-tab-content-\"+element_id).find(\"#master-container\").children(\"div\").eq(1).removeClass(\"awwww\");;\n                      if (pano_id != undefined) {\n                        pano_id = pano_id.split(\"o\");\n                        pano_id = pano_id[1];\n                        if (pano_id == \"7929\") {\n                          jQuery(\"#pano7929\").children(\".pnlm-render-container\").remove();\n                          jQuery(\"#pano7929\").children(\".pnlm-ui\").remove();\n                          panoshow7929 = pannellum.viewer(response[0][\"panoid\"], scenes);\n                          jQuery(\"#pano7929\").children(\".pnlm-ui\").find(\".pnlm-load-button p\").text(\"Click To Load Panorama\")\n                          setTimeout(function() {\n                                \/\/   panoshow7929.loadScene(\"wINBf2zj\");\n                                  window.dispatchEvent(new Event(\"resize\"));\n                                  if (jQuery(\"#pano7929\").children().children(\".pnlm-panorama-info:visible\").length > 0) {\n                                       jQuery(\"#controls7929\").css(\"bottom\", \"55px\");\n                                   }\n                                   else {\n                                     jQuery(\"#controls7929\").css(\"bottom\", \"5px\");\n                                   }\n                                   \n                          }, 200);\n                        }\n                      }\n            });\n        \n            jQuery(\".geodir-tab-head dd, #vr-tour-tab\").click(function(){\n              jQuery(\"#pano7929\").children(\".pnlm-render-container\").remove();\n              jQuery(\"#pano7929\").children(\".pnlm-ui\").remove();\n              panoshow7929 = pannellum.viewer(response[0][\"panoid\"], scenes);\n              setTimeout(function() {\n                      panoshow7929.loadScene(\"wINBf2zj\");\n                      window.dispatchEvent(new Event(\"resize\"));\n                      if (jQuery(\"#pano7929\").children().children(\".pnlm-panorama-info:visible\").length > 0) {\n                           jQuery(\"#controls7929\").css(\"bottom\", \"55px\");\n                       }\n                       else {\n                         jQuery(\"#controls7929\").css(\"bottom\", \"5px\");\n                       }\n              }, 200);\n            });\n        \n            jQuery(\"#pano7929\").children(\".pnlm-ui\").find(\".pnlm-load-button p\").text(\"Click To Load Panorama\")\n            jQuery(\"#pano7929 .pnlm-title-box\").on(\"mouseenter\", function(){\n                jQuery(this).attr(\"title\", jQuery(this).text());\n            });\n            jQuery(\"#pano7929 .pnlm-title-box\").on(\"mouseleave\", function(){\n                jQuery(this).removeAttr(\"title\");\n            });});})(jQuery);<\/script>\n\t<p><strong>Vivez l&#8217;exp\u00e9rience par vous-m\u00eame.!<\/strong><\/p>\nUn espace baign\u00e9 de lumi\u00e8re naturelle. Une ambiance feutr\u00e9e qui invite au calme et \u00e0 la concentration.\nIci, l&#8217;acoustique se fait discr\u00e8te &#8211; mais demeure essentielle.\nCon\u00e7ue pour envelopper les usagers dans une atmosph\u00e8re sereine, cette exp\u00e9rience immersive met en valeur la lumi\u00e8re du jour gr\u00e2ce \u00e0 des surfaces blanches \u00e9clatantes, tout en r\u00e9duisant le bruit ambiant pour un confort accru.\nLes <a href=\"https:\/\/feltkutur.com\/fr\/panneaux-acoustiques-duotex\/\"><strong>panneaux D\u00fcotex<\/strong><\/a> blancs C\u00f4te-des-Neiges se distinguent par une esth\u00e9tique \u00e9pur\u00e9e et minimaliste, qui sublime l&#8217;architecture et transforme la perception acoustique.\nLe r\u00e9sultat : un espace sensoriel parfaitement \u00e9quilibr\u00e9, o\u00f9 confort visuel et acoustique s&#8217;harmonisent naturellement.\n\n<strong data-start=\"647\" data-end=\"662\">The result:<\/strong> a perfectly balanced sensory space, where visual and acoustic comfort come together seamlessly. <br \/>\n\n\t<a href=\"https:\/\/feltkutur.com\/contact-us\/\" target=\"_blank\" rel=\"noopener\">get a quote for your project!<br \/>\n<\/a>\n\n","protected":false},"excerpt":{"rendered":"<p>C\u00f4te-des-Neiges &#8211; Douceur et \u00e9clat Vivez l&#8217;exp\u00e9rience par vous-m\u00eame.! Un espace baign\u00e9 de lumi\u00e8re naturelle. Une ambiance feutr\u00e9e qui invite au calme et \u00e0 la concentration. Ici, l&#8217;acoustique se fait discr\u00e8te &#8211; mais demeure essentielle. Con\u00e7ue pour envelopper les usagers dans une atmosph\u00e8re sereine, cette exp\u00e9rience immersive met en valeur la lumi\u00e8re du jour gr\u00e2ce [&#8230;]<\/p>\n<p><a class=\"btn btn-secondary understrap-read-more-link\" href=\"https:\/\/feltkutur.com\/fr\/cote-des-neiges-douceur-et-eclat-2\/\">Read More&#8230;<\/a><\/p>\n","protected":false},"author":5,"featured_media":0,"parent":0,"menu_order":0,"comment_status":"closed","ping_status":"closed","template":"","meta":{"_seopress_robots_primary_cat":"","_seopress_titles_title":"A space bathed in natural light. A hushed atmosphere that invites calm and focus.","_seopress_titles_desc":"The Duotex White C\u00f4te-des-Neiges panels feature a clean, minimalist aesthetic that elevates the architecture and transforms the acoustic experience.","_seopress_robots_index":"","footnotes":""},"class_list":["post-7935","page","type-page","status-publish"],"_links":{"self":[{"href":"https:\/\/feltkutur.com\/fr\/wp-json\/wp\/v2\/pages\/7935","targetHints":{"allow":["GET"]}}],"collection":[{"href":"https:\/\/feltkutur.com\/fr\/wp-json\/wp\/v2\/pages"}],"about":[{"href":"https:\/\/feltkutur.com\/fr\/wp-json\/wp\/v2\/types\/page"}],"author":[{"embeddable":true,"href":"https:\/\/feltkutur.com\/fr\/wp-json\/wp\/v2\/users\/5"}],"replies":[{"embeddable":true,"href":"https:\/\/feltkutur.com\/fr\/wp-json\/wp\/v2\/comments?post=7935"}],"version-history":[{"count":0,"href":"https:\/\/feltkutur.com\/fr\/wp-json\/wp\/v2\/pages\/7935\/revisions"}],"wp:attachment":[{"href":"https:\/\/feltkutur.com\/fr\/wp-json\/wp\/v2\/media?parent=7935"}],"curies":[{"name":"wp","href":"https:\/\/api.w.org\/{rel}","templated":true}]}}