{"id":7740,"date":"2025-03-10T10:04:16","date_gmt":"2025-03-10T14:04:16","guid":{"rendered":"https:\/\/feltkutur.com\/limportance-de-lamelioration-acoustique-dans-une-ecole-patrimoniale\/"},"modified":"2025-03-10T10:09:43","modified_gmt":"2025-03-10T14:09:43","slug":"limportance-de-lamelioration-acoustique-dans-une-ecole-patrimoniale","status":"publish","type":"page","link":"https:\/\/feltkutur.com\/fr\/limportance-de-lamelioration-acoustique-dans-une-ecole-patrimoniale\/","title":{"rendered":"L&#8217;importance de l&#8217;am\u00e9lioration acoustique dans une \u00e9cole patrimoniale"},"content":{"rendered":"\n<h1>\n\t\tL&#8217;importance de l&#8217;am\u00e9lioration acoustique dans une \u00e9cole patrimoniale\n\t<\/h1>\n\t<p>De nombreuses \u00e9coles \u00e9tablies dans des b\u00e2timents historiques font face \u00e0 un probl\u00e8me r\u00e9current : une acoustique d\u00e9ficiente qui impacte \u00e0 la fois l&#8217;apprentissage des \u00e9l\u00e8ves et la sant\u00e9 des enseignants. Ces \u00e9difices, souvent con\u00e7us avec des mat\u00e9riaux rigides comme la brique et le pl\u00e2tre, provoquent une r\u00e9verb\u00e9ration sonore excessive, rendant la communication difficile en classe.\u00a0<\/p>\n\t<p><b>Les d\u00e9fis acoustiques en milieu scolaire<\/b>\u00a0<\/p>\n<p>Une mauvaise acoustique dans une salle de classe entra\u00eene plusieurs cons\u00e9quences :\u00a0<\/p>\n<ul>\n<li data-leveltext=\"\uf0b7\" data-font=\"Symbol\" data-listid=\"1\" data-list-defn-props=\"{&quot;335552541&quot;:1,&quot;335559685&quot;:720,&quot;335559991&quot;:360,&quot;469769226&quot;:&quot;Symbol&quot;,&quot;469769242&quot;:[8226],&quot;469777803&quot;:&quot;left&quot;,&quot;469777804&quot;:&quot;\uf0b7&quot;,&quot;469777815&quot;:&quot;multilevel&quot;}\" aria-setsize=\"-1\" data-aria-posinset=\"1\" data-aria-level=\"1\">\n<p>Une fatigue vocale accrue pour les enseignants, qui doivent constamment \u00e9lever la voix.\u00a0<\/p>\n<\/li>\n<\/ul>\n<ul>\n<li data-leveltext=\"\uf0b7\" data-font=\"Symbol\" data-listid=\"1\" data-list-defn-props=\"{&quot;335552541&quot;:1,&quot;335559685&quot;:720,&quot;335559991&quot;:360,&quot;469769226&quot;:&quot;Symbol&quot;,&quot;469769242&quot;:[8226],&quot;469777803&quot;:&quot;left&quot;,&quot;469777804&quot;:&quot;\uf0b7&quot;,&quot;469777815&quot;:&quot;multilevel&quot;}\" aria-setsize=\"-1\" data-aria-posinset=\"2\" data-aria-level=\"1\">\n<p>Une diminution de la concentration des \u00e9l\u00e8ves due aux bruits ambiants amplifi\u00e9s.\u00a0<\/p>\n<\/li>\n<\/ul>\n<ul>\n<li data-leveltext=\"\uf0b7\" data-font=\"Symbol\" data-listid=\"1\" data-list-defn-props=\"{&quot;335552541&quot;:1,&quot;335559685&quot;:720,&quot;335559991&quot;:360,&quot;469769226&quot;:&quot;Symbol&quot;,&quot;469769242&quot;:[8226],&quot;469777803&quot;:&quot;left&quot;,&quot;469777804&quot;:&quot;\uf0b7&quot;,&quot;469777815&quot;:&quot;multilevel&quot;}\" aria-setsize=\"-1\" data-aria-posinset=\"3\" data-aria-level=\"1\">\n<p>Une augmentation du stress et de la difficult\u00e9 \u00e0 g\u00e9rer le groupe en raison d&#8217;un environnement bruyant.\u00a0<\/p>\n<\/li>\n<\/ul>\n<p>Lorsque l&#8217;environnement sonore est inad\u00e9quat, la qualit\u00e9 de l&#8217;enseignement et de l&#8217;apprentissage en est directement affect\u00e9e.\u00a0<\/p>\n<p><b>Les contraintes des \u00e9coles patrimoniales<\/b>\u00a0<\/p>\n<p>Dans le cas des b\u00e2timents patrimoniaux, l&#8217;ajout de plafonds suspendus traditionnels est souvent impossible. Il est primordial de pr\u00e9server l&#8217;architecture et l&#8217;esth\u00e9tique d&#8217;origine, ce qui limite les options de r\u00e9novation acoustique. Une solution adapt\u00e9e doit donc :\u00a0<\/p>\n<ul>\n<li data-leveltext=\"\uf0b7\" data-font=\"Symbol\" data-listid=\"2\" data-list-defn-props=\"{&quot;335552541&quot;:1,&quot;335559685&quot;:720,&quot;335559991&quot;:360,&quot;469769226&quot;:&quot;Symbol&quot;,&quot;469769242&quot;:[8226],&quot;469777803&quot;:&quot;left&quot;,&quot;469777804&quot;:&quot;\uf0b7&quot;,&quot;469777815&quot;:&quot;multilevel&quot;}\" aria-setsize=\"-1\" data-aria-posinset=\"1\" data-aria-level=\"1\">\n<p>Am\u00e9liorer l&#8217;acoustique sans n\u00e9cessiter de transformations majeures.\u00a0<\/p>\n<\/li>\n<\/ul>\n<ul>\n<li data-leveltext=\"\uf0b7\" data-font=\"Symbol\" data-listid=\"2\" data-list-defn-props=\"{&quot;335552541&quot;:1,&quot;335559685&quot;:720,&quot;335559991&quot;:360,&quot;469769226&quot;:&quot;Symbol&quot;,&quot;469769242&quot;:[8226],&quot;469777803&quot;:&quot;left&quot;,&quot;469777804&quot;:&quot;\uf0b7&quot;,&quot;469777815&quot;:&quot;multilevel&quot;}\" aria-setsize=\"-1\" data-aria-posinset=\"2\" data-aria-level=\"1\">\n<p>Pr\u00e9server l&#8217;int\u00e9grit\u00e9 architecturale du b\u00e2timent.\u00a0<\/p>\n<\/li>\n<\/ul>\n<ul>\n<li data-leveltext=\"\uf0b7\" data-font=\"Symbol\" data-listid=\"2\" data-list-defn-props=\"{&quot;335552541&quot;:1,&quot;335559685&quot;:720,&quot;335559991&quot;:360,&quot;469769226&quot;:&quot;Symbol&quot;,&quot;469769242&quot;:[8226],&quot;469777803&quot;:&quot;left&quot;,&quot;469777804&quot;:&quot;\uf0b7&quot;,&quot;469777815&quot;:&quot;multilevel&quot;}\" aria-setsize=\"-1\" data-aria-posinset=\"3\" data-aria-level=\"1\">\n<p>\u00catre efficace tout en \u00e9tant discr\u00e8te et r\u00e9versible.\u00a0<\/p>\n<\/li>\n<\/ul>\n<h2>\n\t\t<a href=\"https:\/\/feltkutur.com\/fr\/3d-acoustic-tool\/\" title=\"\" target=\"_self\">\n\t\t<\/a>\n\t<\/h2>\n\t<p><b>Une solution efficace : <a href=\"https:\/\/feltkutur.com\/fr\/panneaux-acoustiques-tekboard\/\">Tekboard Studio Suspendu<\/a><\/b>\u00a0<\/p>\n<p>Le <a href=\"https:\/\/feltkutur.com\/fr\/panneaux-acoustiques-tekboard\/\"><b>Tekboard Studio Suspendu<\/b><\/a> repr\u00e9sente une alternative id\u00e9ale pour corriger les probl\u00e8mes acoustiques sans alt\u00e9rer la structure du b\u00e2timent. Ce syst\u00e8me permet de :\u00a0<\/p>\n<ul>\n<li data-leveltext=\"\uf0b7\" data-font=\"Symbol\" data-listid=\"3\" data-list-defn-props=\"{&quot;335552541&quot;:1,&quot;335559685&quot;:720,&quot;335559991&quot;:360,&quot;469769226&quot;:&quot;Symbol&quot;,&quot;469769242&quot;:[8226],&quot;469777803&quot;:&quot;left&quot;,&quot;469777804&quot;:&quot;\uf0b7&quot;,&quot;469777815&quot;:&quot;multilevel&quot;}\" aria-setsize=\"-1\" data-aria-posinset=\"1\" data-aria-level=\"1\">\n<p>R\u00e9duire significativement la r\u00e9verb\u00e9ration sonore en absorbant les bruits ambiants.\u00a0<\/p>\n<\/li>\n<\/ul>\n<ul>\n<li data-leveltext=\"\uf0b7\" data-font=\"Symbol\" data-listid=\"3\" data-list-defn-props=\"{&quot;335552541&quot;:1,&quot;335559685&quot;:720,&quot;335559991&quot;:360,&quot;469769226&quot;:&quot;Symbol&quot;,&quot;469769242&quot;:[8226],&quot;469777803&quot;:&quot;left&quot;,&quot;469777804&quot;:&quot;\uf0b7&quot;,&quot;469777815&quot;:&quot;multilevel&quot;}\" aria-setsize=\"-1\" data-aria-posinset=\"2\" data-aria-level=\"1\">\n<p>Am\u00e9liorer le confort des enseignants en diminuant la fatigue vocale.\u00a0<\/p>\n<\/li>\n<\/ul>\n<ul>\n<li data-leveltext=\"\uf0b7\" data-font=\"Symbol\" data-listid=\"3\" data-list-defn-props=\"{&quot;335552541&quot;:1,&quot;335559685&quot;:720,&quot;335559991&quot;:360,&quot;469769226&quot;:&quot;Symbol&quot;,&quot;469769242&quot;:[8226],&quot;469777803&quot;:&quot;left&quot;,&quot;469777804&quot;:&quot;\uf0b7&quot;,&quot;469777815&quot;:&quot;multilevel&quot;}\" aria-setsize=\"-1\" data-aria-posinset=\"3\" data-aria-level=\"1\">\n<p>Cr\u00e9er un environnement plus propice \u00e0 la concentration et \u00e0 l&#8217;apprentissage.\u00a0<\/p>\n<\/li>\n<\/ul>\n<ul>\n<li data-leveltext=\"\uf0b7\" data-font=\"Symbol\" data-listid=\"3\" data-list-defn-props=\"{&quot;335552541&quot;:1,&quot;335559685&quot;:720,&quot;335559991&quot;:360,&quot;469769226&quot;:&quot;Symbol&quot;,&quot;469769242&quot;:[8226],&quot;469777803&quot;:&quot;left&quot;,&quot;469777804&quot;:&quot;\uf0b7&quot;,&quot;469777815&quot;:&quot;multilevel&quot;}\" aria-setsize=\"-1\" data-aria-posinset=\"4\" data-aria-level=\"1\">\n<p>\u00catre install\u00e9 sans n\u00e9cessit\u00e9 de travaux majeurs, respectant ainsi les normes de pr\u00e9servation patrimoniale.\u00a0<\/p>\n<\/li>\n<\/ul>\n<p>Gr\u00e2ce \u00e0 cette solution, il est possible d&#8217;optimiser l&#8217;acoustique des classes tout en pr\u00e9servant le cachet historique des \u00e9coles. Investir dans des solutions adapt\u00e9es permet d&#8217;am\u00e9liorer la qualit\u00e9 de l&#8217;enseignement et le bien-\u00eatre des professeurs, tout en garantissant un cadre d&#8217;apprentissage optimal pour les \u00e9l\u00e8ves.\u00a0<\/p>\n\t<a href=\"https:\/\/feltkutur.com\/fr\/contactez-nous\/\" target=\"_blank\" rel=\"noopener\">obtenez une soumission pour votre projet!<br \/>\n<\/a>\n\n","protected":false},"excerpt":{"rendered":"<p>L&#8217;importance de l&#8217;am\u00e9lioration acoustique dans une \u00e9cole patrimoniale De nombreuses \u00e9coles \u00e9tablies dans des b\u00e2timents historiques font face \u00e0 un probl\u00e8me r\u00e9current : une acoustique d\u00e9ficiente qui impacte \u00e0 la fois l&#8217;apprentissage des \u00e9l\u00e8ves et la sant\u00e9 des enseignants. Ces \u00e9difices, souvent con\u00e7us avec des mat\u00e9riaux rigides comme la brique et le pl\u00e2tre, provoquent une [&#8230;]<\/p>\n<p><a class=\"btn btn-secondary understrap-read-more-link\" href=\"https:\/\/feltkutur.com\/fr\/limportance-de-lamelioration-acoustique-dans-une-ecole-patrimoniale\/\">Read More&#8230;<\/a><\/p>\n","protected":false},"author":5,"featured_media":0,"parent":0,"menu_order":0,"comment_status":"closed","ping_status":"closed","template":"","meta":{"_seopress_robots_primary_cat":"","_seopress_titles_title":"L'importance de l'am\u00e9lioration acoustique dans une \u00e9cole patrimoniale","_seopress_titles_desc":"Investir dans des solutions adapt\u00e9es permet d\u2019am\u00e9liorer la qualit\u00e9 de l\u2019enseignement et le bien-\u00eatre des professeurs, tout en garantissant un cadre d\u2019apprentissage optimal pour les \u00e9l\u00e8ves. ","_seopress_robots_index":"","footnotes":""},"class_list":["post-7740","page","type-page","status-publish"],"_links":{"self":[{"href":"https:\/\/feltkutur.com\/fr\/wp-json\/wp\/v2\/pages\/7740","targetHints":{"allow":["GET"]}}],"collection":[{"href":"https:\/\/feltkutur.com\/fr\/wp-json\/wp\/v2\/pages"}],"about":[{"href":"https:\/\/feltkutur.com\/fr\/wp-json\/wp\/v2\/types\/page"}],"author":[{"embeddable":true,"href":"https:\/\/feltkutur.com\/fr\/wp-json\/wp\/v2\/users\/5"}],"replies":[{"embeddable":true,"href":"https:\/\/feltkutur.com\/fr\/wp-json\/wp\/v2\/comments?post=7740"}],"version-history":[{"count":0,"href":"https:\/\/feltkutur.com\/fr\/wp-json\/wp\/v2\/pages\/7740\/revisions"}],"wp:attachment":[{"href":"https:\/\/feltkutur.com\/fr\/wp-json\/wp\/v2\/media?parent=7740"}],"curies":[{"name":"wp","href":"https:\/\/api.w.org\/{rel}","templated":true}]}}