{"id":7671,"date":"2025-02-04T08:42:13","date_gmt":"2025-02-04T13:42:13","guid":{"rendered":"https:\/\/feltkutur.com\/?page_id=7671"},"modified":"2025-05-16T09:02:45","modified_gmt":"2025-05-16T13:02:45","slug":"environnements-immersifs","status":"publish","type":"page","link":"https:\/\/feltkutur.com\/fr\/environnements-immersifs\/","title":{"rendered":"Environnements immersifs"},"content":{"rendered":"\n<h1>\n\t\tD\u00e9couvrez nos solutions acoustiques dans ces environnements immersifs\n\t<\/h1>\n\t\t\t\t<a href=\"https:\/\/feltkutur.com\/fr\/cote-des-neiges-douceur-et-eclat-2\/\" target=\"_self\" itemprop=\"url\">\n\t\t\t\t<img decoding=\"async\" src=\"https:\/\/feltkutur.com\/wp-content\/uploads\/2560X1707-2.png\" alt=\"2560X1707 - 2\" itemprop=\"image\" height=\"1707\" width=\"2560\" title=\"2560X1707 - 2\" onerror=\"this.style.display='none'\"  \/>\n\t\t\t\t<\/a>\n<h3><a href=\"https:\/\/feltkutur.com\/fr\/cote-des-neiges-douceur-et-eclat-2\/\" target=\"_self\">C\u00f4te-des-Neiges &#8211; Douceur et \u00e9clat<\/a><\/h3><p>Un espace baign\u00e9 de lumi\u00e8re naturelle. Une ambiance feutr\u00e9e qui invite au calme et \u00e0 la concentration.<\/p>\n<a href=\"https:\/\/feltkutur.com\/fr\/cote-des-neiges-douceur-et-eclat-2\/\"  target=\"_self\">Cliquez ici<\/a>\t\n\t\t\t\t<a href=\"https:\/\/feltkutur.com\/fr\/entrez-dans-lespace-de-travail-de-demain\/\" target=\"_self\" itemprop=\"url\">\n\t\t\t\t<img decoding=\"async\" src=\"https:\/\/feltkutur.com\/wp-content\/uploads\/2560-X-1707.png\" alt=\"2560 X 1707\" itemprop=\"image\" height=\"1707\" width=\"2560\" title=\"2560 X 1707\" onerror=\"this.style.display='none'\"  \/>\n\t\t\t\t<\/a>\n<h3><a href=\"https:\/\/feltkutur.com\/fr\/entrez-dans-lespace-de-travail-de-demain\/\" target=\"_self\">Entrez dans l&#8217;espace de travail de demain<\/a><\/h3><p>En parcourant cette visite virtuelle, ressentez l&#8217;impact d&#8217;un am\u00e9nagement acoustique pens\u00e9 pour le bien-\u00eatre et la performance.\u00a0<\/p>\n<a href=\"https:\/\/feltkutur.com\/fr\/entrez-dans-lespace-de-travail-de-demain\/\"  target=\"_self\">Cliquez ici<\/a>\t\n\t\t\t\t<a href=\"https:\/\/feltkutur.com\/fr\/plongez-dans-une-experience-sensorielle-unique\/\" target=\"_self\" itemprop=\"url\">\n\t\t\t\t<img decoding=\"async\" src=\"https:\/\/feltkutur.com\/wp-content\/uploads\/1707.png\" alt=\"1707\" itemprop=\"image\" height=\"1707\" width=\"2560\" title=\"1707\" onerror=\"this.style.display='none'\"  \/>\n\t\t\t\t<\/a>\n<h3><a href=\"https:\/\/feltkutur.com\/fr\/plongez-dans-une-experience-sensorielle-unique\/\" target=\"_self\">Plongez dans une exp\u00e9rience sensorielle<\/a><\/h3><p>En parcourant cette visite virtuelle immersive, ressentez l&#8217;impact d&#8217;un environnement acoustiquement optimis\u00e9.<\/p>\n<a href=\"https:\/\/feltkutur.com\/fr\/plongez-dans-une-experience-sensorielle-unique\/\"  target=\"_self\">Cliquez ici<\/a>\t\n\n","protected":false},"excerpt":{"rendered":"<p>D\u00e9couvrez nos solutions acoustiques dans ces environnements immersifs C\u00f4te-des-Neiges &#8211; Douceur et \u00e9clat Un espace baign\u00e9 de lumi\u00e8re naturelle. Une ambiance feutr\u00e9e qui invite au calme et \u00e0 la concentration. Cliquez ici Entrez dans l&#8217;espace de travail de demain En parcourant cette visite virtuelle, ressentez l&#8217;impact d&#8217;un am\u00e9nagement acoustique pens\u00e9 pour le bien-\u00eatre et la [&#8230;]<\/p>\n<p><a class=\"btn btn-secondary understrap-read-more-link\" href=\"https:\/\/feltkutur.com\/fr\/environnements-immersifs\/\">Read More&#8230;<\/a><\/p>\n","protected":false},"author":5,"featured_media":0,"parent":0,"menu_order":0,"comment_status":"closed","ping_status":"closed","template":"","meta":{"_seopress_robots_primary_cat":"","_seopress_titles_title":"Environnements immersifs pour d\u00e9couvrir nos modules acoustiques","_seopress_titles_desc":"Environnements immersifs pour d\u00e9couvrir nos solutions acoustiques. Plongez dans l&#039;univers Feltk\u00fctur afin de d\u00e9couvrir nos solutions acoustiques contre le bruit.","_seopress_robots_index":"","footnotes":""},"class_list":["post-7671","page","type-page","status-publish"],"_links":{"self":[{"href":"https:\/\/feltkutur.com\/fr\/wp-json\/wp\/v2\/pages\/7671","targetHints":{"allow":["GET"]}}],"collection":[{"href":"https:\/\/feltkutur.com\/fr\/wp-json\/wp\/v2\/pages"}],"about":[{"href":"https:\/\/feltkutur.com\/fr\/wp-json\/wp\/v2\/types\/page"}],"author":[{"embeddable":true,"href":"https:\/\/feltkutur.com\/fr\/wp-json\/wp\/v2\/users\/5"}],"replies":[{"embeddable":true,"href":"https:\/\/feltkutur.com\/fr\/wp-json\/wp\/v2\/comments?post=7671"}],"version-history":[{"count":0,"href":"https:\/\/feltkutur.com\/fr\/wp-json\/wp\/v2\/pages\/7671\/revisions"}],"wp:attachment":[{"href":"https:\/\/feltkutur.com\/fr\/wp-json\/wp\/v2\/media?parent=7671"}],"curies":[{"name":"wp","href":"https:\/\/api.w.org\/{rel}","templated":true}]}}