{"id":7665,"date":"2025-02-03T14:48:19","date_gmt":"2025-02-03T19:48:19","guid":{"rendered":"https:\/\/feltkutur.com\/entrez-dans-lespace-de-travail-de-demain\/"},"modified":"2025-02-04T08:57:42","modified_gmt":"2025-02-04T13:57:42","slug":"entrez-dans-lespace-de-travail-de-demain","status":"publish","type":"page","link":"https:\/\/feltkutur.com\/fr\/entrez-dans-lespace-de-travail-de-demain\/","title":{"rendered":"Entrez dans l\u2019espace de travail de demain"},"content":{"rendered":"\n<h1>\n\t\tEntrez dans l&#8217;espace de travail de demain\n\t<\/h1>\n\t<style>#pano7662 div.pnlm-orientation-button {\n                    display: none;\n                }\n            .wpvr-floor-map .floor-plan-pointer.add-pulse:before {\n                border: 17px solid #cca92c;\n            }\n            @-webkit-keyframes pulse {\n                0% {\n                    -webkit-box-shadow: 0 0 0 0 rgba(204, 169, 44, 0.7);\n                }\n                70% {\n                    -webkit-box-shadow: 0 0 0 10px rgba(204, 169, 44, 0);\n                }\n                100% {\n                    -webkit-box-shadow: 0 0 0 0 rgba(204, 169, 44, 0);\n                }\n            }\n            @keyframes pulse {\n            0% {\n                -moz-box-shadow: 0 0 0 0 rgba(204, 169, 44, 0.7);\n                box-shadow: 0 0 0 0 rgba(204, 169, 44, 0.7);\n            }\n            70% {\n                -moz-box-shadow: 0 0 0 10px rgba(204, 169, 44, 0);\n                box-shadow: 0 0 0 10px rgba(204, 169, 44, 0);\n            }\n            100% {\n                -moz-box-shadow: 0 0 0 0 rgba(204, 169, 44, 0);\n                box-shadow: 0 0 0 0 rgba(204, 169, 44, 0);\n            }\n        }<\/style><div id=\"master-container\" class=\"wpvr-cardboard \" style=\"max-width:600px; width: 100%; height: 400px; border-radius:; direction:ltr; \"><div id=\"pano27662\" class=\"pano-wrap pano-left\" style=\"width: 49%; border-radius:\"><div id=\"center-pointer27662\" class=\"vr-pointer-container\"><span class=\"center-pointer\"><\/span><\/div><\/div><div id=\"pano7662\" class=\"pano-wrap pano-right\" style=\"width: 100%;\"><div class=\"explainer\" id=\"explainer7662\" style=\"display: none\"><span class=\"close-explainer-video\"><i class=\"fa fa-times\"><\/i><\/span><\/div><div class=\"wpvr-floor-map\" id=\"wpvr-floor-map7662\" style=\"display: none\"><span class=\"close-floor-map-plan\"><i class=\"fa fa-times\"><\/i><\/span><img decoding=\"async\" loading=\"lazy\" src=\"\"><\/div><div class=\"wpvr-hotspot-tweak-contents-wrapper\" style=\"display: none\"><i class=\"fa fa-times cross\" data-id=\"7662\"><\/i><div class=\"wpvr-hotspot-tweak-contents-flex\"><div class=\"wpvr-hotspot-tweak-contents\"><\/div><\/div><\/div><div class=\"custom-ifram-wrapper\" style=\"display: none;\"><i class=\"fa fa-times cross\" data-id=\"7662\"><\/i><div class=\"custom-ifram-flex\"><div class=\"custom-ifram\"><\/div><\/div><\/div><\/div><\/div><script>(function ($) {jQuery(document).ready(function() {var response = [{\"panoid\":\"pano7662\"},{\"autoLoad\":true,\"showControls\":true,\"orientationSupport\":\"false\",\"compass\":false,\"orientationOnByDefault\":false,\"mouseZoom\":true,\"draggable\":true,\"disableKeyboardCtrl\":false,\"keyboardZoom\":true,\"preview\":\"\",\"default\":{\"firstScene\":\"BvMkHXbL\",\"sceneFadeDuration\":\"\"},\"scenes\":{\"BvMkHXbL\":{\"type\":\"equirectangular\",\"panorama\":\"https:\\\/\\\/feltkutur.com\\\/wp-content\\\/uploads\\\/360-render-2-1.png\",\"pitch\":null,\"yaw\":null,\"hfov\":100,\"maxHfov\":120,\"minHfov\":50,\"vaov\":180,\"haov\":360,\"hotSpots\":[]}}}];var scenes = response[1];if(scenes) {var scenedata = scenes.scenes;for(var i in scenedata) {var scenehotspot = scenedata[i].hotSpots;for(var i = 0; i < scenehotspot.length; i++) {if(scenehotspot[i][\"clickHandlerArgs\"] != \"\") {scenehotspot[i][\"clickHandlerFunc\"] = wpvrhotspot;}if(scenehotspot[i][\"createTooltipArgs\"] != \"\") {scenehotspot[i][\"createTooltipFunc\"] = wpvrtooltip;}}}}var panoshow7662 = pannellum.viewer(response[0][\"panoid\"], scenes);var response_duplicate = [{\"panoid\":\"pano7662\"},{\"autoLoad\":true,\"showControls\":true,\"orientationSupport\":\"false\",\"compass\":false,\"orientationOnByDefault\":false,\"mouseZoom\":true,\"draggable\":true,\"disableKeyboardCtrl\":false,\"keyboardZoom\":true,\"preview\":\"\",\"default\":{\"firstScene\":\"BvMkHXbL\",\"sceneFadeDuration\":\"\"},\"scenes\":{\"BvMkHXbL\":{\"type\":\"equirectangular\",\"panorama\":\"https:\\\/\\\/feltkutur.com\\\/wp-content\\\/uploads\\\/360-render-2-1.png\",\"pitch\":null,\"yaw\":null,\"hfov\":100,\"maxHfov\":120,\"minHfov\":50,\"vaov\":180,\"haov\":360,\"hotSpots\":[]}},\"autoRotate\":false}];var scenes_duplicate = response_duplicate[1];if(scenes_duplicate) {var scenedata = scenes_duplicate.scenes;for(var i in scenedata) {var scenehotspot = scenedata[i].hotSpots;for(var i = 0; i < scenehotspot.length; i++) {if(scenehotspot[i][\"clickHandlerArgs\"] != \"\") {scenehotspot[i][\"clickHandlerFunc\"] = wpvrhotspot;}if(scenehotspot[i][\"createTooltipArgs\"] != \"\") {scenehotspot[i][\"createTooltipFunc\"] = wpvrtooltip;}}}}var vr_mode = \"off\";jQuery(\"#pano7662 .wpvr-floor-map .floor-plan-pointer\").on(\"click\",function(){\n           var scene_id = jQuery(this).attr(\"scene_id\");\n           panoshow7662.loadScene(scene_id)\n           jQuery(\".floor-plan-pointer\").removeClass(\"add-pulse\")\n           jQuery(this).addClass(\"add-pulse\")\n           \n        });\n        panoshow7662.on(\"mousemove\", function (data){\n            jQuery(\".add-pulse\").css({\"transform\":\"rotate(\"+data.yaw+\"deg)\"});\n        });\n    \n        const node = document.querySelector(\".add-pulse\");\n        panoshow7662.on(\"compasschange\", function (data){\n            console.log(data);\n            \/\/ const node = document.querySelector(\".add-pulse\");\n            \/\/ node.style.transform = data;\n            \/\/ jQuery(\".add-pulse\").css({\"transform\":data});\n    \n            });\n        panoshow7662.on(\"load\", function (){\n            \/\/ if(localStorage.getItem(\"vr_mode\") == \"off\") {\n            if(vr_mode == \"off\") {\n                  jQuery(\".vr-mode-title\").hide();\n                }\n             else {\n                jQuery(\"#pano27662 .pnlm-compass.pnlm-controls.pnlm-control\").css(\"display\",\"none\");\n                jQuery(\"#pano7662 .pnlm-compass.pnlm-controls.pnlm-control\").css(\"display\",\"none\");\n                jQuery(\"#pano27662 .pnlm-panorama-info\").hide();\n                jQuery(\"#pano7662 .pnlm-panorama-info\").hide();\n                jQuery(\".vr-mode-title\").show();\n             }\n            setTimeout(() => {\n                window.dispatchEvent(new Event(\"resize\"));\n            }, 200);\n\t\t\t\t\t\tif (jQuery(\"#pano7662\").children().children(\".pnlm-panorama-info:visible\").length > 0) {\n\t               jQuery(\"#controls7662\").css(\"bottom\", \"55px\");\n\t           }\n\t           else {\n\t             jQuery(\"#controls7662\").css(\"bottom\", \"5px\");\n\t           }\n\t\t\t\t\t});panoshow7662.on(\"render\", function (){\n              window.dispatchEvent(new Event(\"resize\"));\n            });\n\t\t\t\t\tif (scenes.autoRotate) {\n\t\t\t\t\t\tpanoshow7662.on(\"load\", function (){\n\t\t\t\t\t\t setTimeout(function(){ panoshow7662.startAutoRotate(scenes.autoRotate, 0); }, 3000);\n\t\t\t\t\t\t});\n\t\t\t\t\t\tpanoshow7662.on(\"scenechange\", function (){\n\t\t\t\t\t\t setTimeout(function(){ panoshow7662.startAutoRotate(scenes.autoRotate, 0); }, 3000);\n\t\t\t\t\t\t});\n\t\t\t\t\t}\n\t\t\t\t\tvar touchtime = 0;\n            jQuery(document).on(\"click\",\"#explainer_button_7662\",function() {\n                jQuery(\"#explainer7662\").slideToggle();\n            });\n    \n            jQuery(document).on(\"click\",\".close-explainer-video\",function() {\n                jQuery(this).parent(\".explainer\").hide();\n                var el_src = jQuery(\".vr-iframe\").attr(\"src\");\n                jQuery(\".vr-iframe\").attr(\"src\", el_src);\n              });\n    \n            \n            jQuery(document).on(\"click\",\"#floor_map_button_7662\",function() {\n                jQuery(\"#wpvr-floor-map7662\").toggle().removeClass(\"fullwindow\");\n              });\n        \n              jQuery(document).on(\"dblclick\",\"#wpvr-floor-map7662\",function(){\n                jQuery(this).addClass(\"fullwindow\");\n                jQuery(this).parents(\".pano-wrap\").addClass(\"show-modal\");\n              });\n              \n              jQuery(document).on(\"click\",\".close-floor-map-plan\",function() {\n                jQuery(this).parent(\".wpvr-floor-map\").hide();\n                jQuery(this).parent(\".wpvr-floor-map\").removeClass(\"fullwindow\");\n                jQuery(this).parents(\".pano-wrap\").removeClass(\"show-modal\");\n              });\n        \n            \n\t\t          jQuery(document).ready(function($){\n\t\t              jQuery(\"#sccontrols7662\").hide();\n                      jQuery(\".wpvr_slider_nav\").hide();\n\t\t              jQuery(\".vrgctrl7662\").html('<i class=\"fa fa-angle-up\"><\/i>');\n\t\t          });\n\t\t          \n\t\t          var slide7662 = \"down\";\n\t\t          jQuery(document).on(\"click\",\"#vrgcontrols7662\",function() {\n\n\t\t            if (slide7662 == \"up\") {\n\t\t              jQuery(\".vrgctrl7662\").empty();\n\t\t              jQuery(\".vrgctrl7662\").html('<i class=\"fa fa-angle-up\"><\/i>');\n\t\t              slide7662 = \"down\";\n\t\t            }\n\t\t            else {\n\t\t              jQuery(\".vrgctrl7662\").empty();\n\t\t              jQuery(\".vrgctrl7662\").html('<i class=\"fa fa-angle-down\"><\/i>');\n\t\t              slide7662 = \"up\";\n\t\t            }\n                    jQuery(\".wpvr_slider_nav\").slideToggle(); \n\t\t            jQuery(\"#sccontrols7662\").slideToggle();\n\t\t          });\n\t\t          \n            jQuery(\".elementor-tab-title\").click(function(){\n                      var element_id;\n                      var pano_id;\n                      var element_id = this.id;\n                      element_id = element_id.split(\"-\");\n                      element_id = element_id[3];\n                      jQuery(\"#elementor-tab-content-\"+element_id).find(\"#master-container\").children(\"div\").eq(1).addClass(\"awwww\");\n                      var pano_id = jQuery(\".awwww\").attr(\"id\");\n                      jQuery(\"#elementor-tab-content-\"+element_id).find(\"#master-container\").children(\"div\").eq(1).removeClass(\"awwww\");;\n                      if (pano_id != undefined) {\n                        pano_id = pano_id.split(\"o\");\n                        pano_id = pano_id[1];\n                        if (pano_id == \"7662\") {\n                          jQuery(\"#pano7662\").children(\".pnlm-render-container\").remove();\n                          jQuery(\"#pano7662\").children(\".pnlm-ui\").remove();\n                          panoshow7662 = pannellum.viewer(response[0][\"panoid\"], scenes);\n                          jQuery(\"#pano7662\").children(\".pnlm-ui\").find(\".pnlm-load-button p\").text(\"Click To Load Panorama\")\n                          setTimeout(function() {\n                                \/\/   panoshow7662.loadScene(\"BvMkHXbL\");\n                                  window.dispatchEvent(new Event(\"resize\"));\n                                  if (jQuery(\"#pano7662\").children().children(\".pnlm-panorama-info:visible\").length > 0) {\n                                       jQuery(\"#controls7662\").css(\"bottom\", \"55px\");\n                                   }\n                                   else {\n                                     jQuery(\"#controls7662\").css(\"bottom\", \"5px\");\n                                   }\n                                   \n                          }, 200);\n                        }\n                      }\n            });\n        \n            jQuery(\".geodir-tab-head dd, #vr-tour-tab\").click(function(){\n              jQuery(\"#pano7662\").children(\".pnlm-render-container\").remove();\n              jQuery(\"#pano7662\").children(\".pnlm-ui\").remove();\n              panoshow7662 = pannellum.viewer(response[0][\"panoid\"], scenes);\n              setTimeout(function() {\n                      panoshow7662.loadScene(\"BvMkHXbL\");\n                      window.dispatchEvent(new Event(\"resize\"));\n                      if (jQuery(\"#pano7662\").children().children(\".pnlm-panorama-info:visible\").length > 0) {\n                           jQuery(\"#controls7662\").css(\"bottom\", \"55px\");\n                       }\n                       else {\n                         jQuery(\"#controls7662\").css(\"bottom\", \"5px\");\n                       }\n              }, 200);\n            });\n        \n            jQuery(\"#pano7662\").children(\".pnlm-ui\").find(\".pnlm-load-button p\").text(\"Click To Load Panorama\")\n            jQuery(\"#pano7662 .pnlm-title-box\").on(\"mouseenter\", function(){\n                jQuery(this).attr(\"title\", jQuery(this).text());\n            });\n            jQuery(\"#pano7662 .pnlm-title-box\").on(\"mouseleave\", function(){\n                jQuery(this).removeAttr(\"title\");\n            });});})(jQuery);<\/script>\n\t<p><strong>Plongez dans une exp\u00e9rience immersive<\/strong><\/p>\n<p>En parcourant cette visite virtuelle, ressentez l&#8217;impact d&#8217;un am\u00e9nagement acoustique pens\u00e9 pour le bien-\u00eatre et la performance. D\u00e9couvrez comment chaque d\u00e9tail, du mobilier aux solutions <strong><a href=\"https:\/\/feltkutur.com\/fr\/\">Feltk\u00fctur<\/a><\/strong>, transforme votre espace en un v\u00e9ritable levier d&#8217;innovation.<\/p>\n<p>Un bureau baign\u00e9 de lumi\u00e8re, un design \u00e9pur\u00e9 et une acoustique parfaitement ma\u00eetris\u00e9e : d\u00e9couvrez l&#8217;environnement id\u00e9al pour une startup en pleine expansion.<\/p>\n\t<strong>Pourquoi optimiser votre espace avec Feltk\u00fctur ?<br \/>\n<\/strong>\n<p>-Une ambiance de travail propice \u00e0 la concentration &#8211; les <a href=\"https:\/\/feltkutur.com\/fr\/plafonniers-acoustiques-quadra\/\"><strong>TEKBOARD QUADRA<\/strong><\/a> suspendus absorbent le bruit, favorisant un environnement calme et productif.<\/p>\n<p>-Un design \u00e0 la hauteur de votre ambition &#8211; les <strong><a href=\"https:\/\/feltkutur.com\/fr\/tekboard-studio\/\">TEKBOARD STUDIO<\/a><\/strong> et le mur AMOS de la <strong><a href=\"https:\/\/feltkutur.com\/fr\/solution-acoustique-collection-horizon\/\">collection HORIZON<\/a><\/strong> ajoutent une signature esth\u00e9tique forte.<\/p>\n<p>-Un espace modulable et inspirant &#8211; Dans la zone lunch\/bar, les solutions <strong><a href=\"https:\/\/feltkutur.com\/fr\/\">Feltk\u00fctur<\/a><\/strong> cr\u00e9ent une atmosph\u00e8re chaleureuse et conviviale.<\/p>\n\t<a href=\"https:\/\/feltkutur.com\/fr\/contactez-nous\/\" target=\"_blank\" rel=\"noopener\">obtenez un prix pour votre projet!<br \/>\n<\/a>\n\n","protected":false},"excerpt":{"rendered":"<p>Entrez dans l&#8217;espace de travail de demain Plongez dans une exp\u00e9rience immersive En parcourant cette visite virtuelle, ressentez l&#8217;impact d&#8217;un am\u00e9nagement acoustique pens\u00e9 pour le bien-\u00eatre et la performance. D\u00e9couvrez comment chaque d\u00e9tail, du mobilier aux solutions Feltk\u00fctur, transforme votre espace en un v\u00e9ritable levier d&#8217;innovation. Un bureau baign\u00e9 de lumi\u00e8re, un design \u00e9pur\u00e9 et [&#8230;]<\/p>\n<p><a class=\"btn btn-secondary understrap-read-more-link\" href=\"https:\/\/feltkutur.com\/fr\/entrez-dans-lespace-de-travail-de-demain\/\">Read More&#8230;<\/a><\/p>\n","protected":false},"author":5,"featured_media":0,"parent":0,"menu_order":0,"comment_status":"closed","ping_status":"closed","template":"","meta":{"_seopress_robots_primary_cat":"","_seopress_titles_title":"Un bureau baign\u00e9 de lumi\u00e8re, un design \u00e9pur\u00e9 et une acoustique parfaitement ma\u00eetris\u00e9e","_seopress_titles_desc":"Un bureau baign\u00e9 de lumi\u00e8re, un design \u00e9pur\u00e9 et une acoustique parfaitement ma\u00eetris\u00e9e : d\u00e9couvrez l\u2019environnement id\u00e9al pour une startup en pleine expansion.","_seopress_robots_index":"","footnotes":""},"class_list":["post-7665","page","type-page","status-publish"],"_links":{"self":[{"href":"https:\/\/feltkutur.com\/fr\/wp-json\/wp\/v2\/pages\/7665","targetHints":{"allow":["GET"]}}],"collection":[{"href":"https:\/\/feltkutur.com\/fr\/wp-json\/wp\/v2\/pages"}],"about":[{"href":"https:\/\/feltkutur.com\/fr\/wp-json\/wp\/v2\/types\/page"}],"author":[{"embeddable":true,"href":"https:\/\/feltkutur.com\/fr\/wp-json\/wp\/v2\/users\/5"}],"replies":[{"embeddable":true,"href":"https:\/\/feltkutur.com\/fr\/wp-json\/wp\/v2\/comments?post=7665"}],"version-history":[{"count":0,"href":"https:\/\/feltkutur.com\/fr\/wp-json\/wp\/v2\/pages\/7665\/revisions"}],"wp:attachment":[{"href":"https:\/\/feltkutur.com\/fr\/wp-json\/wp\/v2\/media?parent=7665"}],"curies":[{"name":"wp","href":"https:\/\/api.w.org\/{rel}","templated":true}]}}