{"id":7657,"date":"2025-02-03T13:55:27","date_gmt":"2025-02-03T18:55:27","guid":{"rendered":"https:\/\/feltkutur.com\/plongez-dans-une-experience-sensorielle-unique\/"},"modified":"2025-02-04T08:55:55","modified_gmt":"2025-02-04T13:55:55","slug":"plongez-dans-une-experience-sensorielle-unique","status":"publish","type":"page","link":"https:\/\/feltkutur.com\/fr\/plongez-dans-une-experience-sensorielle-unique\/","title":{"rendered":"Plongez dans une exp\u00e9rience sensorielle unique"},"content":{"rendered":"\n<h1>\n\t\tPlongez dans une exp\u00e9rience sensorielle unique\n\t<\/h1>\n\t<style>#pano7631 div.pnlm-orientation-button {\n                    display: none;\n                }\n            .wpvr-floor-map .floor-plan-pointer.add-pulse:before {\n                border: 17px solid #cca92c;\n            }\n            @-webkit-keyframes pulse {\n                0% {\n                    -webkit-box-shadow: 0 0 0 0 rgba(204, 169, 44, 0.7);\n                }\n                70% {\n                    -webkit-box-shadow: 0 0 0 10px rgba(204, 169, 44, 0);\n                }\n                100% {\n                    -webkit-box-shadow: 0 0 0 0 rgba(204, 169, 44, 0);\n                }\n            }\n            @keyframes pulse {\n            0% {\n                -moz-box-shadow: 0 0 0 0 rgba(204, 169, 44, 0.7);\n                box-shadow: 0 0 0 0 rgba(204, 169, 44, 0.7);\n            }\n            70% {\n                -moz-box-shadow: 0 0 0 10px rgba(204, 169, 44, 0);\n                box-shadow: 0 0 0 10px rgba(204, 169, 44, 0);\n            }\n            100% {\n                -moz-box-shadow: 0 0 0 0 rgba(204, 169, 44, 0);\n                box-shadow: 0 0 0 0 rgba(204, 169, 44, 0);\n            }\n        }<\/style><div id=\"master-container\" class=\"wpvr-cardboard \" style=\"max-width:600px; width: 100%; height: 400px; border-radius:; direction:ltr; \"><div id=\"pano27631\" class=\"pano-wrap pano-left\" style=\"width: 49%; border-radius:\"><div id=\"center-pointer27631\" class=\"vr-pointer-container\"><span class=\"center-pointer\"><\/span><\/div><\/div><div id=\"pano7631\" class=\"pano-wrap pano-right\" style=\"width: 100%;\"><div class=\"explainer\" id=\"explainer7631\" style=\"display: none\"><span class=\"close-explainer-video\"><i class=\"fa fa-times\"><\/i><\/span><\/div><div class=\"wpvr-floor-map\" id=\"wpvr-floor-map7631\" style=\"display: none\"><span class=\"close-floor-map-plan\"><i class=\"fa fa-times\"><\/i><\/span><img decoding=\"async\" loading=\"lazy\" src=\"\"><\/div><div class=\"wpvr-hotspot-tweak-contents-wrapper\" style=\"display: none\"><i class=\"fa fa-times cross\" data-id=\"7631\"><\/i><div class=\"wpvr-hotspot-tweak-contents-flex\"><div class=\"wpvr-hotspot-tweak-contents\"><\/div><\/div><\/div><div class=\"custom-ifram-wrapper\" style=\"display: none;\"><i class=\"fa fa-times cross\" data-id=\"7631\"><\/i><div class=\"custom-ifram-flex\"><div class=\"custom-ifram\"><\/div><\/div><\/div><\/div><\/div><script>(function ($) {jQuery(document).ready(function() {var response = [{\"panoid\":\"pano7631\"},{\"autoLoad\":true,\"showControls\":true,\"orientationSupport\":\"false\",\"compass\":false,\"orientationOnByDefault\":false,\"mouseZoom\":true,\"draggable\":true,\"disableKeyboardCtrl\":false,\"keyboardZoom\":true,\"preview\":\"\",\"default\":{\"firstScene\":\"PSwr7iZV\",\"sceneFadeDuration\":\"\"},\"scenes\":{\"PSwr7iZV\":{\"type\":\"equirectangular\",\"panorama\":\"https:\\\/\\\/feltkutur.com\\\/wp-content\\\/uploads\\\/Alex-360-render.png\",\"pitch\":null,\"yaw\":null,\"hfov\":100,\"maxHfov\":120,\"minHfov\":50,\"vaov\":180,\"haov\":360,\"hotSpots\":[]}}}];var scenes = response[1];if(scenes) {var scenedata = scenes.scenes;for(var i in scenedata) {var scenehotspot = scenedata[i].hotSpots;for(var i = 0; i < scenehotspot.length; i++) {if(scenehotspot[i][\"clickHandlerArgs\"] != \"\") {scenehotspot[i][\"clickHandlerFunc\"] = wpvrhotspot;}if(scenehotspot[i][\"createTooltipArgs\"] != \"\") {scenehotspot[i][\"createTooltipFunc\"] = wpvrtooltip;}}}}var panoshow7631 = pannellum.viewer(response[0][\"panoid\"], scenes);var response_duplicate = [{\"panoid\":\"pano7631\"},{\"autoLoad\":true,\"showControls\":true,\"orientationSupport\":\"false\",\"compass\":false,\"orientationOnByDefault\":false,\"mouseZoom\":true,\"draggable\":true,\"disableKeyboardCtrl\":false,\"keyboardZoom\":true,\"preview\":\"\",\"default\":{\"firstScene\":\"PSwr7iZV\",\"sceneFadeDuration\":\"\"},\"scenes\":{\"PSwr7iZV\":{\"type\":\"equirectangular\",\"panorama\":\"https:\\\/\\\/feltkutur.com\\\/wp-content\\\/uploads\\\/Alex-360-render.png\",\"pitch\":null,\"yaw\":null,\"hfov\":100,\"maxHfov\":120,\"minHfov\":50,\"vaov\":180,\"haov\":360,\"hotSpots\":[]}},\"autoRotate\":false}];var scenes_duplicate = response_duplicate[1];if(scenes_duplicate) {var scenedata = scenes_duplicate.scenes;for(var i in scenedata) {var scenehotspot = scenedata[i].hotSpots;for(var i = 0; i < scenehotspot.length; i++) {if(scenehotspot[i][\"clickHandlerArgs\"] != \"\") {scenehotspot[i][\"clickHandlerFunc\"] = wpvrhotspot;}if(scenehotspot[i][\"createTooltipArgs\"] != \"\") {scenehotspot[i][\"createTooltipFunc\"] = wpvrtooltip;}}}}var vr_mode = \"off\";jQuery(\"#pano7631 .wpvr-floor-map .floor-plan-pointer\").on(\"click\",function(){\n           var scene_id = jQuery(this).attr(\"scene_id\");\n           panoshow7631.loadScene(scene_id)\n           jQuery(\".floor-plan-pointer\").removeClass(\"add-pulse\")\n           jQuery(this).addClass(\"add-pulse\")\n           \n        });\n        panoshow7631.on(\"mousemove\", function (data){\n            jQuery(\".add-pulse\").css({\"transform\":\"rotate(\"+data.yaw+\"deg)\"});\n        });\n    \n        const node = document.querySelector(\".add-pulse\");\n        panoshow7631.on(\"compasschange\", function (data){\n            console.log(data);\n            \/\/ const node = document.querySelector(\".add-pulse\");\n            \/\/ node.style.transform = data;\n            \/\/ jQuery(\".add-pulse\").css({\"transform\":data});\n    \n            });\n        panoshow7631.on(\"load\", function (){\n            \/\/ if(localStorage.getItem(\"vr_mode\") == \"off\") {\n            if(vr_mode == \"off\") {\n                  jQuery(\".vr-mode-title\").hide();\n                }\n             else {\n                jQuery(\"#pano27631 .pnlm-compass.pnlm-controls.pnlm-control\").css(\"display\",\"none\");\n                jQuery(\"#pano7631 .pnlm-compass.pnlm-controls.pnlm-control\").css(\"display\",\"none\");\n                jQuery(\"#pano27631 .pnlm-panorama-info\").hide();\n                jQuery(\"#pano7631 .pnlm-panorama-info\").hide();\n                jQuery(\".vr-mode-title\").show();\n             }\n            setTimeout(() => {\n                window.dispatchEvent(new Event(\"resize\"));\n            }, 200);\n\t\t\t\t\t\tif (jQuery(\"#pano7631\").children().children(\".pnlm-panorama-info:visible\").length > 0) {\n\t               jQuery(\"#controls7631\").css(\"bottom\", \"55px\");\n\t           }\n\t           else {\n\t             jQuery(\"#controls7631\").css(\"bottom\", \"5px\");\n\t           }\n\t\t\t\t\t});panoshow7631.on(\"render\", function (){\n              window.dispatchEvent(new Event(\"resize\"));\n            });\n\t\t\t\t\tif (scenes.autoRotate) {\n\t\t\t\t\t\tpanoshow7631.on(\"load\", function (){\n\t\t\t\t\t\t setTimeout(function(){ panoshow7631.startAutoRotate(scenes.autoRotate, 0); }, 3000);\n\t\t\t\t\t\t});\n\t\t\t\t\t\tpanoshow7631.on(\"scenechange\", function (){\n\t\t\t\t\t\t setTimeout(function(){ panoshow7631.startAutoRotate(scenes.autoRotate, 0); }, 3000);\n\t\t\t\t\t\t});\n\t\t\t\t\t}\n\t\t\t\t\tvar touchtime = 0;\n            jQuery(document).on(\"click\",\"#explainer_button_7631\",function() {\n                jQuery(\"#explainer7631\").slideToggle();\n            });\n    \n            jQuery(document).on(\"click\",\".close-explainer-video\",function() {\n                jQuery(this).parent(\".explainer\").hide();\n                var el_src = jQuery(\".vr-iframe\").attr(\"src\");\n                jQuery(\".vr-iframe\").attr(\"src\", el_src);\n              });\n    \n            \n            jQuery(document).on(\"click\",\"#floor_map_button_7631\",function() {\n                jQuery(\"#wpvr-floor-map7631\").toggle().removeClass(\"fullwindow\");\n              });\n        \n              jQuery(document).on(\"dblclick\",\"#wpvr-floor-map7631\",function(){\n                jQuery(this).addClass(\"fullwindow\");\n                jQuery(this).parents(\".pano-wrap\").addClass(\"show-modal\");\n              });\n              \n              jQuery(document).on(\"click\",\".close-floor-map-plan\",function() {\n                jQuery(this).parent(\".wpvr-floor-map\").hide();\n                jQuery(this).parent(\".wpvr-floor-map\").removeClass(\"fullwindow\");\n                jQuery(this).parents(\".pano-wrap\").removeClass(\"show-modal\");\n              });\n        \n            \n\t\t          jQuery(document).ready(function($){\n\t\t              jQuery(\"#sccontrols7631\").hide();\n                      jQuery(\".wpvr_slider_nav\").hide();\n\t\t              jQuery(\".vrgctrl7631\").html('<i class=\"fa fa-angle-up\"><\/i>');\n\t\t          });\n\t\t          \n\t\t          var slide7631 = \"down\";\n\t\t          jQuery(document).on(\"click\",\"#vrgcontrols7631\",function() {\n\n\t\t            if (slide7631 == \"up\") {\n\t\t              jQuery(\".vrgctrl7631\").empty();\n\t\t              jQuery(\".vrgctrl7631\").html('<i class=\"fa fa-angle-up\"><\/i>');\n\t\t              slide7631 = \"down\";\n\t\t            }\n\t\t            else {\n\t\t              jQuery(\".vrgctrl7631\").empty();\n\t\t              jQuery(\".vrgctrl7631\").html('<i class=\"fa fa-angle-down\"><\/i>');\n\t\t              slide7631 = \"up\";\n\t\t            }\n                    jQuery(\".wpvr_slider_nav\").slideToggle(); \n\t\t            jQuery(\"#sccontrols7631\").slideToggle();\n\t\t          });\n\t\t          \n            jQuery(\".elementor-tab-title\").click(function(){\n                      var element_id;\n                      var pano_id;\n                      var element_id = this.id;\n                      element_id = element_id.split(\"-\");\n                      element_id = element_id[3];\n                      jQuery(\"#elementor-tab-content-\"+element_id).find(\"#master-container\").children(\"div\").eq(1).addClass(\"awwww\");\n                      var pano_id = jQuery(\".awwww\").attr(\"id\");\n                      jQuery(\"#elementor-tab-content-\"+element_id).find(\"#master-container\").children(\"div\").eq(1).removeClass(\"awwww\");;\n                      if (pano_id != undefined) {\n                        pano_id = pano_id.split(\"o\");\n                        pano_id = pano_id[1];\n                        if (pano_id == \"7631\") {\n                          jQuery(\"#pano7631\").children(\".pnlm-render-container\").remove();\n                          jQuery(\"#pano7631\").children(\".pnlm-ui\").remove();\n                          panoshow7631 = pannellum.viewer(response[0][\"panoid\"], scenes);\n                          jQuery(\"#pano7631\").children(\".pnlm-ui\").find(\".pnlm-load-button p\").text(\"Click To Load Panorama\")\n                          setTimeout(function() {\n                                \/\/   panoshow7631.loadScene(\"PSwr7iZV\");\n                                  window.dispatchEvent(new Event(\"resize\"));\n                                  if (jQuery(\"#pano7631\").children().children(\".pnlm-panorama-info:visible\").length > 0) {\n                                       jQuery(\"#controls7631\").css(\"bottom\", \"55px\");\n                                   }\n                                   else {\n                                     jQuery(\"#controls7631\").css(\"bottom\", \"5px\");\n                                   }\n                                   \n                          }, 200);\n                        }\n                      }\n            });\n        \n            jQuery(\".geodir-tab-head dd, #vr-tour-tab\").click(function(){\n              jQuery(\"#pano7631\").children(\".pnlm-render-container\").remove();\n              jQuery(\"#pano7631\").children(\".pnlm-ui\").remove();\n              panoshow7631 = pannellum.viewer(response[0][\"panoid\"], scenes);\n              setTimeout(function() {\n                      panoshow7631.loadScene(\"PSwr7iZV\");\n                      window.dispatchEvent(new Event(\"resize\"));\n                      if (jQuery(\"#pano7631\").children().children(\".pnlm-panorama-info:visible\").length > 0) {\n                           jQuery(\"#controls7631\").css(\"bottom\", \"55px\");\n                       }\n                       else {\n                         jQuery(\"#controls7631\").css(\"bottom\", \"5px\");\n                       }\n              }, 200);\n            });\n        \n            jQuery(\"#pano7631\").children(\".pnlm-ui\").find(\".pnlm-load-button p\").text(\"Click To Load Panorama\")\n            jQuery(\"#pano7631 .pnlm-title-box\").on(\"mouseenter\", function(){\n                jQuery(this).attr(\"title\", jQuery(this).text());\n            });\n            jQuery(\"#pano7631 .pnlm-title-box\").on(\"mouseleave\", function(){\n                jQuery(this).removeAttr(\"title\");\n            });});})(jQuery);<\/script>\n\t<strong>Faites l&#8217;exp\u00e9rience par vous-m\u00eame !<\/strong><br \/>\nEn parcourant cette visite virtuelle immersive, ressentez l&#8217;impact d&#8217;un environnement acoustiquement optimis\u00e9. D\u00e9couvrez comment nos solutions <a href=\"https:\/\/feltkutur.com\/fr\/\"><strong>Feltk\u00fctur<\/strong> <\/a>transforment l&#8217;ambiance, en cr\u00e9ant un espace chaleureux et accueillant.\n<p>L&#8217;acoustique joue un r\u00f4le essentiel dans l&#8217;ambiance d&#8217;un restaurant. Un espace bien ma\u00eetris\u00e9 sur le plan sonore transforme une simple visite en un moment de plaisir o\u00f9 chaque conversation devient fluide et naturelle.<\/p>\n\t<p><strong>Pourquoi investir dans l&#8217;acoustique de votre salle \u00e0 manger ?<\/strong><\/p>\n-Un confort sonore optimal &#8211; R\u00e9duisez le brouhaha ambiant pour offrir \u00e0 vos clients une atmosph\u00e8re apaisante.<br \/>\n\n-Une esth\u00e9tique sur-mesure &#8211; Les solutions Feltk\u00fctur allient design et performance acoustique pour sublimer votre espace.<br \/>\n\n<p>-Une meilleure exp\u00e9rience client &#8211; Un cadre agr\u00e9able favorise les \u00e9changes, prolonge la dur\u00e9e des repas et incite \u00e0 revenir.<\/p>\n\t<a href=\"https:\/\/feltkutur.com\/fr\/contactez-nous\/\" target=\"_blank\" rel=\"noopener\">get a quote for your project!<br \/>\n<\/a>\n\n","protected":false},"excerpt":{"rendered":"<p>Plongez dans une exp\u00e9rience sensorielle unique Faites l&#8217;exp\u00e9rience par vous-m\u00eame ! En parcourant cette visite virtuelle immersive, ressentez l&#8217;impact d&#8217;un environnement acoustiquement optimis\u00e9. D\u00e9couvrez comment nos solutions Feltk\u00fctur transforment l&#8217;ambiance, en cr\u00e9ant un espace chaleureux et accueillant. L&#8217;acoustique joue un r\u00f4le essentiel dans l&#8217;ambiance d&#8217;un restaurant. Un espace bien ma\u00eetris\u00e9 sur le plan sonore transforme [&#8230;]<\/p>\n<p><a class=\"btn btn-secondary understrap-read-more-link\" href=\"https:\/\/feltkutur.com\/fr\/plongez-dans-une-experience-sensorielle-unique\/\">Read More&#8230;<\/a><\/p>\n","protected":false},"author":5,"featured_media":0,"parent":0,"menu_order":0,"comment_status":"closed","ping_status":"closed","template":"","meta":{"_seopress_robots_primary_cat":"","_seopress_titles_title":"L\u2019acoustique joue un r\u00f4le essentiel dans l\u2019ambiance d\u2019un restaurant. ","_seopress_titles_desc":"Un espace bien ma\u00eetris\u00e9 sur le plan sonore transforme une simple visite en un moment de plaisir o\u00f9 chaque conversation devient fluide et naturelle.","_seopress_robots_index":"","footnotes":""},"class_list":["post-7657","page","type-page","status-publish"],"_links":{"self":[{"href":"https:\/\/feltkutur.com\/fr\/wp-json\/wp\/v2\/pages\/7657","targetHints":{"allow":["GET"]}}],"collection":[{"href":"https:\/\/feltkutur.com\/fr\/wp-json\/wp\/v2\/pages"}],"about":[{"href":"https:\/\/feltkutur.com\/fr\/wp-json\/wp\/v2\/types\/page"}],"author":[{"embeddable":true,"href":"https:\/\/feltkutur.com\/fr\/wp-json\/wp\/v2\/users\/5"}],"replies":[{"embeddable":true,"href":"https:\/\/feltkutur.com\/fr\/wp-json\/wp\/v2\/comments?post=7657"}],"version-history":[{"count":0,"href":"https:\/\/feltkutur.com\/fr\/wp-json\/wp\/v2\/pages\/7657\/revisions"}],"wp:attachment":[{"href":"https:\/\/feltkutur.com\/fr\/wp-json\/wp\/v2\/media?parent=7657"}],"curies":[{"name":"wp","href":"https:\/\/api.w.org\/{rel}","templated":true}]}}