{"id":7651,"date":"2025-01-30T14:40:10","date_gmt":"2025-01-30T19:40:10","guid":{"rendered":"https:\/\/feltkutur.com\/decouvrez-lespace-de-travail-ultime-pour-votre-startup-en-pleine-croissance\/"},"modified":"2025-01-30T14:51:45","modified_gmt":"2025-01-30T19:51:45","slug":"decouvrez-lespace-de-travail-ultime-pour-votre-startup-en-pleine-croissance","status":"publish","type":"page","link":"https:\/\/feltkutur.com\/fr\/decouvrez-lespace-de-travail-ultime-pour-votre-startup-en-pleine-croissance\/","title":{"rendered":"D\u00e9couvrez l&#8217;espace de travail ultime pour votre startup en pleine croissance"},"content":{"rendered":"\n<h1>\n\t\tD\u00e9couvrez l&#8217;espace de travail ultime pour votre startup en pleine croissance\n\t<\/h1>\n\t<p>Imaginez un bureau moderne, baign\u00e9 de lumi\u00e8re naturelle gr\u00e2ce \u00e0 une immense baie vitr\u00e9e qui s&#8217;\u00e9tend sur toute la longueur de l&#8217;espace. Le mobilier \u00e9pur\u00e9 et les ordinateurs de derni\u00e8re g\u00e9n\u00e9ration refl\u00e8tent votre engagement envers l&#8217;innovation et la qualit\u00e9.<\/p>\n\t<p>Transformez votre environnement de travail avec les solutions acoustiques de <strong>Feltk\u00fctur<\/strong>. Au-dessus des bureaux \u00e0 aire ouverte, les <a href=\"https:\/\/feltkutur.com\/fr\/plafonniers-acoustiques-quadra\/\"><strong>TEKBOARD QUADRA<\/strong><\/a> flottent \u00e9l\u00e9gamment, offrant une acoustique optimale et une esth\u00e9tique raffin\u00e9e. Dans la zone lunch\/bar, les <a href=\"https:\/\/feltkutur.com\/fr\/tekboard-studio\/\"><strong>TEKBOARD STUDIO<\/strong><\/a> suspendus cr\u00e9ent une ambiance conviviale et d\u00e9tendue, id\u00e9ale pour les moments de pause et de collaboration informelle.<\/p>\n<p>Les murs, orn\u00e9s de <a href=\"https:\/\/feltkutur.com\/fr\/tekboard-studio\/\"><strong>TEKBOARD STUDIO<\/strong><\/a> et du c\u00e9l\u00e8bre mur AMOS de la <a href=\"https:\/\/feltkutur.com\/fr\/solution-acoustique-collection-horizon\/\"><strong>collection HORIZON<\/strong>,<\/a> ajoutent une touche artistique et sophistiqu\u00e9e \u00e0 votre espace. Chaque \u00e9l\u00e9ment est soigneusement choisi pour refl\u00e9ter l&#8217;identit\u00e9 de votre entreprise et favoriser un environnement de travail stimulant.<\/p>\n<h2>\n\t\t<a href=\"https:\/\/feltkutur.com\/fr\/3d-acoustic-tool\/\" title=\"\" target=\"_self\">\n\t\t<\/a>\n\t<\/h2>\n\t<p>Le mur AMOS, inspir\u00e9 par l&#8217;histoire de la ville d&#8217;Amos en Abitibi, raconte une histoire captivante. Fond\u00e9e en 1914 et travers\u00e9e par la majestueuse rivi\u00e8re Harricana, Amos est connu comme le \u00ab Berceau de l&#8217;Abitibi \u00bb. Ce mur \u00e9voque cette riche histoire et sert de source d&#8217;inspiration quotidienne pour vos employ\u00e9s, les incitant \u00e0 repousser les limites de leur imagination.<\/p>\n<p>Nos produits <a href=\"https:\/\/feltkutur.com\/fr\/\"><strong>Feltk\u00fctur<\/strong><\/a> sont non seulement esth\u00e9tiques et performants, mais aussi faciles et rapides \u00e0 installer. Ils offrent une haute performance de traitement sonore, garantissant un environnement de travail calme et productif.<\/p>\n<p>Investissez dans un espace de travail qui inspire et motive. Faites le choix de <a href=\"https:\/\/feltkutur.com\/fr\/\"><strong>Feltk\u00fctur<\/strong><\/a> pour transformer votre bureau en un lieu o\u00f9 vos id\u00e9es prennent vie.<\/p>\n\t<a href=\"https:\/\/feltkutur.com\/fr\/contactez-nous\/\" target=\"_blank\" rel=\"noopener\">get a quote for your project!<br \/>\n<\/a>\n\n","protected":false},"excerpt":{"rendered":"<p>D\u00e9couvrez l&#8217;espace de travail ultime pour votre startup en pleine croissance Imaginez un bureau moderne, baign\u00e9 de lumi\u00e8re naturelle gr\u00e2ce \u00e0 une immense baie vitr\u00e9e qui s&#8217;\u00e9tend sur toute la longueur de l&#8217;espace. Le mobilier \u00e9pur\u00e9 et les ordinateurs de derni\u00e8re g\u00e9n\u00e9ration refl\u00e8tent votre engagement envers l&#8217;innovation et la qualit\u00e9. Transformez votre environnement de travail [&#8230;]<\/p>\n<p><a class=\"btn btn-secondary understrap-read-more-link\" href=\"https:\/\/feltkutur.com\/fr\/decouvrez-lespace-de-travail-ultime-pour-votre-startup-en-pleine-croissance\/\">Read More&#8230;<\/a><\/p>\n","protected":false},"author":5,"featured_media":0,"parent":0,"menu_order":0,"comment_status":"closed","ping_status":"closed","template":"","meta":{"_seopress_robots_primary_cat":"","_seopress_titles_title":"Transformez votre environnement de travail avec les solutions acoustiques de Feltk\u00fctur. ","_seopress_titles_desc":"Les murs, orn\u00e9s de TEKBOARD STUDIO et du c\u00e9l\u00e8bre mur AMOS de la collection HORIZON, ajoutent une touche artistique et sophistiqu\u00e9e \u00e0 votre espace. ","_seopress_robots_index":"","footnotes":""},"class_list":["post-7651","page","type-page","status-publish"],"_links":{"self":[{"href":"https:\/\/feltkutur.com\/fr\/wp-json\/wp\/v2\/pages\/7651","targetHints":{"allow":["GET"]}}],"collection":[{"href":"https:\/\/feltkutur.com\/fr\/wp-json\/wp\/v2\/pages"}],"about":[{"href":"https:\/\/feltkutur.com\/fr\/wp-json\/wp\/v2\/types\/page"}],"author":[{"embeddable":true,"href":"https:\/\/feltkutur.com\/fr\/wp-json\/wp\/v2\/users\/5"}],"replies":[{"embeddable":true,"href":"https:\/\/feltkutur.com\/fr\/wp-json\/wp\/v2\/comments?post=7651"}],"version-history":[{"count":0,"href":"https:\/\/feltkutur.com\/fr\/wp-json\/wp\/v2\/pages\/7651\/revisions"}],"wp:attachment":[{"href":"https:\/\/feltkutur.com\/fr\/wp-json\/wp\/v2\/media?parent=7651"}],"curies":[{"name":"wp","href":"https:\/\/api.w.org\/{rel}","templated":true}]}}