{"id":7642,"date":"2025-01-20T09:16:36","date_gmt":"2025-01-20T14:16:36","guid":{"rendered":"https:\/\/feltkutur.com\/bienvenue-a-xavier-fleriag-dans-lequipe-feltkutur-dalkegen\/"},"modified":"2025-01-20T09:18:34","modified_gmt":"2025-01-20T14:18:34","slug":"bienvenue-a-xavier-fleriag-dans-lequipe-feltkutur-dalkegen","status":"publish","type":"page","link":"https:\/\/feltkutur.com\/fr\/bienvenue-a-xavier-fleriag-dans-lequipe-feltkutur-dalkegen\/","title":{"rendered":"Bienvenue \u00e0 Xavier Fl\u00e9riag dans l&#8217;\u00e9quipe Feltk\u00fctur d&#8217;Alkegen"},"content":{"rendered":"\n<h1>\n\t\tBienvenue \u00e0 Xavier Fl\u00e9riag dans l&#8217;\u00e9quipe Feltk\u00fctur d&#8217;Alkegen\n\t<\/h1>\n\t<p>Nous sommes heureux de vous annoncer que Xavier Fl\u00e9riag a rejoint l&#8217;\u00e9quipe d&#8217;Alkegen en tant que repr\u00e9sentant des produits Feltk\u00fctur. Xavier prendra en charge le r\u00e9seau de distribution de Feltk\u00fctur au Qu\u00e9bec, une mission cl\u00e9 pour l&#8217;expansion de notre pr\u00e9sence dans cette r\u00e9gion strat\u00e9gique.<\/p>\n\t<p>En plus de soutenir activement notre r\u00e9seau de distribution, Xavier contribuera \u00e0 l&#8217;intelligence de march\u00e9, apportant ainsi un support pr\u00e9cieux \u00e0 nos \u00e9quipes de marketing et de mise en march\u00e9. Sa cr\u00e9ativit\u00e9, coupl\u00e9e \u00e0 plusieurs ann\u00e9es d&#8217;exp\u00e9rience dans l&#8217;industrie de l&#8217;architecture, fait de lui un atout indispensable pour le suivi et la croissance des opportunit\u00e9s commerciales chez Alkegen.<\/p>\n<p>Nous sommes convaincus que l&#8217;expertise et la vision de Xavier enrichiront notre \u00e9quipe et renforceront notre capacit\u00e9 \u00e0 innover et \u00e0 exceller dans un march\u00e9 comp\u00e9titif.<\/p>\n<p>Bienvenue dans notre grande \u00e9quipe, Xavier!<\/p>\n\t<a href=\"https:\/\/feltkutur.com\/fr\/contactez-nous\/\" target=\"_blank\" rel=\"noopener\">get a quote for your project!<br \/>\n<\/a>\n\n","protected":false},"excerpt":{"rendered":"<p>Bienvenue \u00e0 Xavier Fl\u00e9riag dans l&#8217;\u00e9quipe Feltk\u00fctur d&#8217;Alkegen Nous sommes heureux de vous annoncer que Xavier Fl\u00e9riag a rejoint l&#8217;\u00e9quipe d&#8217;Alkegen en tant que repr\u00e9sentant des produits Feltk\u00fctur. Xavier prendra en charge le r\u00e9seau de distribution de Feltk\u00fctur au Qu\u00e9bec, une mission cl\u00e9 pour l&#8217;expansion de notre pr\u00e9sence dans cette r\u00e9gion strat\u00e9gique. En plus de [&#8230;]<\/p>\n<p><a class=\"btn btn-secondary understrap-read-more-link\" href=\"https:\/\/feltkutur.com\/fr\/bienvenue-a-xavier-fleriag-dans-lequipe-feltkutur-dalkegen\/\">Read More&#8230;<\/a><\/p>\n","protected":false},"author":5,"featured_media":0,"parent":0,"menu_order":0,"comment_status":"closed","ping_status":"closed","template":"","meta":{"_seopress_robots_primary_cat":"","_seopress_titles_title":"Bienvenue \u00e0 Xavier Fl\u00e9riag dans l'\u00e9quipe Feltk\u00fctur d'Alkegen","_seopress_titles_desc":"Xavier prendra en charge le r\u00e9seau de distribution de Feltk\u00fctur au Qu\u00e9bec, une mission cl\u00e9 pour l'expansion de notre pr\u00e9sence dans cette r\u00e9gion strat\u00e9gique.","_seopress_robots_index":"","footnotes":""},"class_list":["post-7642","page","type-page","status-publish"],"_links":{"self":[{"href":"https:\/\/feltkutur.com\/fr\/wp-json\/wp\/v2\/pages\/7642","targetHints":{"allow":["GET"]}}],"collection":[{"href":"https:\/\/feltkutur.com\/fr\/wp-json\/wp\/v2\/pages"}],"about":[{"href":"https:\/\/feltkutur.com\/fr\/wp-json\/wp\/v2\/types\/page"}],"author":[{"embeddable":true,"href":"https:\/\/feltkutur.com\/fr\/wp-json\/wp\/v2\/users\/5"}],"replies":[{"embeddable":true,"href":"https:\/\/feltkutur.com\/fr\/wp-json\/wp\/v2\/comments?post=7642"}],"version-history":[{"count":0,"href":"https:\/\/feltkutur.com\/fr\/wp-json\/wp\/v2\/pages\/7642\/revisions"}],"wp:attachment":[{"href":"https:\/\/feltkutur.com\/fr\/wp-json\/wp\/v2\/media?parent=7642"}],"curies":[{"name":"wp","href":"https:\/\/api.w.org\/{rel}","templated":true}]}}