{"id":7641,"date":"2025-01-20T09:12:45","date_gmt":"2025-01-20T14:12:45","guid":{"rendered":"https:\/\/feltkutur.com\/bienvenue-a-mathieu-bilodeau-dans-lequipe-alkegen\/"},"modified":"2025-01-20T09:19:38","modified_gmt":"2025-01-20T14:19:38","slug":"bienvenue-a-mathieu-bilodeau-dans-lequipe-alkegen","status":"publish","type":"page","link":"https:\/\/feltkutur.com\/fr\/bienvenue-a-mathieu-bilodeau-dans-lequipe-alkegen\/","title":{"rendered":"Bienvenue \u00e0 Mathieu Bilodeau dans l&#8217;\u00e9quipe Alkegen"},"content":{"rendered":"\n<h1>\n\t\tBienvenue \u00e0 Mathieu Bilodeau dans l&#8217;\u00e9quipe Feltk\u00fctur d&#8217;Alkegen\n\t<\/h1>\n\t<p>Nous sommes ravis d&#8217;annoncer que Mathieu Bilodeau nous a rejoint en tant que repr\u00e9sentant des Mat\u00e9riaux du B\u00e2timent chez Alkegen. Fort de sa vaste exp\u00e9rience dans la vente de mat\u00e9riaux de construction, Mathieu apporte avec lui un riche savoir-faire et une compr\u00e9hension approfondie du secteur.\u00a0<\/p>\n\t<p>Dans ses nouvelles fonctions, Mathieu sera responsable des ventes de notre gamme \u00e9tendue de produits, incluant les solutions pour toitures, les sous-planchers acoustiques Ecoduo, les rev\u00eatements de sol, ainsi que la protection de fondations. Il jouera \u00e9galement un r\u00f4le cl\u00e9 dans le d\u00e9veloppement des affaires pour notre gamme Feltk\u00fctur, en collaborant \u00e9troitement avec les contracteurs pour \u00e9tendre notre pr\u00e9sence sur le march\u00e9 et renforcer les relations client\u00e8les.\u00a0<\/p>\n<p>Nous sommes convaincus que l&#8217;expertise de Mathieu sera un atout pr\u00e9cieux pour notre plateforme B\u00e2timent et contribuera significativement \u00e0 notre croissance continue.\u00a0<\/p>\n<p>Bienvenue au sein de l&#8217;\u00e9quipe Mathieu !<\/p>\n\t<a href=\"https:\/\/feltkutur.com\/fr\/contactez-nous\/\" target=\"_blank\" rel=\"noopener\">obtenez une soumission pour votre projet!<br \/>\n<\/a>\n\n","protected":false},"excerpt":{"rendered":"<p>Bienvenue \u00e0 Mathieu Bilodeau dans l&#8217;\u00e9quipe Feltk\u00fctur d&#8217;Alkegen Nous sommes ravis d&#8217;annoncer que Mathieu Bilodeau nous a rejoint en tant que repr\u00e9sentant des Mat\u00e9riaux du B\u00e2timent chez Alkegen. Fort de sa vaste exp\u00e9rience dans la vente de mat\u00e9riaux de construction, Mathieu apporte avec lui un riche savoir-faire et une compr\u00e9hension approfondie du secteur.\u00a0 Dans ses [&#8230;]<\/p>\n<p><a class=\"btn btn-secondary understrap-read-more-link\" href=\"https:\/\/feltkutur.com\/fr\/bienvenue-a-mathieu-bilodeau-dans-lequipe-alkegen\/\">Read More&#8230;<\/a><\/p>\n","protected":false},"author":5,"featured_media":0,"parent":0,"menu_order":0,"comment_status":"closed","ping_status":"closed","template":"","meta":{"_seopress_robots_primary_cat":"","_seopress_titles_title":"Bienvenue \u00e0 Mathieu Bilodeau dans l'\u00e9quipe Alkegen","_seopress_titles_desc":"Mathieu sera responsable des ventes de notre gamme \u00e9tendue de produits, incluant les solutions pour toitures, les sous-planchers acoustiques Ecoduo, les rev\u00eatements de sol, ainsi que la protection de fondations.","_seopress_robots_index":"","footnotes":""},"class_list":["post-7641","page","type-page","status-publish"],"_links":{"self":[{"href":"https:\/\/feltkutur.com\/fr\/wp-json\/wp\/v2\/pages\/7641","targetHints":{"allow":["GET"]}}],"collection":[{"href":"https:\/\/feltkutur.com\/fr\/wp-json\/wp\/v2\/pages"}],"about":[{"href":"https:\/\/feltkutur.com\/fr\/wp-json\/wp\/v2\/types\/page"}],"author":[{"embeddable":true,"href":"https:\/\/feltkutur.com\/fr\/wp-json\/wp\/v2\/users\/5"}],"replies":[{"embeddable":true,"href":"https:\/\/feltkutur.com\/fr\/wp-json\/wp\/v2\/comments?post=7641"}],"version-history":[{"count":0,"href":"https:\/\/feltkutur.com\/fr\/wp-json\/wp\/v2\/pages\/7641\/revisions"}],"wp:attachment":[{"href":"https:\/\/feltkutur.com\/fr\/wp-json\/wp\/v2\/media?parent=7641"}],"curies":[{"name":"wp","href":"https:\/\/api.w.org\/{rel}","templated":true}]}}