{"id":7506,"date":"2024-11-25T08:59:52","date_gmt":"2024-11-25T13:59:52","guid":{"rendered":"https:\/\/feltkutur.com\/feltkutur-acoustic-felt-in-a-wood-dominated-environment\/"},"modified":"2024-11-25T09:04:12","modified_gmt":"2024-11-25T14:04:12","slug":"feltkutur-acoustic-felt-in-a-wood-dominated-environment","status":"publish","type":"page","link":"https:\/\/feltkutur.com\/fr\/feltkutur-acoustic-felt-in-a-wood-dominated-environment\/","title":{"rendered":"Feltk\u00fctur Acoustic Felt in a Wood-Dominated Environment"},"content":{"rendered":"\n<h1>\n\t\tL&#8217;importance d&#8217;int\u00e9grer du feutre acoustique Feltk\u00fctur dans un environnement domin\u00e9 par le bois\n\t<\/h1>\n\t<p>Dans les espaces o\u00f9 le bois r\u00e8gne en ma\u00eetre, que ce soit pour ses qualit\u00e9s naturelles, sa chaleur visuelle ou son intemporalit\u00e9, il est crucial de veiller \u00e0 l&#8217;\u00e9quilibre acoustique. Bien que le bois soit un mat\u00e9riau noble et esth\u00e9tique, il a tendance \u00e0 r\u00e9fl\u00e9chir le son, ce qui peut engendrer une r\u00e9verb\u00e9ration excessive et nuire au confort sonore de l&#8217;espace.<\/p>\n<p>C&#8217;est ici que le feutre acoustique <a href=\"https:\/\/feltkutur.com\/fr\/\"><strong>Feltk\u00fctur<\/strong><\/a> entre en jeu. Non seulement il agit comme une solution performante pour absorber les bruits ambiants et r\u00e9duire les \u00e9chos, mais il s&#8217;int\u00e8gre \u00e9galement harmonieusement \u00e0 l&#8217;esth\u00e9tique du bois.<\/p>\n\t<p><strong>Un mariage parfait entre acoustique et esth\u00e9tique<\/strong><\/p>\n<p><a href=\"https:\/\/feltkutur.com\/fr\/\"><strong>Feltk\u00fctur<\/strong> <\/a>se distingue par sa texture douce et ses teintes vari\u00e9es, qui se marient naturellement avec les veines et la chaleur du bois. Cette combinaison permet de cr\u00e9er des environnements \u00e0 la fois \u00e9l\u00e9gants et fonctionnels, o\u00f9 l&#8217;acoustique est ma\u00eetris\u00e9e sans compromettre l&#8217;esth\u00e9tique globale. Que ce soit dans une salle de r\u00e9union, un restaurant ou un espace r\u00e9sidentiel, le feutre et le bois forment un duo gagnant qui respire le design moderne et chaleureux.<\/p>\n<p>\u00a0<\/p>\n<h2>\n\t\t<a href=\"https:\/\/feltkutur.com\/fr\/3d-acoustic-tool\/\" title=\"\" target=\"_self\" rel=\"noopener\">\n\t\t<\/a>\n\t<\/h2>\n\t<p><strong>Des bienfaits au quotidien<\/strong><\/p>\n<ul>\n<li><strong>Confort acoustique optimal<\/strong> : Le feutre r\u00e9duit efficacement les nuisances sonores, am\u00e9liorant ainsi la qualit\u00e9 des conversations et le bien-\u00eatre g\u00e9n\u00e9ral.<\/li>\n<li><strong>Ambiance apaisante<\/strong> : Gr\u00e2ce \u00e0 ses propri\u00e9t\u00e9s absorbantes, Feltk\u00fctur transforme les espaces bois\u00e9s en cocons de s\u00e9r\u00e9nit\u00e9, favorisant la concentration et la d\u00e9tente.<\/li>\n<li><strong>Polyvalence esth\u00e9tique<\/strong> : Disponible en plusieurs couleurs et finitions, il s&#8217;adapte \u00e0 tous les styles d&#8217;int\u00e9rieur, qu&#8217;ils soient rustiques, scandinaves ou contemporains.<\/li>\n<\/ul>\n<p>&nbsp;<\/p>\n<p>\u00a0<\/p>\n\t<a href=\"https:\/\/feltkutur.com\/fr\/contactez-nous\/\" target=\"_blank\" rel=\"noopener\">obtenez une soumission pour votre projet!<br \/>\n<\/a>\n\n","protected":false},"excerpt":{"rendered":"<p>L&#8217;importance d&#8217;int\u00e9grer du feutre acoustique Feltk\u00fctur dans un environnement domin\u00e9 par le bois Dans les espaces o\u00f9 le bois r\u00e8gne en ma\u00eetre, que ce soit pour ses qualit\u00e9s naturelles, sa chaleur visuelle ou son intemporalit\u00e9, il est crucial de veiller \u00e0 l&#8217;\u00e9quilibre acoustique. Bien que le bois soit un mat\u00e9riau noble et esth\u00e9tique, il a [&#8230;]<\/p>\n<p><a class=\"btn btn-secondary understrap-read-more-link\" href=\"https:\/\/feltkutur.com\/fr\/feltkutur-acoustic-felt-in-a-wood-dominated-environment\/\">Read More&#8230;<\/a><\/p>\n","protected":false},"author":5,"featured_media":0,"parent":0,"menu_order":0,"comment_status":"closed","ping_status":"closed","template":"","meta":{"_seopress_robots_primary_cat":"","_seopress_titles_title":"An acoustic alliance for total immersion at Laser Game \u00c9volution in Sainte-Foy","_seopress_titles_desc":"The teams opted for the installation of suspended Tekboard Studio panels, acoustic panels specifically designed to improve sound comfort in large spaces. ","_seopress_robots_index":"","footnotes":""},"class_list":["post-7506","page","type-page","status-publish"],"_links":{"self":[{"href":"https:\/\/feltkutur.com\/fr\/wp-json\/wp\/v2\/pages\/7506","targetHints":{"allow":["GET"]}}],"collection":[{"href":"https:\/\/feltkutur.com\/fr\/wp-json\/wp\/v2\/pages"}],"about":[{"href":"https:\/\/feltkutur.com\/fr\/wp-json\/wp\/v2\/types\/page"}],"author":[{"embeddable":true,"href":"https:\/\/feltkutur.com\/fr\/wp-json\/wp\/v2\/users\/5"}],"replies":[{"embeddable":true,"href":"https:\/\/feltkutur.com\/fr\/wp-json\/wp\/v2\/comments?post=7506"}],"version-history":[{"count":0,"href":"https:\/\/feltkutur.com\/fr\/wp-json\/wp\/v2\/pages\/7506\/revisions"}],"wp:attachment":[{"href":"https:\/\/feltkutur.com\/fr\/wp-json\/wp\/v2\/media?parent=7506"}],"curies":[{"name":"wp","href":"https:\/\/api.w.org\/{rel}","templated":true}]}}