{"id":7453,"date":"2024-11-11T15:44:36","date_gmt":"2024-11-11T20:44:36","guid":{"rendered":"https:\/\/feltkutur.com\/formations-acoustiques-de-feltkutur\/"},"modified":"2024-11-18T08:47:41","modified_gmt":"2024-11-18T13:47:41","slug":"formations-acoustiques-de-feltkutur","status":"publish","type":"page","link":"https:\/\/feltkutur.com\/fr\/formations-acoustiques-de-feltkutur\/","title":{"rendered":"Formations acoustiques de Feltk\u00fctur"},"content":{"rendered":"\n<h1>\n\t\tFormations acoustiques de Feltk\u00fctur\n\t<\/h1>\n\t<p>Notre \u00e9quipe d&#8217;experts comprend l&#8217;importance cruciale de l&#8217;acoustique dans la conception des espaces. Pour sensibiliser et \u00e9duquer les architectes et les concepteurs \u00e0 cette dimension souvent n\u00e9glig\u00e9e, nous avons mis en place des cours de formation \u00ab Lunch and Learn \u00bb.<\/p>\n\t<p><a href=\"https:\/\/feltkutur.com\/fr\/contactez-nous\/\" target=\"_blank\" rel=\"noopener\">r\u00e9server votre formation acoustique<\/a><\/p>\n\t\t\t<img decoding=\"async\" loading='false' src=\"https:\/\/feltkutur.com\/wp-content\/uploads\/s.a.a.q_020.jpg\" alt=\"\" \/>\t\t\t\n\t\t\t<img decoding=\"async\" loading='false' src=\"https:\/\/feltkutur.com\/wp-content\/uploads\/1000002868-scaled.jpg\" alt=\"\" \/>\t\t\t\n\t<p>Les sessions \u00ab Lunch and Learn \u00bb offrent une occasion unique d&#8217;acqu\u00e9rir une connaissance approfondie des principes acoustiques et de leur application dans les projets de construction et de r\u00e9novation. Au cours d&#8217;un lunch convivial, les participants d\u00e9couvriront comment les solutions acoustiques de Feltk\u00fctur peuvent transformer leurs projets en espaces fonctionnels et esth\u00e9tiques, tout en garantissant un confort sonore optimal. L&#8217;expert en acoustique sera pr\u00e9sent pour animer ces pr\u00e9sentations, permettant ainsi une interaction directe et personnalis\u00e9e avec les participants.<\/p>\n\t<p>Avec des ann\u00e9es d&#8217;exp\u00e9rience et une connaissance approfondie des mat\u00e9riaux et des technologies acoustiques, le sp\u00e9cialiste partage des conseils pr\u00e9cieux sur l&#8217;importance de l&#8217;acoustique dans diff\u00e9rents environnements, des bureaux aux espaces publics en passant par les r\u00e9sidences. Les participants apprennent \u00e0 anticiper et \u00e0 r\u00e9soudre les probl\u00e8mes acoustiques, en int\u00e9grant des solutions efficaces adapt\u00e9es \u00e0 leurs besoins, d\u00e8s les premi\u00e8res \u00e9tapes de leurs projets.<\/p>\n\t<p><a href=\"https:\/\/feltkutur.com\/fr\/contactez-nous\/\" target=\"_blank\" rel=\"noopener\">r\u00e9server votre formation acoustique<\/a><\/p>\n\t\t\t<img decoding=\"async\" loading='false' src=\"https:\/\/feltkutur.com\/wp-content\/uploads\/1000002862-scaled.jpg\" alt=\"\" \/>\t\t\t\n\t\t\t<img decoding=\"async\" loading='false' src=\"https:\/\/feltkutur.com\/wp-content\/uploads\/Feltkutur-Lasertag-5-scaled.jpg\" alt=\"\" \/>\t\t\t\n\t\t\t<img decoding=\"async\" loading='false' src=\"https:\/\/feltkutur.com\/wp-content\/uploads\/00004.png\" alt=\"\" \/>\t\t\t\n\t<p>Les sessions sont interactives et personnalis\u00e9es, permettant aux architectes et aux designers de poser des questions sp\u00e9cifiques et d&#8217;obtenir des conseils adapt\u00e9s \u00e0 leurs projets en cours. Des \u00e9tudes de cas et des d\u00e9monstrations pratiques illustrent comment les solutions acoustiques de Feltk\u00fctur peuvent \u00eatre utilis\u00e9es de mani\u00e8re cr\u00e9ative et efficace pour r\u00e9pondre \u00e0 une vari\u00e9t\u00e9 de besoins acoustiques.<\/p>\n<p>En participant aux formations en acoustique, les professionnels de la conception acqui\u00e8rent non seulement des comp\u00e9tences techniques, mais aussi une nouvelle perspective sur l&#8217;importance de l&#8217;acoustique. Ils repartent avec des id\u00e9es innovantes et des solutions concr\u00e8tes pour am\u00e9liorer la qualit\u00e9 sonore de leurs projets.<\/p>\n<p><a href=\"https:\/\/feltkutur.com\/fr\/contactez-nous\/\"><strong>Contactez Feltk\u00fctur<\/strong><\/a> pour planifier une session \u00ab Lunch and Learn \u00bb et d\u00e9couvrir comment nous pouvons vous aider \u00e0 cr\u00e9er des espaces o\u00f9 l&#8217;acoustique est une priorit\u00e9, contribuant au bien-\u00eatre et \u00e0 la satisfaction des utilisateurs. Vous obtiendrez un environnement beaucoup plus confortable sur le plan acoustique, tout en am\u00e9liorant l&#8217;esth\u00e9tique.<\/p>\n\t<p><a href=\"https:\/\/feltkutur.com\/fr\/contactez-nous\/\" target=\"_blank\" rel=\"noopener\">r\u00e9server votre formation acoustique<\/a><\/p>\n\n","protected":false},"excerpt":{"rendered":"<p>Formations acoustiques de Feltk\u00fctur Notre \u00e9quipe d&#8217;experts comprend l&#8217;importance cruciale de l&#8217;acoustique dans la conception des espaces. Pour sensibiliser et \u00e9duquer les architectes et les concepteurs \u00e0 cette dimension souvent n\u00e9glig\u00e9e, nous avons mis en place des cours de formation \u00ab Lunch and Learn \u00bb. r\u00e9server votre formation acoustique Les sessions \u00ab Lunch and Learn [&#8230;]<\/p>\n<p><a class=\"btn btn-secondary understrap-read-more-link\" href=\"https:\/\/feltkutur.com\/fr\/formations-acoustiques-de-feltkutur\/\">Read More&#8230;<\/a><\/p>\n","protected":false},"author":5,"featured_media":0,"parent":0,"menu_order":0,"comment_status":"closed","ping_status":"closed","template":"","meta":{"_seopress_robots_primary_cat":"","_seopress_titles_title":"","_seopress_titles_desc":"","_seopress_robots_index":"","footnotes":""},"class_list":["post-7453","page","type-page","status-publish"],"_links":{"self":[{"href":"https:\/\/feltkutur.com\/fr\/wp-json\/wp\/v2\/pages\/7453","targetHints":{"allow":["GET"]}}],"collection":[{"href":"https:\/\/feltkutur.com\/fr\/wp-json\/wp\/v2\/pages"}],"about":[{"href":"https:\/\/feltkutur.com\/fr\/wp-json\/wp\/v2\/types\/page"}],"author":[{"embeddable":true,"href":"https:\/\/feltkutur.com\/fr\/wp-json\/wp\/v2\/users\/5"}],"replies":[{"embeddable":true,"href":"https:\/\/feltkutur.com\/fr\/wp-json\/wp\/v2\/comments?post=7453"}],"version-history":[{"count":0,"href":"https:\/\/feltkutur.com\/fr\/wp-json\/wp\/v2\/pages\/7453\/revisions"}],"wp:attachment":[{"href":"https:\/\/feltkutur.com\/fr\/wp-json\/wp\/v2\/media?parent=7453"}],"curies":[{"name":"wp","href":"https:\/\/api.w.org\/{rel}","templated":true}]}}