{"id":7351,"date":"2024-09-16T12:34:18","date_gmt":"2024-09-16T16:34:18","guid":{"rendered":"https:\/\/feltkutur.com\/immersive-virtual-tour\/"},"modified":"2024-09-16T13:21:16","modified_gmt":"2024-09-16T17:21:16","slug":"immersive-virtual-tour","status":"publish","type":"page","link":"https:\/\/feltkutur.com\/fr\/immersive-virtual-tour\/","title":{"rendered":"Immersive virtual tour"},"content":{"rendered":"\n<h1>\n\t\tvisite virtuelle immersive d&#8217;un espace de travail \n\t<\/h1>\n<h2>\n\t\tAvec les solutions acoustiques Feltk\u00fctur\n\t<\/h2>\n\t<p>Bienvenue dans notre visite virtuelle immersive des espaces de travail modernes \u00e9quip\u00e9s de panneaux acoustiques <strong><a href=\"https:\/\/feltkutur.com\/fr\/panneaux-acoustiques-duotex-tahmea\/\">D\u00fcotex-Tahmea<\/a><\/strong>. D\u00e8s votre entr\u00e9e, vous remarquerez imm\u00e9diatement l&#8217;atmosph\u00e8re feutr\u00e9e et apaisante qui r\u00e8gne dans ces lieux.<\/p>\n<p>Les murs sont habill\u00e9s de tuiles acoustiques <strong><a href=\"https:\/\/feltkutur.com\/fr\/panneaux-acoustiques-duotex-tahmea\/\">D\u00fcotex-Tahmea<\/a><\/strong>, dont la grande dimension et les propri\u00e9t\u00e9s phoniques exceptionnelles absorbent efficacement les sons ind\u00e9sirables. Observez comment ces panneaux r\u00e9duisent la r\u00e9verb\u00e9ration sonore, cr\u00e9ant un environnement propice \u00e0 la concentration et \u00e0 la productivit\u00e9.<\/p>\n\t<iframe width='853' height='480' src='https:\/\/my.matterport.com\/show\/?m=VVPhFAfwW5p' frameborder='0' allowfullscreen allow='xr-spatial-tracking'><\/iframe>\n\t<p><strong>Flexibilit\u00e9 et design<\/strong><\/p>\n<p>En vous d\u00e9pla\u00e7ant virtuellement dans l&#8217;espace, vous d\u00e9couvrirez la polyvalence de l&#8217;am\u00e9nagement. Les panneaux <strong><a href=\"https:\/\/feltkutur.com\/fr\/panneaux-acoustiques-duotex-tahmea\/\">D\u00fcotex-Tahmea<\/a><\/strong> permettent une grande adaptabilit\u00e9, offrant diverses configurations pour r\u00e9pondre aux besoins changeants de l&#8217;entreprise. Notez les diff\u00e9rentes zones de travail, allant des espaces collaboratifs aux coins de d\u00e9tente, tous b\u00e9n\u00e9ficiant d&#8217;une acoustique optimale.<\/p>\n<p><strong>Plafond acoustique innovant<\/strong><\/p>\n<p>Levez les yeux pour admirer le syst\u00e8me de plafond Orion. Ces panneaux suspendus en D\u00fcotex 12mm offrent une absorption acoustique remarquable, compl\u00e9tant parfaitement l&#8217;effet des murs.<\/p>\n\t<p><strong>Personnalisation et identit\u00e9 d&#8217;entreprise<\/strong><\/p>\n<p>Observez attentivement les d\u00e9tails personnalis\u00e9s. Gr\u00e2ce \u00e0 la d\u00e9coupe CNC, des formes uniques ont \u00e9t\u00e9 cr\u00e9\u00e9es dans les panneaux. Rep\u00e9rez le logo de l&#8217;entreprise, habilement int\u00e9gr\u00e9 au design, illustrant la capacit\u00e9 de <strong><a href=\"https:\/\/feltkutur.com\/fr\/panneaux-acoustiques-duotex-tahmea\/\">D\u00fcotex-Tahmea<\/a><\/strong> \u00e0 allier fonctionnalit\u00e9 et esth\u00e9tique.<\/p>\n<p>Cette visite virtuelle d\u00e9montre comment les solutions acoustiques <a href=\"https:\/\/feltkutur.com\/fr\/panneaux-acoustiques-duotex-tahmea\/\"><strong>D\u00fcotex-Tahmea <\/strong><\/a>transforment les espaces de travail en environnements confortables, productifs et esth\u00e9tiquement plaisants, tout en refl\u00e9tant l&#8217;identit\u00e9 unique de chaque entreprise.<\/p>\n\t<a href=\"https:\/\/feltkutur.com\/fr\/contactez-nous\/\" target=\"_blank\" rel=\"noopener\">obtenir une soumission pour mon projet!<br \/>\n<\/a>\n\t<meta itemprop=\"url\" content=\"https:\/\/feltkutur.com\/wp-content\/uploads\/3D-Immersion-Solution-GA-Feltkutur.mp4\" \/><div style=\"width: 640px;\" class=\"wp-video\"><video class=\"wp-video-shortcode\" id=\"video-7351-1\" width=\"640\" height=\"360\" autoplay preload=\"metadata\" controls=\"controls\"><source type=\"video\/mp4\" src=\"https:\/\/feltkutur.com\/wp-content\/uploads\/3D-Immersion-Solution-GA-Feltkutur.mp4?_=1\" \/><a href=\"https:\/\/feltkutur.com\/wp-content\/uploads\/3D-Immersion-Solution-GA-Feltkutur.mp4\">https:\/\/feltkutur.com\/wp-content\/uploads\/3D-Immersion-Solution-GA-Feltkutur.mp4<\/a><\/video><\/div>\n\n","protected":false},"excerpt":{"rendered":"<p>visite virtuelle immersive d&#8217;un espace de travail Avec les solutions acoustiques Feltk\u00fctur Bienvenue dans notre visite virtuelle immersive des espaces de travail modernes \u00e9quip\u00e9s de panneaux acoustiques D\u00fcotex-Tahmea. D\u00e8s votre entr\u00e9e, vous remarquerez imm\u00e9diatement l&#8217;atmosph\u00e8re feutr\u00e9e et apaisante qui r\u00e8gne dans ces lieux. Les murs sont habill\u00e9s de tuiles acoustiques D\u00fcotex-Tahmea, dont la grande dimension [&#8230;]<\/p>\n<p><a class=\"btn btn-secondary understrap-read-more-link\" href=\"https:\/\/feltkutur.com\/fr\/immersive-virtual-tour\/\">Read More&#8230;<\/a><\/p>\n","protected":false},"author":5,"featured_media":0,"parent":0,"menu_order":0,"comment_status":"closed","ping_status":"closed","template":"","meta":{"_seopress_robots_primary_cat":"","_seopress_titles_title":"","_seopress_titles_desc":"","_seopress_robots_index":"","footnotes":""},"class_list":["post-7351","page","type-page","status-publish"],"_links":{"self":[{"href":"https:\/\/feltkutur.com\/fr\/wp-json\/wp\/v2\/pages\/7351","targetHints":{"allow":["GET"]}}],"collection":[{"href":"https:\/\/feltkutur.com\/fr\/wp-json\/wp\/v2\/pages"}],"about":[{"href":"https:\/\/feltkutur.com\/fr\/wp-json\/wp\/v2\/types\/page"}],"author":[{"embeddable":true,"href":"https:\/\/feltkutur.com\/fr\/wp-json\/wp\/v2\/users\/5"}],"replies":[{"embeddable":true,"href":"https:\/\/feltkutur.com\/fr\/wp-json\/wp\/v2\/comments?post=7351"}],"version-history":[{"count":0,"href":"https:\/\/feltkutur.com\/fr\/wp-json\/wp\/v2\/pages\/7351\/revisions"}],"wp:attachment":[{"href":"https:\/\/feltkutur.com\/fr\/wp-json\/wp\/v2\/media?parent=7351"}],"curies":[{"name":"wp","href":"https:\/\/api.w.org\/{rel}","templated":true}]}}