{"id":7332,"date":"2024-09-09T10:19:19","date_gmt":"2024-09-09T14:19:19","guid":{"rendered":"https:\/\/feltkutur.com\/projet-saaq-optimisation-du-confort-sonore-avec-les-solutions-acoustiques-feltkutur\/"},"modified":"2024-09-09T10:34:15","modified_gmt":"2024-09-09T14:34:15","slug":"projet-saaq-optimisation-du-confort-sonore-avec-les-solutions-acoustiques-feltkutur","status":"publish","type":"page","link":"https:\/\/feltkutur.com\/fr\/projet-saaq-optimisation-du-confort-sonore-avec-les-solutions-acoustiques-feltkutur\/","title":{"rendered":"Projet SAAQ : Optimisation du Confort Sonore avec les Solutions Acoustiques Feltk\u00fctur"},"content":{"rendered":"\n<h1>\n\t\tProjet SAAQ : Optimisation du Confort Sonore \n\t<\/h1>\n<h2>\n\t\tAvec les solutions acoustiques Feltk\u00fctur\n\t<\/h2>\n\t<p>La Soci\u00e9t\u00e9 de l&#8217;assurance automobile du Qu\u00e9bec (SAAQ) s&#8217;engage \u00e0 am\u00e9liorer ses environnements en int\u00e9grant des produits acoustiques <a href=\"https:\/\/feltkutur.com\/fr\/\"><strong>Feltk\u00fctur<\/strong><\/a>. Ces solutions, d\u00e9velopp\u00e9es en collaboration avec la compagnie <strong><a href=\"https:\/\/emblm.com\/nos-marques\/feltkutur\/\">EMBLM<\/a><\/strong>, optimisent le confort sonore dans les bureaux et espaces publics, r\u00e9duisant la r\u00e9verb\u00e9ration et am\u00e9liorant la qualit\u00e9 auditive. Ce partenariat contribue ainsi \u00e0 cr\u00e9er une atmosph\u00e8re de travail plus sereine et productive, tout en r\u00e9pondant aux besoins croissants en mati\u00e8re de bien-\u00eatre au travail.<\/p>\n<p>\u00a0<\/p>\n<h2>\n\t\tUTILISATION DES PANNEAUX D\u00dcOTEX\n\t<\/h2>\n\t<p>Les produits acoustiques <strong><a href=\"https:\/\/feltkutur.com\/fr\/panneaux-acoustiques-duotex\/\">D\u00fcotex<\/a><\/strong> de Feltk\u00fctur sont essentiels pour am\u00e9liorer le confort sonore dans divers environnements, notamment en plafonnier et en applications murales. L&#8217;installation de panneaux acoustiques au plafond, qu&#8217;on appelle couramment &#8220;plafonniers acoustiques&#8221;, est cruciale pour r\u00e9duire la r\u00e9verb\u00e9ration du son et limiter les \u00e9chos ind\u00e9sirables. Ces panneaux absorbent les ondes sonores, am\u00e9liorant ainsi la clart\u00e9 acoustique et offrant une exp\u00e9rience auditive plus agr\u00e9able, que ce soit dans des bureaux, des espaces commerciaux, ou des habitations. En plafonnier, ils agissent directement sur les r\u00e9flexions sonores provenant du sol et des murs, garantissant une meilleure diffusion du son.<\/p>\n<h2>\n\t\t<a href=\"https:\/\/feltkutur.com\/fr\/3d-acoustic-tool\/\" title=\"\" target=\"_self\" rel=\"noopener\">\n\t\t<\/a>\n\t<\/h2>\n\t<p>Les applications murales, quant \u00e0 elles, apportent un compl\u00e9ment essentiel aux plafonniers acoustiques. En effet, les murs jouent un r\u00f4le majeur dans la propagation des sons dans une pi\u00e8ce. L&#8217;installation de panneaux <a href=\"https:\/\/feltkutur.com\/fr\/panneaux-acoustiques-duotex\/\"><strong>D\u00fcotex<\/strong><\/a> sur les murs permet non seulement d&#8217;absorber les bruits environnants mais aussi de cr\u00e9er un espace o\u00f9 les conversations peuvent se d\u00e9rouler sans interf\u00e9rence sonore. Ceci est particuli\u00e8rement important dans les environnements o\u00f9 la communication est cl\u00e9, tels que les salles de r\u00e9union, les \u00e9coles ou les restaurants. De plus, ces panneaux offrent \u00e9galement un avantage esth\u00e9tique, puisqu&#8217;ils sont disponibles dans une large gamme de couleurs et de designs.<\/p>\n\t<p>La combinaison des panneaux plafonniers et muraux <strong><a href=\"https:\/\/feltkutur.com\/fr\/panneaux-acoustiques-duotex\/\">D\u00fcotex<\/a><\/strong> permet ainsi de cr\u00e9er des espaces acoustiquement \u00e9quilibr\u00e9s, r\u00e9duisant le stress caus\u00e9 par le bruit excessif et augmentant la productivit\u00e9 et le bien-\u00eatre des occupants. Ils sont une solution incontournable pour tous ceux qui souhaitent ma\u00eetriser l&#8217;acoustique de leurs espaces tout en conservant une apparence moderne et soign\u00e9e. Leur installation est donc un choix intelligent et fonctionnel, tant pour les environnements professionnels que r\u00e9sidentiels.<\/p>\n\t<a href=\"https:\/\/feltkutur.com\/fr\/contactez-nous\/\" target=\"_blank\" rel=\"noopener\">recevez une soumission pour votre projet!<br \/>\n<\/a>\n\n","protected":false},"excerpt":{"rendered":"<p>Projet SAAQ : Optimisation du Confort Sonore Avec les solutions acoustiques Feltk\u00fctur La Soci\u00e9t\u00e9 de l&#8217;assurance automobile du Qu\u00e9bec (SAAQ) s&#8217;engage \u00e0 am\u00e9liorer ses environnements en int\u00e9grant des produits acoustiques Feltk\u00fctur. Ces solutions, d\u00e9velopp\u00e9es en collaboration avec la compagnie EMBLM, optimisent le confort sonore dans les bureaux et espaces publics, r\u00e9duisant la r\u00e9verb\u00e9ration et am\u00e9liorant [&#8230;]<\/p>\n<p><a class=\"btn btn-secondary understrap-read-more-link\" href=\"https:\/\/feltkutur.com\/fr\/projet-saaq-optimisation-du-confort-sonore-avec-les-solutions-acoustiques-feltkutur\/\">Read More&#8230;<\/a><\/p>\n","protected":false},"author":5,"featured_media":0,"parent":0,"menu_order":0,"comment_status":"closed","ping_status":"closed","template":"","meta":{"_seopress_robots_primary_cat":"","_seopress_titles_title":"","_seopress_titles_desc":"","_seopress_robots_index":"","footnotes":""},"class_list":["post-7332","page","type-page","status-publish"],"_links":{"self":[{"href":"https:\/\/feltkutur.com\/fr\/wp-json\/wp\/v2\/pages\/7332","targetHints":{"allow":["GET"]}}],"collection":[{"href":"https:\/\/feltkutur.com\/fr\/wp-json\/wp\/v2\/pages"}],"about":[{"href":"https:\/\/feltkutur.com\/fr\/wp-json\/wp\/v2\/types\/page"}],"author":[{"embeddable":true,"href":"https:\/\/feltkutur.com\/fr\/wp-json\/wp\/v2\/users\/5"}],"replies":[{"embeddable":true,"href":"https:\/\/feltkutur.com\/fr\/wp-json\/wp\/v2\/comments?post=7332"}],"version-history":[{"count":0,"href":"https:\/\/feltkutur.com\/fr\/wp-json\/wp\/v2\/pages\/7332\/revisions"}],"wp:attachment":[{"href":"https:\/\/feltkutur.com\/fr\/wp-json\/wp\/v2\/media?parent=7332"}],"curies":[{"name":"wp","href":"https:\/\/api.w.org\/{rel}","templated":true}]}}