{"id":7305,"date":"2024-09-03T14:12:12","date_gmt":"2024-09-03T18:12:12","guid":{"rendered":"https:\/\/feltkutur.com\/lart-du-feutre-quebecois-plus-de-50-ans-dinnovation-en-beauce\/"},"modified":"2024-09-03T14:18:07","modified_gmt":"2024-09-03T18:18:07","slug":"lart-du-feutre-quebecois-plus-de-50-ans-dinnovation-en-beauce","status":"publish","type":"page","link":"https:\/\/feltkutur.com\/fr\/lart-du-feutre-quebecois-plus-de-50-ans-dinnovation-en-beauce\/","title":{"rendered":"L&#8217;Art du Feutre Qu\u00e9b\u00e9cois : Plus de 50 Ans d&#8217;Innovation en Beauce"},"content":{"rendered":"\n<h1>\n\t\tL&#8217;ART DU FEUTRE QU\u00c9B\u00c9COIS : PLUS DE 50 ANS D&#8217;INNOVATION EN BEAUCE\n\t<\/h1>\n<p>Depuis 1967, nous fabriquons des feutres en Beauce, une r\u00e9gion reconnue pour son savoir-faire et son esprit entrepreneurial. Texel, aujourd&#8217;hui connu sous le nom d&#8217;<strong><a href=\"https:\/\/alkegen.com\/\">Alkegen<\/a><\/strong>, a commenc\u00e9 son aventure industrielle dans son usine de St-Elz\u00e9ar. \u00c0 ses d\u00e9buts, l&#8217;usine se consacrait \u00e0 la fabrication de couvertures, un produit essentiel \u00e0 l&#8217;\u00e9poque.<\/p>\n\t\t\t<img decoding=\"async\" loading='false' src=\"https:\/\/feltkutur.com\/wp-content\/uploads\/TEXEL-BLANKET.jpg\" alt=\"\" \/>\t\t\t\n\t\t\t<img decoding=\"async\" loading='false' src=\"https:\/\/feltkutur.com\/wp-content\/uploads\/TEXEL-GEOSYNTHETIQUE.png\" alt=\"\" \/>\t\t\t\n\t<p>En 1976, Texel a marqu\u00e9 un tournant dans l&#8217;industrie en devenant l&#8217;un des pionniers des g\u00e9otextiles. L&#8217;entreprise a lanc\u00e9 la toute premi\u00e8re gamme de g\u00e9otextiles, connue sous le nom de S\u00e9rie 76, qui a r\u00e9volutionn\u00e9 le domaine de la construction et des infrastructures en offrant des solutions durables pour le renforcement et la protection des sols.<\/p>\n\t<p>L&#8217;innovation ne s&#8217;est pas arr\u00eat\u00e9e l\u00e0. L&#8217;\u00e9quipe a continu\u00e9 \u00e0 d\u00e9velopper de nouveaux produits, notamment des feutres isolants pour les c\u00e9l\u00e8bres bottes Sorel de l&#8217;entreprise Kaufmann, situ\u00e9e en Ontario. Ce succ\u00e8s a renforc\u00e9 la r\u00e9putation de Texel en tant que leader dans la fabrication de produits techniques en feutre.<\/p>\n<p>Le savoir-faire beauceron a \u00e9galement conduit \u00e0 la cr\u00e9ation de produits d&#8217;absorption pour les lits d&#8217;h\u00f4pitaux, ouvrant ainsi une nouvelle voie dans le secteur m\u00e9dical. Cette diversification a permis \u00e0 l&#8217;entreprise de d\u00e9velopper une gamme de lingettes m\u00e9dicales, r\u00e9pondant aux besoins sp\u00e9cifiques des professionnels de la sant\u00e9.<\/p>\n<p>Toujours \u00e0 la pointe de l&#8217;innovation, l&#8217;\u00e9quipe de recherche a mis au point une nouvelle gamme de produits de filtration, incluant l&#8217;un des premiers filtres \u00e9lectrostatiques. Ce nouveau segment d&#8217;affaire a positionn\u00e9 Alkegen comme un leader mondial dans la filtration des liquides, un secteur en constante \u00e9volution.<\/p>\n<p>L&#8217;entreprise n&#8217;a jamais cess\u00e9 d&#8217;innover, notamment dans le domaine des composants acoustiques pour l&#8217;industrie automobile.<\/p>\n<p>Aujourd&#8217;hui, notre esprit d&#8217;innovation nous pousse encore plus loin avec le d\u00e9veloppement d&#8217;une nouvelle gamme de produits acoustiques sous la marque Feltk\u00fctur. Chez Alkegen, nous ne cessons d&#8217;innover, d&#8217;\u00e9voluer et d&#8217;inventer pour r\u00e9pondre aux besoins de demain. Notre histoire est celle d&#8217;une entreprise qui, depuis plus de cinq d\u00e9cennies, a su se r\u00e9inventer tout en restant fid\u00e8le \u00e0 ses racines beauceronnes.<\/p>\n\t\t\t<img decoding=\"async\" loading='false' src=\"https:\/\/feltkutur.com\/wp-content\/uploads\/TEXEL-SOREL.jpg\" alt=\"\" \/>\t\t\t\n\t\t\t<img decoding=\"async\" loading='false' src=\"https:\/\/feltkutur.com\/wp-content\/uploads\/TEXEL-WIPES.jpg\" alt=\"\" \/>\t\t\t\n\t\t\t<img decoding=\"async\" loading='false' src=\"https:\/\/feltkutur.com\/wp-content\/uploads\/TEXEL-FILTRATION.jpg\" alt=\"\" \/>\t\t\t\n\t\t\t<img decoding=\"async\" loading='false' src=\"https:\/\/feltkutur.com\/wp-content\/uploads\/Nmedia-19-1-scaled.jpg\" alt=\"\" \/>\t\t\t\n\t<p>\u00a0<\/p>\n<p><strong>Choisissez l&#8217;excellence acoustique d\u00e8s aujourd&#8217;hui avec Feltk\u00fctur, votre partenaire en mati\u00e8re d&#8217;innovation sonore.<\/strong><\/p>\n\t<p><a href=\"https:\/\/feltkutur.com\/fr\/contactez-nous\/\" target=\"_blank\" rel=\"noopener\">contactez notre \u00e9quipe<\/a><\/p>\n\n","protected":false},"excerpt":{"rendered":"<p>L&#8217;ART DU FEUTRE QU\u00c9B\u00c9COIS : PLUS DE 50 ANS D&#8217;INNOVATION EN BEAUCE Depuis 1967, nous fabriquons des feutres en Beauce, une r\u00e9gion reconnue pour son savoir-faire et son esprit entrepreneurial. Texel, aujourd&#8217;hui connu sous le nom d&#8217;Alkegen, a commenc\u00e9 son aventure industrielle dans son usine de St-Elz\u00e9ar. \u00c0 ses d\u00e9buts, l&#8217;usine se consacrait \u00e0 la [&#8230;]<\/p>\n<p><a class=\"btn btn-secondary understrap-read-more-link\" href=\"https:\/\/feltkutur.com\/fr\/lart-du-feutre-quebecois-plus-de-50-ans-dinnovation-en-beauce\/\">Read More&#8230;<\/a><\/p>\n","protected":false},"author":5,"featured_media":0,"parent":0,"menu_order":0,"comment_status":"closed","ping_status":"closed","template":"","meta":{"_seopress_robots_primary_cat":"","_seopress_titles_title":"","_seopress_titles_desc":"","_seopress_robots_index":"","footnotes":""},"class_list":["post-7305","page","type-page","status-publish"],"_links":{"self":[{"href":"https:\/\/feltkutur.com\/fr\/wp-json\/wp\/v2\/pages\/7305","targetHints":{"allow":["GET"]}}],"collection":[{"href":"https:\/\/feltkutur.com\/fr\/wp-json\/wp\/v2\/pages"}],"about":[{"href":"https:\/\/feltkutur.com\/fr\/wp-json\/wp\/v2\/types\/page"}],"author":[{"embeddable":true,"href":"https:\/\/feltkutur.com\/fr\/wp-json\/wp\/v2\/users\/5"}],"replies":[{"embeddable":true,"href":"https:\/\/feltkutur.com\/fr\/wp-json\/wp\/v2\/comments?post=7305"}],"version-history":[{"count":0,"href":"https:\/\/feltkutur.com\/fr\/wp-json\/wp\/v2\/pages\/7305\/revisions"}],"wp:attachment":[{"href":"https:\/\/feltkutur.com\/fr\/wp-json\/wp\/v2\/media?parent=7305"}],"curies":[{"name":"wp","href":"https:\/\/api.w.org\/{rel}","templated":true}]}}