{"id":7265,"date":"2024-08-27T13:49:05","date_gmt":"2024-08-27T17:49:05","guid":{"rendered":"https:\/\/feltkutur.com\/changement-dans-notre-gamme-de-couleurs-des-panneaux-acoustiques-duotex\/"},"modified":"2024-08-27T13:52:59","modified_gmt":"2024-08-27T17:52:59","slug":"changement-dans-notre-gamme-de-couleurs-des-panneaux-acoustiques-duotex","status":"publish","type":"page","link":"https:\/\/feltkutur.com\/fr\/changement-dans-notre-gamme-de-couleurs-des-panneaux-acoustiques-duotex\/","title":{"rendered":"Changement dans notre gamme de couleurs des panneaux acoustiques D\u00fcotex"},"content":{"rendered":"\n<h1>\n\t\tChangement dans notre gamme de couleurs des panneaux acoustiques D\u00fcotex\n\t<\/h1>\n<h2>\n\t\tLe noir Dunham remplace le noir Wendake\n\t<\/h2>\n\t\t\t\t<img decoding=\"async\" src=\"https:\/\/feltkutur.com\/wp-content\/uploads\/Noir_Wendake.png\" alt=\"Noir_Wendake\" itemprop=\"image\" height=\"788\" width=\"940\" title=\"Noir_Wendake\" onerror=\"this.style.display='none'\"  \/>\n\t\t\t\t<img decoding=\"async\" src=\"https:\/\/feltkutur.com\/wp-content\/uploads\/Noir_Dunham.png\" alt=\"Noir_Dunham\" itemprop=\"image\" height=\"788\" width=\"940\" title=\"Noir_Dunham\" onerror=\"this.style.display='none'\"  \/>\n\t<section>\n<p>\u00c0 compter de la fin septembre 2024 la couleur Noir Wendake sera remplac\u00e9e par le Noir Dunham pour notre panneau acoustique <a href=\"https:\/\/feltkutur.com\/fr\/panneaux-acoustiques-duotex\/\"><strong>D\u00fcotex<\/strong><\/a>.<\/p>\n<p>Ce nouveau coloris a \u00e9t\u00e9 choisi pour offrir une alternative plus moderne et raffin\u00e9e, tout en maintenant les m\u00eames performances acoustiques de haute qualit\u00e9 qui caract\u00e9risent les panneaux <a href=\"https:\/\/feltkutur.com\/fr\/panneaux-acoustiques-duotex\/\"><strong>D\u00fcotex<\/strong><\/a>. Le Noir Dunham se distingue par sa profondeur et sa texture subtile, ce qui en fait une option id\u00e9ale pour divers environnements, qu&#8217;ils soient r\u00e9sidentiels, commerciaux ou institutionnels.<\/p>\n<p>Nos clients sont invit\u00e9s \u00e0 passer leurs commandes finales de Noir Wendake avant la fin septembre 2024 ou jusqu&#8217;\u00e0 la limite de notre inventaire. Par la suite, le Noir Dunham sera pleinement int\u00e9gr\u00e9 \u00e0 notre gamme et disponible pour toutes les nouvelles commandes.<\/p>\n<p>N&#8217;h\u00e9sitez pas \u00e0 contacter l&#8217;\u00e9quipe Feltk\u00fctur pour des compl\u00e9ments d&#8217;information ou pour obtenir des \u00e9chantillons de notre nouvelle teinte.<\/p>\n<p>\u00a0<\/p>\n<\/section>\n<p>&nbsp;<\/p>\n\t\t\t<a href=\"https:\/\/feltkutur.com\/fr\/contactez-nous\/\" target=\"_self\" rel=\"noopener\">\n\t\t\t\t\t\t\tPrenez contact avec nous !\n\t\t\t\t\t<\/a>\n\n","protected":false},"excerpt":{"rendered":"<p>Changement dans notre gamme de couleurs des panneaux acoustiques D\u00fcotex Le noir Dunham remplace le noir Wendake \u00c0 compter de la fin septembre 2024 la couleur Noir Wendake sera remplac\u00e9e par le Noir Dunham pour notre panneau acoustique D\u00fcotex. Ce nouveau coloris a \u00e9t\u00e9 choisi pour offrir une alternative plus moderne et raffin\u00e9e, tout en [&#8230;]<\/p>\n<p><a class=\"btn btn-secondary understrap-read-more-link\" href=\"https:\/\/feltkutur.com\/fr\/changement-dans-notre-gamme-de-couleurs-des-panneaux-acoustiques-duotex\/\">Read More&#8230;<\/a><\/p>\n","protected":false},"author":5,"featured_media":0,"parent":0,"menu_order":0,"comment_status":"closed","ping_status":"closed","template":"","meta":{"_seopress_robots_primary_cat":"","_seopress_titles_title":"","_seopress_titles_desc":"","_seopress_robots_index":"","footnotes":""},"class_list":["post-7265","page","type-page","status-publish"],"_links":{"self":[{"href":"https:\/\/feltkutur.com\/fr\/wp-json\/wp\/v2\/pages\/7265","targetHints":{"allow":["GET"]}}],"collection":[{"href":"https:\/\/feltkutur.com\/fr\/wp-json\/wp\/v2\/pages"}],"about":[{"href":"https:\/\/feltkutur.com\/fr\/wp-json\/wp\/v2\/types\/page"}],"author":[{"embeddable":true,"href":"https:\/\/feltkutur.com\/fr\/wp-json\/wp\/v2\/users\/5"}],"replies":[{"embeddable":true,"href":"https:\/\/feltkutur.com\/fr\/wp-json\/wp\/v2\/comments?post=7265"}],"version-history":[{"count":0,"href":"https:\/\/feltkutur.com\/fr\/wp-json\/wp\/v2\/pages\/7265\/revisions"}],"wp:attachment":[{"href":"https:\/\/feltkutur.com\/fr\/wp-json\/wp\/v2\/media?parent=7265"}],"curies":[{"name":"wp","href":"https:\/\/api.w.org\/{rel}","templated":true}]}}