{"id":7139,"date":"2024-07-11T14:26:26","date_gmt":"2024-07-11T18:26:26","guid":{"rendered":"https:\/\/feltkutur.com\/considerer-lacoustique-dans-un-projet\/"},"modified":"2024-07-11T14:35:42","modified_gmt":"2024-07-11T18:35:42","slug":"considerer-lacoustique-dans-un-projet","status":"publish","type":"page","link":"https:\/\/feltkutur.com\/fr\/considerer-lacoustique-dans-un-projet\/","title":{"rendered":"Consid\u00e9rer l&#8217;acoustique dans un projet"},"content":{"rendered":"\n<h1>\n\t\tL&#8217;ACOUSTIQUE &#8211; UN \u00c9L\u00c9MENT CRUTIAL \u00c0 CONSID\u00c9RER D\u00c8S LA PREMI\u00c8RE \u00c9TAPE D&#8217;UN PROJET\n\t<\/h1>\n\tDans le cadre de la conception et de la r\u00e9alisation de projets architecturaux, penser \u00e0 l&#8217;acoustique d\u00e8s les premi\u00e8res \u00e9tapes est <strong>essentiel<\/strong> pour garantir un environnement sonore optimal. L&#8217;acoustique, souvent n\u00e9glig\u00e9e, joue un r\u00f4le crucial dans le confort et le bien-\u00eatre des occupants, qu&#8217;il s&#8217;agisse de bureaux, d&#8217;espaces publics, de salles de classe, de r\u00e9sidences et bien plus encore. C&#8217;est ici qu&#8217;intervient <a href=\"https:\/\/feltkutur.com\/fr\/\"><strong>Feltk\u00fctur<\/strong>\u00a0<\/a>avec ses solutions <strong>innovantes<\/strong> et son <strong>expertise<\/strong> en mati\u00e8re de feutres acoustiques. \n\t\t\t<img decoding=\"async\" loading='false' src=\"https:\/\/feltkutur.com\/wp-content\/uploads\/Photo-expert-Alkegen-Saint-Bernard-8-scaled.jpg\" alt=\"\" \/>\t\t\t\n\t\t\t<img decoding=\"async\" loading='false' src=\"https:\/\/feltkutur.com\/wp-content\/uploads\/Salle-Orange-making-of.png\" alt=\"\" \/>\t\t\t\n\t\t\t\t<h2>VISUALISATION 3D<\/h2>\t\t\t\n\tFeltk\u00fctur ne se contente pas de fournir des mat\u00e9riaux acoustiques de haute qualit\u00e9 ; notre engagement va bien au-del\u00e0. Nous offrons un soutien complet gr\u00e2ce \u00e0 notre expertise acoustique, ce qui permet d&#8217;int\u00e9grer des solutions <strong>adapt\u00e9es aux besoins de l&#8217;environnement<\/strong> d\u00e8s la phase de conception. En anticipant les besoins acoustiques, nous aidons les architectes et les designers \u00e0 cr\u00e9er des espaces qui <strong>allient esth\u00e9tique et performance sonore<\/strong>.\n\t<p>Les technologies <strong>Feltk\u00fctur<\/strong> sont con\u00e7ues pour r\u00e9pondre \u00e0 une vari\u00e9t\u00e9 de besoins acoustiques. Nos feutres acoustiques, fabriqu\u00e9s \u00e0 partir de mat\u00e9riaux <strong>durables et recycl\u00e9s<\/strong>, offrent une absorption sonore exceptionnelle tout en \u00e9tant esth\u00e9tiquement polyvalents. Ils peuvent \u00eatre utilis\u00e9s dans de multiples configurations, que ce soit sous forme de panneaux muraux, de plafonniers acoustiques ou d&#8217;\u00e9l\u00e9ments d\u00e9coratifs, permettant ainsi une int\u00e9gration harmonieuse dans n&#8217;importe quel design int\u00e9rieur.<\/p>\n\t\t\t<img decoding=\"async\" loading='false' src=\"https:\/\/feltkutur.com\/wp-content\/uploads\/Nmedia-16-scaled.jpg\" alt=\"\" \/>\t\t\t\n\t\t\t<img decoding=\"async\" loading='false' src=\"https:\/\/feltkutur.com\/wp-content\/uploads\/Nmedia-23-scaled.jpg\" alt=\"\" \/>\t\t\t\n\t\t\t<img decoding=\"async\" loading='false' src=\"https:\/\/feltkutur.com\/wp-content\/uploads\/Feltkutur-Esquif-6-scaled.jpg\" alt=\"\" \/>\t\t\t\n\t\t\t\t<img decoding=\"async\" src=\"https:\/\/feltkutur.com\/wp-content\/uploads\/FeltkulturSolutionsGA-10-scaled.jpg\" alt=\"FeltkulturSolutionsGA-10\" itemprop=\"image\" height=\"1707\" width=\"2560\" title=\"FeltkulturSolutionsGA-10\" onerror=\"this.style.display='none'\"  \/>\n\t<br \/>\nEn collaborant \u00e9troitement avec les professionnels du b\u00e2timent d\u00e8s le d\u00e9but des projets, nous sommes en mesure de proposer des solutions <strong>sur mesure<\/strong> qui r\u00e9pondent aux exigences sp\u00e9cifiques de chaque espace. Cette approche proactive permet non seulement de r\u00e9soudre les probl\u00e8mes acoustiques avant qu&#8217;ils ne surviennent, mais aussi d&#8217;<strong>optimiser les co\u00fbts et les d\u00e9lais de mise en \u0153uvre<\/strong>.\n\tPenser \u00e0 l&#8217;acoustique en amont avec les technologies Feltk\u00fctur, c&#8217;est garantir des espaces o\u00f9 le confort sonore est maximis\u00e9, contribuant ainsi \u00e0 des environnements de vie et de travail plus agr\u00e9ables et plus productifs.<br \/>\n\n<p><strong>Faites le choix de l&#8217;excellence acoustique d\u00e8s aujourd&#8217;hui avec Feltk\u00fctur, votre partenaire en innovation sonore!<\/strong><\/p>\n\t<p><a href=\"https:\/\/feltkutur.com\/fr\/contactez-nous\/\" target=\"_blank\" rel=\"noopener\">Contactez notre \u00e9quipe<\/a><\/p>\n\n","protected":false},"excerpt":{"rendered":"<p>L&#8217;ACOUSTIQUE &#8211; UN \u00c9L\u00c9MENT CRUTIAL \u00c0 CONSID\u00c9RER D\u00c8S LA PREMI\u00c8RE \u00c9TAPE D&#8217;UN PROJET Dans le cadre de la conception et de la r\u00e9alisation de projets architecturaux, penser \u00e0 l&#8217;acoustique d\u00e8s les premi\u00e8res \u00e9tapes est essentiel pour garantir un environnement sonore optimal. L&#8217;acoustique, souvent n\u00e9glig\u00e9e, joue un r\u00f4le crucial dans le confort et le bien-\u00eatre des [&#8230;]<\/p>\n<p><a class=\"btn btn-secondary understrap-read-more-link\" href=\"https:\/\/feltkutur.com\/fr\/considerer-lacoustique-dans-un-projet\/\">Read More&#8230;<\/a><\/p>\n","protected":false},"author":5,"featured_media":0,"parent":0,"menu_order":0,"comment_status":"closed","ping_status":"closed","template":"","meta":{"_seopress_robots_primary_cat":"","_seopress_titles_title":"","_seopress_titles_desc":"","_seopress_robots_index":"","footnotes":""},"class_list":["post-7139","page","type-page","status-publish"],"_links":{"self":[{"href":"https:\/\/feltkutur.com\/fr\/wp-json\/wp\/v2\/pages\/7139","targetHints":{"allow":["GET"]}}],"collection":[{"href":"https:\/\/feltkutur.com\/fr\/wp-json\/wp\/v2\/pages"}],"about":[{"href":"https:\/\/feltkutur.com\/fr\/wp-json\/wp\/v2\/types\/page"}],"author":[{"embeddable":true,"href":"https:\/\/feltkutur.com\/fr\/wp-json\/wp\/v2\/users\/5"}],"replies":[{"embeddable":true,"href":"https:\/\/feltkutur.com\/fr\/wp-json\/wp\/v2\/comments?post=7139"}],"version-history":[{"count":0,"href":"https:\/\/feltkutur.com\/fr\/wp-json\/wp\/v2\/pages\/7139\/revisions"}],"wp:attachment":[{"href":"https:\/\/feltkutur.com\/fr\/wp-json\/wp\/v2\/media?parent=7139"}],"curies":[{"name":"wp","href":"https:\/\/api.w.org\/{rel}","templated":true}]}}