{"id":7124,"date":"2024-07-05T08:59:19","date_gmt":"2024-07-05T12:59:19","guid":{"rendered":"https:\/\/feltkutur.com\/groleau-developpement-insonorisation-locaux\/"},"modified":"2024-07-05T09:09:13","modified_gmt":"2024-07-05T13:09:13","slug":"groleau-developpement-insonorisation-locaux","status":"publish","type":"page","link":"https:\/\/feltkutur.com\/fr\/groleau-developpement-insonorisation-locaux\/","title":{"rendered":"Groleau D\u00e9veloppement &#8211; Insonorisation locaux"},"content":{"rendered":"\n<h1>\n\t\tGroleau D\u00e9veloppement transforme ses locaux\n\t<\/h1>\n<h2>\n\t\tAvec les produits innovateurs Feltk\u00fctur\n\t<\/h2>\n\t<a href=\"https:\/\/groleaudeveloppement.com\/\"><strong>Groleau D\u00e9veloppement<\/strong><\/a>, une entreprise Qu\u00e9b\u00e9coise de premier plan dans le secteur de l&#8217;immobilier et de la construction, est reconnue pour ses projets innovants et durables. Fond\u00e9e il y a plus de deux d\u00e9cennies, elle a toujours mis un point d&#8217;honneur \u00e0 int\u00e9grer des solutions modernes dans ses r\u00e9alisations. L&#8217;engagement de l&#8217;entreprise envers l&#8217;innovation et la qualit\u00e9 les a positionn\u00e9s comme un leader incontournable dans le domaine.<br \/>\n\n<p>R\u00e9cemment, Groleau D\u00e9veloppement a entrepris un ambitieux projet de r\u00e9novation de plusieurs de ses locaux en int\u00e9grant des <strong>solutions acoustiques<\/strong> <a href=\"https:\/\/feltkutur.com\/fr\/\"><strong>Feltk\u00fctur<\/strong><\/a> fabriqu\u00e9es au Qu\u00e9bec.<\/p>\n<h2>\n\t\tUTILISATION DU D\u00dcOTEX TAHMEA\n\t<\/h2>\n\tParmi ces solutions, on retrouve les tuiles acoustiques <strong>Oka<\/strong> de la <a href=\"https:\/\/feltkutur.com\/fr\/collection-harmonie\/\"><strong>collection Harmonie<\/strong><\/a>, les tuiles <strong>Amos<\/strong> de la <a href=\"https:\/\/feltkutur.com\/fr\/solution-acoustique-collection-horizon\/\"><strong>collection Horizon<\/strong><\/a>, ainsi qu&#8217;une <strong>demande personnalis\u00e9e<\/strong> pour des bandes verticales. Tous ces produits sont fabriqu\u00e9s \u00e0 partir du <a href=\"https:\/\/feltkutur.com\/fr\/panneaux-acoustiques-duotex-tahmea\/\"><strong>D\u00fcotex Tahmea<\/strong><\/a>, un mat\u00e9riau reconnu pour ses propri\u00e9t\u00e9s acoustiques et son <strong>respect de l&#8217;environnement<\/strong>.<br \/>\n\n<p>Les tuiles acoustiques Feltk\u00fctur sont sp\u00e9cialement con\u00e7ues pour <strong>r\u00e9duire les nuisances sonores<\/strong> tout en apportant une touche <strong>esth\u00e9tique<\/strong> moderne aux espaces int\u00e9rieurs. <\/p>\n\t<p>En int\u00e9grant ces produits dans leurs bureaux, Groleau D\u00e9veloppement permet un <strong>meilleur confort acoustique<\/strong> et une meilleure productivit\u00e9 des occupants. <\/p>\nLe choix du <a href=\"https:\/\/feltkutur.com\/fr\/panneaux-acoustiques-duotex-tahmea\/\"><strong>D\u00fcotex Tahmea<\/strong><\/a> comme mat\u00e9riau principal t\u00e9moigne de l&#8217;engagement de Groleau D\u00e9veloppement envers des solutions <strong>\u00e9cologiques <\/strong>et durables. Fabriqu\u00e9 \u00e0 partir de fibres <strong>recycl\u00e9es<\/strong>, il offre non seulement des performances acoustiques exceptionnelles mais contribue \u00e9galement \u00e0 la <strong>r\u00e9duction de l&#8217;empreinte \u00e9cologique<\/strong>.<br \/>\n\n\t<p>Ce partenariat avec Feltk\u00fctur refl\u00e8te la vision avant-gardiste de Groleau D\u00e9veloppement. En optant pour des <strong>solutions acoustiques innovantes,<\/strong> l&#8217;entreprise d\u00e9montre son engagement envers l&#8217;excellence et le bien-\u00eatre de ses clients. Cette initiative de r\u00e9novation permet non seulement d&#8217;am\u00e9liorer la qualit\u00e9 des espaces int\u00e9rieurs, mais elle renforce \u00e9galement la position de Groleau D\u00e9veloppement en tant que pionnier dans l&#8217;adoption de technologies <strong>durables<\/strong> et efficaces.<\/p>\n\t<a href=\"https:\/\/feltkutur.com\/fr\/contactez-nous\/\" target=\"_blank\" rel=\"noopener\">OBTENEZ UNE SOUMISSION POUR VOTRE PROJET!<br \/>\n<\/a>\n\n","protected":false},"excerpt":{"rendered":"<p>Groleau D\u00e9veloppement transforme ses locaux Avec les produits innovateurs Feltk\u00fctur Groleau D\u00e9veloppement, une entreprise Qu\u00e9b\u00e9coise de premier plan dans le secteur de l&#8217;immobilier et de la construction, est reconnue pour ses projets innovants et durables. Fond\u00e9e il y a plus de deux d\u00e9cennies, elle a toujours mis un point d&#8217;honneur \u00e0 int\u00e9grer des solutions modernes [&#8230;]<\/p>\n<p><a class=\"btn btn-secondary understrap-read-more-link\" href=\"https:\/\/feltkutur.com\/fr\/groleau-developpement-insonorisation-locaux\/\">Read More&#8230;<\/a><\/p>\n","protected":false},"author":5,"featured_media":0,"parent":0,"menu_order":0,"comment_status":"closed","ping_status":"closed","template":"","meta":{"_seopress_robots_primary_cat":"","_seopress_titles_title":"","_seopress_titles_desc":"","_seopress_robots_index":"","footnotes":""},"class_list":["post-7124","page","type-page","status-publish"],"_links":{"self":[{"href":"https:\/\/feltkutur.com\/fr\/wp-json\/wp\/v2\/pages\/7124","targetHints":{"allow":["GET"]}}],"collection":[{"href":"https:\/\/feltkutur.com\/fr\/wp-json\/wp\/v2\/pages"}],"about":[{"href":"https:\/\/feltkutur.com\/fr\/wp-json\/wp\/v2\/types\/page"}],"author":[{"embeddable":true,"href":"https:\/\/feltkutur.com\/fr\/wp-json\/wp\/v2\/users\/5"}],"replies":[{"embeddable":true,"href":"https:\/\/feltkutur.com\/fr\/wp-json\/wp\/v2\/comments?post=7124"}],"version-history":[{"count":0,"href":"https:\/\/feltkutur.com\/fr\/wp-json\/wp\/v2\/pages\/7124\/revisions"}],"wp:attachment":[{"href":"https:\/\/feltkutur.com\/fr\/wp-json\/wp\/v2\/media?parent=7124"}],"curies":[{"name":"wp","href":"https:\/\/api.w.org\/{rel}","templated":true}]}}