{"id":7076,"date":"2024-06-21T07:36:40","date_gmt":"2024-06-21T11:36:40","guid":{"rendered":"https:\/\/feltkutur.com\/bureaux-saint-lambert-acoustique\/"},"modified":"2024-08-09T08:33:12","modified_gmt":"2024-08-09T12:33:12","slug":"bureaux-saint-lambert-acoustique","status":"publish","type":"page","link":"https:\/\/feltkutur.com\/fr\/bureaux-saint-lambert-acoustique\/","title":{"rendered":"BUREAUX SAINT-LAMBERT &#8211; ACOUSTIQUE"},"content":{"rendered":"\n<h1>\n\t\tLA MUNICIPALIT\u00c9 DE SAINT-LAMBERT TRANSFORME SES BUREAUX ADMINISTRATIFS\n\t<\/h1>\n\t<p>Situ\u00e9e dans la r\u00e9gion de la Chaudi\u00e8re-Appalaches, la <a href=\"https:\/\/mun-sldl.ca\/\"><strong>Municipalit\u00e9 de Saint-Lambert-de-Lauzon <\/strong><\/a>offre un cadre paisible avec une riche histoire agricole. Cette charmante communaut\u00e9 se distingue par ses paysages pittoresques, ses activit\u00e9s r\u00e9cr\u00e9atives vari\u00e9es et son accueil chaleureux, refl\u00e9tant l&#8217;esprit convivial de la Beauce.<\/p>\nPlus r\u00e9cemment, la Municipalit\u00e9 de Saint-Lambert a entrepris de transformer ses bureaux administratifs afin de cr\u00e9er un environnement de travail <strong>mieux insonoris\u00e9<\/strong> et davantage <strong>propice \u00e0 la concentration et au bien-\u00eatre des employ\u00e9s<\/strong>. Gr\u00e2ce \u00e0 une collaboration entre <a href=\"https:\/\/feltkutur.com\/fr\/\"><strong>Feltk\u00fctur<\/strong><\/a> et son distributeur <a href=\"https:\/\/emblm.com\/nos-marques\/feltkutur\/\"><strong>EMBLM<\/strong><\/a>, des solutions acoustiques de pointe furent int\u00e9gr\u00e9es cr\u00e9ant un espace moderne mais \u00e9galement fonctionnel.<br \/>\n\n<h2>\n\t\tUTILISATION DE LA GAMME DE SOLUTIONS FELTK\u00dcTUR\n\t<\/h2>\n\t<p>Des <a href=\"https:\/\/feltkutur.com\/fr\/panneaux-acoustiques\/\"><strong>panneaux acoustiques<\/strong> <\/a>faisant partie de la gamme <strong>qu\u00e9b\u00e9coise<\/strong> de solutions acoustiques Feltk\u00fctur, furent strat\u00e9giquement positionn\u00e9s pour absorber le bruit ambiant et r\u00e9duire les r\u00e9verb\u00e9rations. Cette intervention a consid\u00e9rablement am\u00e9lior\u00e9 la qualit\u00e9 sonore des bureaux, cr\u00e9ant un environnement calme, serein et o\u00f9 les espaces sont d\u00e9limit\u00e9s. En outre, des panneaux de <a href=\"https:\/\/feltkutur.com\/fr\/panneaux-acoustiques-duotex-tahmea\/\"><strong>D\u00fcotex Tahmea<\/strong><\/a> ont \u00e9t\u00e9 int\u00e9gr\u00e9s dans le mobilier, ajoutant une touche de confort et de fonctionnalit\u00e9 tout en contribuant \u00e0 l&#8217;absorption sonore.<\/p>\n\t\t\t\t<img decoding=\"async\" src=\"https:\/\/feltkutur.com\/wp-content\/uploads\/Feltkutur-Saint-Lambert-4-scaled.jpg\" alt=\"Acoustical panels\" itemprop=\"image\" height=\"1707\" width=\"2560\" title=\"Acoustical panels\" onerror=\"this.style.display='none'\"  \/>\n\t\t\t\t<img decoding=\"async\" src=\"https:\/\/feltkutur.com\/wp-content\/uploads\/Feltkutur-Saint-Lambert-8-scaled.jpg\" alt=\"Acoustic hanging screen\" itemprop=\"image\" height=\"1707\" width=\"2560\" title=\"Acoustic hanging screen\" onerror=\"this.style.display='none'\"  \/>\n\t<p>Emblm a apport\u00e9 son expertise en design et en am\u00e9nagement d&#8217;espaces en proposant des <a href=\"https:\/\/feltkutur.com\/fr\/collection-renaissance\/\"><strong>rideaux acoustiques<\/strong><\/a> dans les bureaux. Ces rideaux de la <a href=\"https:\/\/feltkutur.com\/fr\/collection-renaissance\/\"><strong>collection Renaissance,<\/strong><\/a> offrent une solution flexible pour diviser l&#8217;espace de travail tout en offrant des propri\u00e9t\u00e9s insonorisantes. Ils permettent de moduler les espaces selon les besoins des diff\u00e9rentes \u00e9quipes, assurant une intimit\u00e9 et une acoustique optimales. Les rideaux acoustiques <strong>combinent esth\u00e9tique moderne et fonctionnalit\u00e9<\/strong>, ajoutant une dimension dynamique et adaptable aux bureaux.<\/p>\n\t<p>Gr\u00e2ce \u00e0 cette collaboration, les bureaux de la Municipalit\u00e9 de Saint-Lambert-de-Lauzon b\u00e9n\u00e9ficient d\u00e9sormais d&#8217;un am\u00e9nagement ergonomique et acoustiquement optimis\u00e9. Les solutions acoustiques apport\u00e9es d\u00e9montrent comment une approche collaborative et innovante peut am\u00e9liorer significativement l&#8217;environnement de travail, favorisant la productivit\u00e9 et le bien-\u00eatre des employ\u00e9s. Ce projet sert de mod\u00e8le inspirant pour d&#8217;autres municipalit\u00e9s et entreprises cherchant \u00e0 optimiser leurs espaces de travail de mani\u00e8re <strong>durable et efficace<\/strong>.<\/p>\n\t<a href=\"https:\/\/feltkutur.com\/fr\/contactez-nous\/\" target=\"_blank\" rel=\"noopener\">oBteNEZ UNE SOUMISSION POUR VOTRE PROJET!<br \/>\n<\/a>\n\n","protected":false},"excerpt":{"rendered":"<p>LA MUNICIPALIT\u00c9 DE SAINT-LAMBERT TRANSFORME SES BUREAUX ADMINISTRATIFS Situ\u00e9e dans la r\u00e9gion de la Chaudi\u00e8re-Appalaches, la Municipalit\u00e9 de Saint-Lambert-de-Lauzon offre un cadre paisible avec une riche histoire agricole. Cette charmante communaut\u00e9 se distingue par ses paysages pittoresques, ses activit\u00e9s r\u00e9cr\u00e9atives vari\u00e9es et son accueil chaleureux, refl\u00e9tant l&#8217;esprit convivial de la Beauce. Plus r\u00e9cemment, la Municipalit\u00e9 [&#8230;]<\/p>\n<p><a class=\"btn btn-secondary understrap-read-more-link\" href=\"https:\/\/feltkutur.com\/fr\/bureaux-saint-lambert-acoustique\/\">Read More&#8230;<\/a><\/p>\n","protected":false},"author":5,"featured_media":0,"parent":0,"menu_order":0,"comment_status":"closed","ping_status":"closed","template":"","meta":{"_seopress_robots_primary_cat":"","_seopress_titles_title":"","_seopress_titles_desc":"","_seopress_robots_index":"","footnotes":""},"class_list":["post-7076","page","type-page","status-publish"],"_links":{"self":[{"href":"https:\/\/feltkutur.com\/fr\/wp-json\/wp\/v2\/pages\/7076","targetHints":{"allow":["GET"]}}],"collection":[{"href":"https:\/\/feltkutur.com\/fr\/wp-json\/wp\/v2\/pages"}],"about":[{"href":"https:\/\/feltkutur.com\/fr\/wp-json\/wp\/v2\/types\/page"}],"author":[{"embeddable":true,"href":"https:\/\/feltkutur.com\/fr\/wp-json\/wp\/v2\/users\/5"}],"replies":[{"embeddable":true,"href":"https:\/\/feltkutur.com\/fr\/wp-json\/wp\/v2\/comments?post=7076"}],"version-history":[{"count":0,"href":"https:\/\/feltkutur.com\/fr\/wp-json\/wp\/v2\/pages\/7076\/revisions"}],"wp:attachment":[{"href":"https:\/\/feltkutur.com\/fr\/wp-json\/wp\/v2\/media?parent=7076"}],"curies":[{"name":"wp","href":"https:\/\/api.w.org\/{rel}","templated":true}]}}