{"id":7049,"date":"2024-06-14T11:42:10","date_gmt":"2024-06-14T15:42:10","guid":{"rendered":"https:\/\/feltkutur.com\/beige-perce-panneaux-acoustiques\/"},"modified":"2024-06-17T09:40:46","modified_gmt":"2024-06-17T13:40:46","slug":"beige-perce-panneaux-acoustiques","status":"publish","type":"page","link":"https:\/\/feltkutur.com\/fr\/beige-perce-panneaux-acoustiques\/","title":{"rendered":"Beige perc\u00e9 panneaux acoustiques"},"content":{"rendered":"\n<h1>\n\t\tBEIGE PERC\u00c9\n\t<\/h1>\n<h2>\n\t\tAm\u00e9liorer l&#8217;esth\u00e9tique et l&#8217;acoustique de votre espace\n\t<\/h2>\n\t<p>La couleur Beige Perc\u00e9 des produits acoustiques Feltk\u00fctur apporte une \u00e9l\u00e9gance subtile et une s\u00e9r\u00e9nit\u00e9 visuelle \u00e0 tout espace. Elle s&#8217;harmonise parfaitement avec divers styles de d\u00e9coration, tout en offrant une absorption sonore efficace pour un confort acoustique optimal. Une fusion parfaite de fonctionnalit\u00e9 et d&#8217;esth\u00e9tique.<\/p>\n<p>Cette couleur peut \u00eatre utilis\u00e9e pour toutes les collections acoustiques Feltk\u00fctur, qu&#8217;il s&#8217;agisse de\u00a0 <a href=\"https:\/\/feltkutur.com\/fr\/tekboard-studio\/\"><strong>panneaux muraux,<\/strong><\/a> <a href=\"https:\/\/feltkutur.com\/fr\/collection-renaissance\/\">de <strong>rideaux acoustiques<\/strong><\/a>, de <a href=\"https:\/\/feltkutur.com\/fr\/quietcurve-acoustical-panels-collection\/\"><strong>syst\u00e8mes de plafonniers (baffles) acoustiques<\/strong><\/a> ou encore d&#8217;<a href=\"https:\/\/feltkutur.com\/fr\/solution-acoustique-collection-helm\/\"><strong>\u00e9cran acoustique<\/strong><\/a>. <\/p>\n\n<p>Les panneaux acoustiques Feltk\u00fctur offrent une solution pratique pour am\u00e9liorer l&#8217;insonorisation des espaces int\u00e9rieurs, en r\u00e9duisant l&#8217;\u00e9cho et le bruit ambiant afin de cr\u00e9er des environnements plus calmes et plus agr\u00e9ables \u00e0 vivre ou \u00e0 travailler.<\/p>\n\t<iframe id=\"lightbeans\" src=\"https:\/\/v-api.lightbeans.com\/organizations\/alkegen\/products\/duotex-tan-perce?showFullscreenButton=true\" width=\"500\" height=\"350\" frameborder=\"0\"><br \/>\n        <\/iframe>\n<img decoding=\"async\" src=\"https:\/\/feltkutur.com\/wp-content\/uploads\/tan-perce.jpg\" alt=\"\" width=\" 95\" height=\"95\" \/><br \/>\nTan Perc\u00e9\nDownload texture\n\u00a0\n\t<p><a href=\"https:\/\/feltkutur.com\/fr\/contactez-nous\/\"><strong>Contactez-nous<\/strong> <\/a>pour votre projet! Nous vous r\u00e9pondrons dans les <strong>48 heures<\/strong>.<\/p>\n\n<strong>D\u00e9couvrez divers projets r\u00e9alis\u00e9s avec notre feutre acoustique Beige Perc\u00e9 :<\/strong>\n\n","protected":false},"excerpt":{"rendered":"<p>BEIGE PERC\u00c9 Am\u00e9liorer l&#8217;esth\u00e9tique et l&#8217;acoustique de votre espace La couleur Beige Perc\u00e9 des produits acoustiques Feltk\u00fctur apporte une \u00e9l\u00e9gance subtile et une s\u00e9r\u00e9nit\u00e9 visuelle \u00e0 tout espace. Elle s&#8217;harmonise parfaitement avec divers styles de d\u00e9coration, tout en offrant une absorption sonore efficace pour un confort acoustique optimal. Une fusion parfaite de fonctionnalit\u00e9 et d&#8217;esth\u00e9tique. [&#8230;]<\/p>\n<p><a class=\"btn btn-secondary understrap-read-more-link\" href=\"https:\/\/feltkutur.com\/fr\/beige-perce-panneaux-acoustiques\/\">Read More&#8230;<\/a><\/p>\n","protected":false},"author":5,"featured_media":0,"parent":0,"menu_order":0,"comment_status":"closed","ping_status":"closed","template":"","meta":{"_seopress_robots_primary_cat":"","_seopress_titles_title":"","_seopress_titles_desc":"","_seopress_robots_index":"","footnotes":""},"class_list":["post-7049","page","type-page","status-publish"],"_links":{"self":[{"href":"https:\/\/feltkutur.com\/fr\/wp-json\/wp\/v2\/pages\/7049","targetHints":{"allow":["GET"]}}],"collection":[{"href":"https:\/\/feltkutur.com\/fr\/wp-json\/wp\/v2\/pages"}],"about":[{"href":"https:\/\/feltkutur.com\/fr\/wp-json\/wp\/v2\/types\/page"}],"author":[{"embeddable":true,"href":"https:\/\/feltkutur.com\/fr\/wp-json\/wp\/v2\/users\/5"}],"replies":[{"embeddable":true,"href":"https:\/\/feltkutur.com\/fr\/wp-json\/wp\/v2\/comments?post=7049"}],"version-history":[{"count":0,"href":"https:\/\/feltkutur.com\/fr\/wp-json\/wp\/v2\/pages\/7049\/revisions"}],"wp:attachment":[{"href":"https:\/\/feltkutur.com\/fr\/wp-json\/wp\/v2\/media?parent=7049"}],"curies":[{"name":"wp","href":"https:\/\/api.w.org\/{rel}","templated":true}]}}