{"id":6927,"date":"2024-05-13T13:41:35","date_gmt":"2024-05-13T17:41:35","guid":{"rendered":"https:\/\/feltkutur.com\/espace-de-travail-louise-drouin\/"},"modified":"2024-05-13T14:21:59","modified_gmt":"2024-05-13T18:21:59","slug":"espace-de-travail-louise-drouin","status":"publish","type":"page","link":"https:\/\/feltkutur.com\/fr\/espace-de-travail-louise-drouin\/","title":{"rendered":"Espace de travail &#8211; Louise Drouin"},"content":{"rendered":"\n<h1>\n\t\tR\u00c9DUCTION SONORE ET CONCENTRATION\n\t<\/h1>\n<h2>\n\t\tR\u00e9inventer l&#8217;environnement de travail chez Voyage Louise Drouin\n\t<\/h2>\n\t<p>Dans les locaux de <strong><a href=\"https:\/\/www.louisedrouin.com\/accueil\">Voyage Louise Drouin<\/a><\/strong>, le bruit des appels t\u00e9l\u00e9phoniques se propage souvent dans l&#8217;atmosph\u00e8re, cr\u00e9ant un environnement sonore moins que propice au travail concentr\u00e9. Consciente de cette probl\u00e9matique, l&#8217;\u00e9quipe de direction prit la d\u00e9cision de r\u00e9nover les bureaux pour offrir \u00e0 ses employ\u00e9s un cadre plus favorable \u00e0 la concentration et \u00e0 la productivit\u00e9.<\/p>\nPour mener \u00e0 bien ce projet, <strong><a href=\"https:\/\/www.louisedrouin.com\/accueil\">Voyage Louise Drouin<\/a><\/strong> a d\u00e9cid\u00e9 d&#8217;utiliser des produits faisant partie de la gamme de solutions acoustiques Feltk\u00fctur. L&#8217;objectif \u00e9tait clair : <strong>cr\u00e9er un environnement de travail plus confortable et propice \u00e0 la concentration.<\/strong><br \/>\n\n<h2>\n\t\tUTILISATION DE LA GAMME DE SOLUTIONS FELTK\u00dcTUR\n\t<\/h2>\n\t<p>Pour commencer, des rideaux acoustiques de la <a href=\"https:\/\/feltkutur.com\/fr\/collection-renaissance\/\"><strong>collection Renaissance<\/strong><\/a> furent install\u00e9s. Non seulement ils offrent une sensation d&#8217;intimit\u00e9, mais ils parviennent \u00e9galement \u00e0 att\u00e9nuer les bruits ambiants, cr\u00e9ant ainsi une atmosph\u00e8re plus calme et sereine. Pour contr\u00f4ler les bruits a\u00e9riens, le <a href=\"https:\/\/feltkutur.com\/fr\/tekboard-beam\/\"><strong>Tekboard Beam<\/strong><\/a> fut choisi pour les plafonds bas, apportant une gestion efficace du son dans l&#8217;espace.<\/p>\n\t<p>&nbsp;<\/p>\n<p>Quant aux murs, les panneaux acoustiques <a href=\"https:\/\/feltkutur.com\/fr\/tekboard-studio\/\"><strong>Tekboard Studio<\/strong><\/a> furent la solution id\u00e9ale. Leur structure en nid d&#8217;abeille permet d&#8217;am\u00e9liorer significativement les performances acoustiques de la pi\u00e8ce. De plus, le large <a href=\"https:\/\/feltkutur.com\/fr\/panneaux-acoustiques-duotex\/\"><strong>choix de couleurs propos\u00e9<\/strong><\/a> par la collection Feltk\u00fctur permet de cr\u00e9er des combinaisons esth\u00e9tiques et harmonieuses, s&#8217;int\u00e9grant parfaitement \u00e0 l&#8217;environnement existant.<\/p>\n\t<p>L&#8217;\u00e9quipe chez <a href=\"https:\/\/www.louisedrouin.com\/accueil\"><strong>Voyage Louise Drouin <\/strong><\/a>\u00e9tait soucieuse de maintenir l&#8217;image de qualit\u00e9 et d&#8217;excellence qui caract\u00e9risait l&#8217;agence. Fond\u00e9e par une passionn\u00e9e de voyages, l&#8217;entreprise s&#8217;\u00e9tait toujours efforc\u00e9e de proposer des exp\u00e9riences uniques et inoubliables \u00e0 sa client\u00e8le. Avec ces nouvelles installations, elle esp\u00e9rait offrir \u00e0 ses employ\u00e9s un cadre de travail \u00e0 la hauteur de ses ambitions.<\/p>\n<p>Gr\u00e2ce \u00e0 ces am\u00e9liorations, les bureaux de Voyage Louise Drouin sont d\u00e9sormais non seulement esth\u00e9tiquement agr\u00e9ables, mais aussi fonctionnels et propices \u00e0 la concentration. <\/p>\n\t<a href=\"https:\/\/feltkutur.com\/fr\/contactez-nous\/\" target=\"_blank\" rel=\"noopener\">DEMANDEZ UNE SOUMISSION POUR VOTRE projEt!<br \/>\n<\/a>\n\n","protected":false},"excerpt":{"rendered":"<p>R\u00c9DUCTION SONORE ET CONCENTRATION R\u00e9inventer l&#8217;environnement de travail chez Voyage Louise Drouin Dans les locaux de Voyage Louise Drouin, le bruit des appels t\u00e9l\u00e9phoniques se propage souvent dans l&#8217;atmosph\u00e8re, cr\u00e9ant un environnement sonore moins que propice au travail concentr\u00e9. Consciente de cette probl\u00e9matique, l&#8217;\u00e9quipe de direction prit la d\u00e9cision de r\u00e9nover les bureaux pour offrir [&#8230;]<\/p>\n<p><a class=\"btn btn-secondary understrap-read-more-link\" href=\"https:\/\/feltkutur.com\/fr\/espace-de-travail-louise-drouin\/\">Read More&#8230;<\/a><\/p>\n","protected":false},"author":5,"featured_media":0,"parent":0,"menu_order":0,"comment_status":"closed","ping_status":"closed","template":"","meta":{"_seopress_robots_primary_cat":"","_seopress_titles_title":"","_seopress_titles_desc":"","_seopress_robots_index":"","footnotes":""},"class_list":["post-6927","page","type-page","status-publish"],"_links":{"self":[{"href":"https:\/\/feltkutur.com\/fr\/wp-json\/wp\/v2\/pages\/6927","targetHints":{"allow":["GET"]}}],"collection":[{"href":"https:\/\/feltkutur.com\/fr\/wp-json\/wp\/v2\/pages"}],"about":[{"href":"https:\/\/feltkutur.com\/fr\/wp-json\/wp\/v2\/types\/page"}],"author":[{"embeddable":true,"href":"https:\/\/feltkutur.com\/fr\/wp-json\/wp\/v2\/users\/5"}],"replies":[{"embeddable":true,"href":"https:\/\/feltkutur.com\/fr\/wp-json\/wp\/v2\/comments?post=6927"}],"version-history":[{"count":0,"href":"https:\/\/feltkutur.com\/fr\/wp-json\/wp\/v2\/pages\/6927\/revisions"}],"wp:attachment":[{"href":"https:\/\/feltkutur.com\/fr\/wp-json\/wp\/v2\/media?parent=6927"}],"curies":[{"name":"wp","href":"https:\/\/api.w.org\/{rel}","templated":true}]}}