{"id":6655,"date":"2024-04-19T09:17:30","date_gmt":"2024-04-19T13:17:30","guid":{"rendered":"https:\/\/feltkutur.com\/environnement-de-travail-insonorise\/"},"modified":"2024-04-22T09:37:54","modified_gmt":"2024-04-22T13:37:54","slug":"environnement-de-travail-insonorise","status":"publish","type":"page","link":"https:\/\/feltkutur.com\/fr\/environnement-de-travail-insonorise\/","title":{"rendered":"Environnement de travail insonoris\u00e9"},"content":{"rendered":"\n<h1>\n\t\tCr\u00e9er un environnement de travail paisible\n\t<\/h1>\n<h2>\n\t\tAvec les feutres acoustiques Feltk\u00fctur\n\t<\/h2>\n\t<p>Dans un monde o\u00f9 le bruit semble omnipr\u00e9sent, la tranquillit\u00e9 et la concentration au travail deviennent des ressources pr\u00e9cieuses. Gr\u00e2ce aux<a href=\"https:\/\/feltkutur.com\/fr\/\"><strong> feutres acoustiques Feltk\u00fctur<\/strong><\/a>, vous pouvez transformer votre environnement de travail en un espace serein et productif. Avec leur capacit\u00e9 \u00e0 absorber les sons ind\u00e9sirables, ces feutres offrent une solution \u00e9l\u00e9gante pour apaiser le bruit sonore et favoriser un lieu de travail plus calme et plus confortable.<\/p>\n<p><strong>Les d\u00e9fis du bruit au travail<\/strong> : Le bruit excessif au travail peut \u00eatre source de distractions, entra\u00eenant une diminution de la productivit\u00e9, une augmentation du stress et une fatigue accrue. Les conversations bruyantes, les t\u00e9l\u00e9phones qui sonnent et les bruits environnementaux perturbateurs peuvent perturber la concentration et nuire \u00e0 la qualit\u00e9 du travail. De plus, dans les espaces de bureau ouverts, le probl\u00e8me du bruit peut \u00eatre exacerb\u00e9, car il n&#8217;y a souvent pas de barri\u00e8res physiques pour bloquer les sons.<\/p>\n<h3>\n\t\tLA SOLUTION\n\t<\/h3>\n\t<strong>Les feutres acoustiques Feltk\u00fctur<\/strong> offrent une solution simple et efficace pour r\u00e9duire le bruit dans votre environnement de travail. Fabriqu\u00e9s \u00e0 partir du <strong><a href=\"https:\/\/feltkutur.com\/fr\/panneaux-acoustiques-duotex\/\">D\u00fcotex<\/a><\/strong>, un mat\u00e9riau de haute qualit\u00e9, ce feutre est con\u00e7u pour absorber les sons ind\u00e9sirables et r\u00e9duire la r\u00e9verb\u00e9ration, cr\u00e9ant ainsi un espace plus paisible et plus confortable pour travailler.<br \/>\n\n\t\t\t\t<img decoding=\"async\" src=\"https:\/\/feltkutur.com\/wp-content\/uploads\/EMBLM-5-1-scaled.jpg\" alt=\"Acoustic solution\" itemprop=\"image\" height=\"1707\" width=\"2560\" title=\"Acoustic solution\" onerror=\"this.style.display='none'\"  \/>\n\t\t\t\t<img decoding=\"async\" src=\"https:\/\/feltkutur.com\/wp-content\/uploads\/3-13.jpg\" alt=\"Soundproof work environment\" itemprop=\"image\" height=\"1232\" width=\"1800\" title=\"Soundproof work environment\" onerror=\"this.style.display='none'\"  \/>\n<h3>\n\t\tCOMMENT FONCTIONNENT-ILS?\n\t<\/h3>\n\t<p>Les solutions <a href=\"https:\/\/feltkutur.com\/fr\/\"><strong>Feltk\u00fctur<\/strong> <\/a>fonctionnent en absorbant les ondes sonores qui les traversent, plut\u00f4t que de les renvoyer dans l&#8217;environnement. Gr\u00e2ce \u00e0 leur structure poreuse et \u00e0 leur composition sp\u00e9cifique, ils att\u00e9nuent efficacement les bruits ambiants, y compris les voix, les claquements de porte et les bruits de machines. En installant les panneaux acoustique <a href=\"https:\/\/feltkutur.com\/fr\/tekboard-studio\/\"><strong>Tekbord Studio<\/strong> <\/a>ou du <a href=\"https:\/\/feltkutur.com\/fr\/panneaux-acoustiques-duotex-tahmea\/\"><strong>D\u00fcotex Tahmea<\/strong><\/a> sur les murs, les baffles acoustiques de la <a href=\"https:\/\/feltkutur.com\/fr\/collection-constellation\/\"><strong>collection Constellation<\/strong><\/a>, <a href=\"https:\/\/feltkutur.com\/fr\/quietcurve-acoustical-panels-collection\/\"><strong>QuietCurve<\/strong> <\/a>ou <a href=\"https:\/\/feltkutur.com\/fr\/plafonniers-acoustiques-quadra\/\"><strong>Tekboard Quadra<\/strong><\/a> pour les plafonds, ou l&#8217;\u00e9cran acoustique <a href=\"https:\/\/feltkutur.com\/fr\/solution-acoustique-collection-helm\/\"><strong>H\u00eblm<\/strong><\/a>, vous r\u00e9duirez consid\u00e9rablement le niveau de bruit dans votre espace de travail.<\/p>\n<h3>\n\t\tAVANTAGES DE L&#8217;UTILISATION DES SOLUTIONS D&#8217;INSONORISATION DE FELTK\u00dcTUR\n\t<\/h3>\n\t<ul>\n<li>\n<p><strong>R\u00e9duction du bruit<\/strong> : Les feutres acoustiques Feltk\u00fctur peuvent r\u00e9duire efficacement le niveau de bruit dans votre environnement de travail, cr\u00e9ant ainsi une atmosph\u00e8re plus calme et plus propice \u00e0 la concentration.<\/p>\n<\/li>\n<li>\n<p><strong>Am\u00e9lioration de la productivit\u00e9<\/strong> : En r\u00e9duisant les distractions sonores, ces feutres peuvent contribuer \u00e0 une augmentation de la productivit\u00e9 et de la qualit\u00e9 du travail.<\/p>\n<\/li>\n<li>\n<p><strong>Confort accru<\/strong> : Un environnement de travail plus silencieux et moins stressant peut am\u00e9liorer le bien-\u00eatre g\u00e9n\u00e9ral des employ\u00e9s et favoriser un meilleur \u00e9quilibre entre vie professionnelle et vie priv\u00e9e.<\/p>\n<\/li>\n<\/ul>\n\n","protected":false},"excerpt":{"rendered":"<p>Cr\u00e9er un environnement de travail paisible Avec les feutres acoustiques Feltk\u00fctur Dans un monde o\u00f9 le bruit semble omnipr\u00e9sent, la tranquillit\u00e9 et la concentration au travail deviennent des ressources pr\u00e9cieuses. Gr\u00e2ce aux feutres acoustiques Feltk\u00fctur, vous pouvez transformer votre environnement de travail en un espace serein et productif. Avec leur capacit\u00e9 \u00e0 absorber les sons [&#8230;]<\/p>\n<p><a class=\"btn btn-secondary understrap-read-more-link\" href=\"https:\/\/feltkutur.com\/fr\/environnement-de-travail-insonorise\/\">Read More&#8230;<\/a><\/p>\n","protected":false},"author":5,"featured_media":0,"parent":0,"menu_order":0,"comment_status":"closed","ping_status":"closed","template":"","meta":{"_seopress_robots_primary_cat":"","_seopress_titles_title":"","_seopress_titles_desc":"","_seopress_robots_index":"","footnotes":""},"class_list":["post-6655","page","type-page","status-publish"],"_links":{"self":[{"href":"https:\/\/feltkutur.com\/fr\/wp-json\/wp\/v2\/pages\/6655","targetHints":{"allow":["GET"]}}],"collection":[{"href":"https:\/\/feltkutur.com\/fr\/wp-json\/wp\/v2\/pages"}],"about":[{"href":"https:\/\/feltkutur.com\/fr\/wp-json\/wp\/v2\/types\/page"}],"author":[{"embeddable":true,"href":"https:\/\/feltkutur.com\/fr\/wp-json\/wp\/v2\/users\/5"}],"replies":[{"embeddable":true,"href":"https:\/\/feltkutur.com\/fr\/wp-json\/wp\/v2\/comments?post=6655"}],"version-history":[{"count":0,"href":"https:\/\/feltkutur.com\/fr\/wp-json\/wp\/v2\/pages\/6655\/revisions"}],"wp:attachment":[{"href":"https:\/\/feltkutur.com\/fr\/wp-json\/wp\/v2\/media?parent=6655"}],"curies":[{"name":"wp","href":"https:\/\/api.w.org\/{rel}","templated":true}]}}