{"id":6517,"date":"2024-03-25T08:38:37","date_gmt":"2024-03-25T12:38:37","guid":{"rendered":"https:\/\/feltkutur.com\/systeme-de-plafonnier-acoustique-atlantic\/"},"modified":"2024-04-29T11:57:27","modified_gmt":"2024-04-29T15:57:27","slug":"systeme-de-plafonnier-acoustique-atlantic","status":"publish","type":"page","link":"https:\/\/feltkutur.com\/fr\/systeme-de-plafonnier-acoustique-atlantic\/","title":{"rendered":"Syst\u00e8me de plafonnier acoustique &#8211; Atlantic"},"content":{"rendered":"\n<h1>\n\t\tObtenir un confort acoustique optimal dans un vaste environnement\n\t<\/h1>\n<h2>\n\t\tAvec le syst\u00e8me de plafonniers acoustiques Atlantic\n\t<\/h2>\n\t<p>Le syst\u00e8me de <strong>plafonniers (baffles) acoustiques<\/strong> <strong>Atlantic<\/strong> de la <a href=\"https:\/\/feltkutur.com\/fr\/quietcurve-acoustical-panels-collection\/\"><strong>collection Quietcurve<\/strong><\/a> de <strong>Feltk\u00fctur<\/strong>, incarne l&#8217;\u00e9l\u00e9gance fonctionnelle, parfaite pour les vastes environnements, tout en \u00e9voquant les gracieuses vagues de l&#8217;oc\u00e9an Atlantique. Son design, inspir\u00e9 des courbes fluides de l&#8217;eau, apporte une atmosph\u00e8re de calme et de fluidit\u00e9 aux grands espaces tels que les a\u00e9roports, les salles de conf\u00e9rence ou les halls d&#8217;entr\u00e9e.<\/p>\n\t<p>En plus d&#8217;am\u00e9liorer l&#8217;esth\u00e9tique d&#8217;un environnement, le <strong>mod\u00e8le Atlantic<\/strong> de la <a href=\"https:\/\/feltkutur.com\/fr\/quietcurve-acoustical-panels-collection\/\"><strong>collection Quietcurve<\/strong> <\/a>absorbe activement le son ambiant, r\u00e9duisant les \u00e9chos et cr\u00e9ant un environnement acoustique plus confortable et propice \u00e0 la concentration. Ce syst\u00e8me de plafonniers (baffles) acoustiques cr\u00e9e une exp\u00e9rience immersive, enveloppant les occupants dans une atmosph\u00e8re de tranquillit\u00e9 et de s\u00e9r\u00e9nit\u00e9.<\/p>\n\t<p>Fabriqu\u00e9 \u00e0 partir de mat\u00e9riaux de haute qualit\u00e9, dont notre <a href=\"https:\/\/feltkutur.com\/fr\/panneaux-acoustiques-duotex\/\"><strong>panneau acoustique D\u00fcotex<\/strong><\/a>, ce syst\u00e8me de plafonniers (baffles) acoustiques s&#8217;int\u00e8gre harmonieusement \u00e0 tout d\u00e9cor contemporain, ajoutant une touche d&#8217;\u00e9l\u00e9gance tout en am\u00e9liorant la fonctionnalit\u00e9 de tout grand espace partag\u00e9.<\/p>\n\n","protected":false},"excerpt":{"rendered":"<p>Obtenir un confort acoustique optimal dans un vaste environnement Avec le syst\u00e8me de plafonniers acoustiques Atlantic Le syst\u00e8me de plafonniers (baffles) acoustiques Atlantic de la collection Quietcurve de Feltk\u00fctur, incarne l&#8217;\u00e9l\u00e9gance fonctionnelle, parfaite pour les vastes environnements, tout en \u00e9voquant les gracieuses vagues de l&#8217;oc\u00e9an Atlantique. Son design, inspir\u00e9 des courbes fluides de l&#8217;eau, apporte [&#8230;]<\/p>\n<p><a class=\"btn btn-secondary understrap-read-more-link\" href=\"https:\/\/feltkutur.com\/fr\/systeme-de-plafonnier-acoustique-atlantic\/\">Read More&#8230;<\/a><\/p>\n","protected":false},"author":1,"featured_media":0,"parent":0,"menu_order":0,"comment_status":"closed","ping_status":"closed","template":"","meta":{"_seopress_robots_primary_cat":"","_seopress_titles_title":"","_seopress_titles_desc":"","_seopress_robots_index":"","footnotes":""},"class_list":["post-6517","page","type-page","status-publish"],"_links":{"self":[{"href":"https:\/\/feltkutur.com\/fr\/wp-json\/wp\/v2\/pages\/6517","targetHints":{"allow":["GET"]}}],"collection":[{"href":"https:\/\/feltkutur.com\/fr\/wp-json\/wp\/v2\/pages"}],"about":[{"href":"https:\/\/feltkutur.com\/fr\/wp-json\/wp\/v2\/types\/page"}],"author":[{"embeddable":true,"href":"https:\/\/feltkutur.com\/fr\/wp-json\/wp\/v2\/users\/1"}],"replies":[{"embeddable":true,"href":"https:\/\/feltkutur.com\/fr\/wp-json\/wp\/v2\/comments?post=6517"}],"version-history":[{"count":0,"href":"https:\/\/feltkutur.com\/fr\/wp-json\/wp\/v2\/pages\/6517\/revisions"}],"wp:attachment":[{"href":"https:\/\/feltkutur.com\/fr\/wp-json\/wp\/v2\/media?parent=6517"}],"curies":[{"name":"wp","href":"https:\/\/api.w.org\/{rel}","templated":true}]}}