{"id":6444,"date":"2024-03-14T15:00:00","date_gmt":"2024-03-14T19:00:00","guid":{"rendered":"https:\/\/feltkutur.com\/solution-acoustique-collection-helm\/"},"modified":"2025-09-08T10:37:30","modified_gmt":"2025-09-08T14:37:30","slug":"solution-acoustique-collection-helm","status":"publish","type":"page","link":"https:\/\/feltkutur.com\/fr\/solution-acoustique-collection-helm\/","title":{"rendered":"Solution acoustique &#8211; Collection H\u00eblm"},"content":{"rendered":"\n<h3>\n\t\tCOLLECTION H\u00cbLM \n\t<\/h3>\n<h3>\n\t\t\u00c9CRAN ACOUSTIQUE\n\t<\/h3>\n<h3>\n\t\tLES \u00c9CRANS ACOUSTIQUES DANS LES ESPACES PARTAG\u00c9S AM\u00c9LIORENT LA CONCENTRATION ET LA PRODUCTIVIT\u00c9 EN \u00c9LIMINANT LES DISTRACTIONS SONORES\n\t<\/h3>\n<h2>\n\t\tH\u00cbLM\n\t<\/h2>\n\t<meta itemprop=\"url\" content=\"https:\/\/feltkutur.com\/wp-content\/uploads\/helm_taille-reduite.mp4\" \/><div style=\"width: 640px;\" class=\"wp-video\"><video class=\"wp-video-shortcode\" id=\"video-6444-1\" width=\"640\" height=\"360\" loop autoplay preload=\"metadata\" controls=\"controls\"><source type=\"video\/mp4\" src=\"https:\/\/feltkutur.com\/wp-content\/uploads\/helm_taille-reduite.mp4?_=1\" \/><a href=\"https:\/\/feltkutur.com\/wp-content\/uploads\/helm_taille-reduite.mp4\">https:\/\/feltkutur.com\/wp-content\/uploads\/helm_taille-reduite.mp4<\/a><\/video><\/div>\n\t<h1><a href=\"https:\/\/feltkutur.com\/wp-content\/uploads\/ALK-HELM-DIMENSION.pdf\">SP\u00c9CIFICATIONS TECHNIQUES<\/a><\/h1>\n\t<h1><a href=\"https:\/\/feltkutur.com\/wp-content\/uploads\/ALK-HELM-INSTALLATION.pdf\">GUIDE D&#8217;INSTALLATION<\/a><\/h1>\n\t<meta itemprop=\"url\" content=\"https:\/\/feltkutur.com\/wp-content\/uploads\/360.mp4\" \/><div style=\"width: 640px;\" class=\"wp-video\"><video class=\"wp-video-shortcode\" id=\"video-6444-2\" width=\"640\" height=\"360\" preload=\"metadata\" controls=\"controls\"><source type=\"video\/mp4\" src=\"https:\/\/feltkutur.com\/wp-content\/uploads\/360.mp4?_=2\" \/><a href=\"https:\/\/feltkutur.com\/wp-content\/uploads\/360.mp4\">https:\/\/feltkutur.com\/wp-content\/uploads\/360.mp4<\/a><\/video><\/div>\n\t<h1><a href=\"https:\/\/feltkutur.com\/fr\/contactez-nous\/\">DEMANDEZ UNE SOUMISSION POUR VOTRE PROJET!<\/a><\/h1>\n\n","protected":false},"excerpt":{"rendered":"<p>COLLECTION H\u00cbLM \u00c9CRAN ACOUSTIQUE LES \u00c9CRANS ACOUSTIQUES DANS LES ESPACES PARTAG\u00c9S AM\u00c9LIORENT LA CONCENTRATION ET LA PRODUCTIVIT\u00c9 EN \u00c9LIMINANT LES DISTRACTIONS SONORES H\u00cbLM SP\u00c9CIFICATIONS TECHNIQUES GUIDE D&#8217;INSTALLATION DEMANDEZ UNE SOUMISSION POUR VOTRE PROJET! [&#8230;]<\/p>\n<p><a class=\"btn btn-secondary understrap-read-more-link\" href=\"https:\/\/feltkutur.com\/fr\/solution-acoustique-collection-helm\/\">Read More&#8230;<\/a><\/p>\n","protected":false},"author":1,"featured_media":0,"parent":0,"menu_order":0,"comment_status":"closed","ping_status":"closed","template":"","meta":{"_seopress_robots_primary_cat":"","_seopress_titles_title":"","_seopress_titles_desc":"","_seopress_robots_index":"","footnotes":""},"class_list":["post-6444","page","type-page","status-publish"],"_links":{"self":[{"href":"https:\/\/feltkutur.com\/fr\/wp-json\/wp\/v2\/pages\/6444","targetHints":{"allow":["GET"]}}],"collection":[{"href":"https:\/\/feltkutur.com\/fr\/wp-json\/wp\/v2\/pages"}],"about":[{"href":"https:\/\/feltkutur.com\/fr\/wp-json\/wp\/v2\/types\/page"}],"author":[{"embeddable":true,"href":"https:\/\/feltkutur.com\/fr\/wp-json\/wp\/v2\/users\/1"}],"replies":[{"embeddable":true,"href":"https:\/\/feltkutur.com\/fr\/wp-json\/wp\/v2\/comments?post=6444"}],"version-history":[{"count":0,"href":"https:\/\/feltkutur.com\/fr\/wp-json\/wp\/v2\/pages\/6444\/revisions"}],"wp:attachment":[{"href":"https:\/\/feltkutur.com\/fr\/wp-json\/wp\/v2\/media?parent=6444"}],"curies":[{"name":"wp","href":"https:\/\/api.w.org\/{rel}","templated":true}]}}