{"id":6400,"date":"2024-03-01T11:10:15","date_gmt":"2024-03-01T16:10:15","guid":{"rendered":"https:\/\/feltkutur.com\/svante-espace-acoustique\/"},"modified":"2024-03-05T07:49:01","modified_gmt":"2024-03-05T12:49:01","slug":"svante-espace-acoustique","status":"publish","type":"page","link":"https:\/\/feltkutur.com\/fr\/svante-espace-acoustique\/","title":{"rendered":"Svante espace acoustique"},"content":{"rendered":"\n<h2>\n\t\tTransformation durable des bureaux de Svante\n\t<\/h2>\n<h1>\n\t\tAm\u00e9liorer l&#8217;esth\u00e9tique et l&#8217;acoustique avec Feltk\u00fctur\n\t<\/h1>\n\t\t\t\t<img decoding=\"async\" src=\"https:\/\/feltkutur.com\/wp-content\/uploads\/1-12.jpg\" alt=\"Svante\" itemprop=\"image\" height=\"921\" width=\"2048\" title=\"Svante\" onerror=\"this.style.display='none'\"  \/>\n\t<p><a href=\"https:\/\/www.svanteinc.com\/\"><strong>Svante<\/strong> <\/a>est un fournisseur de solutions de capture et de retrait du carbone ax\u00e9 sur un objectif bas\u00e9 \u00e0 Vancouver, au Canada. Svante fabrique des filtres nano-ing\u00e9nieux avanc\u00e9s et des machines rotatives modulaires con\u00e7ues pour capturer et \u00e9liminer le CO2 des \u00e9missions industrielles et de l&#8217;atmosph\u00e8re, contribuant \u00e0 un avenir plus vert et plus propre. Reconnu sur des listes prestigieuses telles que le Global Cleantech 100 et le Corporate Knights&#8217; Future 50 Fastest Growing Sustainable Companies, Svante est \u00e0 l&#8217;avant-garde de la r\u00e9volution des technologies propres.<\/p>\n\tDans l&#8217;\u00e8re actuelle de durabilit\u00e9 et de conscience environnementale, des entreprises comme Svante m\u00e8nent la charge en fournissant des solutions innovantes pour lutter contre le changement climatique. Leur engagement envers la durabilit\u00e9 s&#8217;\u00e9tend \u00e0 la conception de leur espace de travail. Svante s&#8217;associe \u00e0 <a href=\"https:\/\/feltkutur.com\/fr\/\"><strong>Feltk\u00fctur<\/strong> <\/a>pour am\u00e9liorer <strong>l&#8217;esth\u00e9tique et l&#8217;acoustique des bureaux<\/strong>.<br \/>\n\n\t<p>&nbsp;<\/p>\n<p>Un aspect du design durable souvent n\u00e9glig\u00e9 est l&#8217;acoustique. Cependant, avec la collection <a href=\"https:\/\/feltkutur.com\/fr\/\"><strong>Feltk\u00fctur<\/strong> <\/a>de syst\u00e8mes de <strong>plafonniers (baffles) acoustiques<\/strong>, les espaces peuvent \u00eatre \u00e0 la fois esth\u00e9tiquement plaisants et acoustiquement optimis\u00e9s. Ces syst\u00e8mes de baffles innovants absorbent non seulement le son, r\u00e9duisant les niveaux de bruit et am\u00e9liorant l&#8217;acoustique globale, mais ils ajoutent \u00e9galement un \u00e9l\u00e9ment visuellement frappant \u00e0 tout environnement.<\/p>\n<p>&nbsp;<\/p>\n\t<p>&nbsp;<\/p>\n<p>La collection <a href=\"https:\/\/feltkutur.com\/fr\/collection-constellation\/\"><strong>Constellation<\/strong><\/a>, avec des designs tels qu&#8217;<strong>Orion<\/strong>, <strong>Cassiop\u00e9e<\/strong> et <strong>Androm\u00e8de<\/strong>, offre une gamme d&#8217;options stylis\u00e9es pour convenir \u00e0 diff\u00e9rentes pr\u00e9f\u00e9rences et espaces. Que l&#8217;on opte pour ces mod\u00e8les artistiques ou pour des formes rectangulaires plus discr\u00e8tes, la disposition et le placement des syst\u00e8mes de baffles sont cruciaux pour maximiser leur performance acoustique.<\/p>\n<p>&nbsp;<\/p>\n\t<p>Au-del\u00e0 de leurs avantages fonctionnels, les syst\u00e8mes de <strong>plafonniers (baffles) acoustiques <a href=\"https:\/\/feltkutur.com\/fr\/\">Feltk\u00fctur<\/a><\/strong> offrent une opportunit\u00e9 d&#8217;\u00e9largir le design int\u00e9rieur et de transformer les murs ordinaires en caract\u00e9ristiques dynamiques et attrayantes. En incorporant ces solutions innovantes, les espaces peuvent \u00eatre impr\u00e9gn\u00e9s d&#8217;un sentiment de modernit\u00e9 et de sophistication, tout en favorisant un environnement plus confortable et productif pour les occupants.<\/p>\n\t<p><a href=\"https:\/\/feltkutur.com\/fr\/contactez-nous\/\" target=\"_blank\" rel=\"noopener\">DEMANDEZ UNE SOUMISSION POUR VOTRE PROJET!<\/a><\/p>\n\n","protected":false},"excerpt":{"rendered":"<p>Transformation durable des bureaux de Svante Am\u00e9liorer l&#8217;esth\u00e9tique et l&#8217;acoustique avec Feltk\u00fctur Svante est un fournisseur de solutions de capture et de retrait du carbone ax\u00e9 sur un objectif bas\u00e9 \u00e0 Vancouver, au Canada. Svante fabrique des filtres nano-ing\u00e9nieux avanc\u00e9s et des machines rotatives modulaires con\u00e7ues pour capturer et \u00e9liminer le CO2 des \u00e9missions industrielles [&#8230;]<\/p>\n<p><a class=\"btn btn-secondary understrap-read-more-link\" href=\"https:\/\/feltkutur.com\/fr\/svante-espace-acoustique\/\">Read More&#8230;<\/a><\/p>\n","protected":false},"author":1,"featured_media":0,"parent":0,"menu_order":0,"comment_status":"closed","ping_status":"closed","template":"","meta":{"_seopress_robots_primary_cat":"","_seopress_titles_title":"","_seopress_titles_desc":"","_seopress_robots_index":"","footnotes":""},"class_list":["post-6400","page","type-page","status-publish"],"_links":{"self":[{"href":"https:\/\/feltkutur.com\/fr\/wp-json\/wp\/v2\/pages\/6400","targetHints":{"allow":["GET"]}}],"collection":[{"href":"https:\/\/feltkutur.com\/fr\/wp-json\/wp\/v2\/pages"}],"about":[{"href":"https:\/\/feltkutur.com\/fr\/wp-json\/wp\/v2\/types\/page"}],"author":[{"embeddable":true,"href":"https:\/\/feltkutur.com\/fr\/wp-json\/wp\/v2\/users\/1"}],"replies":[{"embeddable":true,"href":"https:\/\/feltkutur.com\/fr\/wp-json\/wp\/v2\/comments?post=6400"}],"version-history":[{"count":0,"href":"https:\/\/feltkutur.com\/fr\/wp-json\/wp\/v2\/pages\/6400\/revisions"}],"wp:attachment":[{"href":"https:\/\/feltkutur.com\/fr\/wp-json\/wp\/v2\/media?parent=6400"}],"curies":[{"name":"wp","href":"https:\/\/api.w.org\/{rel}","templated":true}]}}