{"id":6363,"date":"2024-02-12T08:29:04","date_gmt":"2024-02-12T13:29:04","guid":{"rendered":"https:\/\/feltkutur.com\/teknion-furniture\/"},"modified":"2024-02-12T13:20:59","modified_gmt":"2024-02-12T18:20:59","slug":"teknion-furniture","status":"publish","type":"page","link":"https:\/\/feltkutur.com\/fr\/teknion-furniture\/","title":{"rendered":"Teknion furniture"},"content":{"rendered":"\n<h2>\n\t\t\u00c9LARGIR LES POSSIBILIT\u00c9S\n\t<\/h2>\n\t\t\t\t<img decoding=\"async\" src=\"https:\/\/feltkutur.com\/wp-content\/uploads\/TeknionLogoGrey-SCREEN-Preferred.jpg\" alt=\"TeknionLogoGrey-SCREEN-Preferred\" itemprop=\"image\" height=\"4167\" width=\"18976\" title=\"TeknionLogoGrey-SCREEN-Preferred\" onerror=\"this.style.display='none'\"  \/>\n<h2>\n\t\tNOUVELLEMENT DISPONIBLE SUR LE CONFIGURATEUR 3D\n\t<\/h2>\n\t\t\t<img decoding=\"async\" loading='false' src=\"https:\/\/feltkutur.com\/wp-content\/uploads\/Teknion_202424_122401.png\" alt=\"\" \/>\t\t\t\n\t\t\t<img decoding=\"async\" loading='false' src=\"https:\/\/feltkutur.com\/wp-content\/uploads\/Teknion_2024210_070339.png\" alt=\"\" \/>\t\t\t\n\tGr\u00e2ce \u00e0 notre partenariat avec <a href=\"https:\/\/teknionca.enginess.net\/can\/fr\/\"><strong>Teknion<\/strong><\/a>, nous avons \u00e9largi la gamme de mobilier de bureau disponible dans notre <strong><a href=\"https:\/\/feltkutur.com\/fr\/3d-acoustic-tool\/\">configurateur 3D Feltk\u00fctur Illusion<\/a><\/strong>. Teknion est reconnu pour concevoir des produits novateurs qui d\u00e9passent les limites architecturales et les cultures d&#8217;entreprise. Leur mobilier r\u00e9pond \u00e0 tous les besoins en milieu de travail. <br \/>\n\n\t<p><a href=\"https:\/\/feltkutur.com\/fr\/3d-acoustic-tool\/\"><strong>Feltk\u00fctur Illusion<\/strong><\/a> est une plateforme conviviale qui stimule la cr\u00e9ativit\u00e9 et l&#8217;imagination, offrant une interface intuitive pour la conception et la visualisation 3D. D\u00e9sormais, n&#8217;importe qui peut exp\u00e9rimenter la mod\u00e9lisation 3D sans avoir besoin de comp\u00e9tences professionnelles. <\/p>\n<p>Avec l&#8217;int\u00e9gration du mobilier innovant de <a href=\"https:\/\/teknionca.enginess.net\/can\/fr\/\"><strong>Teknion<\/strong> <\/a>dans notre configurateur, les utilisateurs peuvent facilement explorer et personnaliser leur espace de travail id\u00e9al. Que vous am\u00e9nagiez une startup ou un bureau d&#8217;entreprise, notre partenariat garantit que vous trouverez un mobilier qui d\u00e9passe vos attentes. D\u00e9couvrez les possibilit\u00e9s infinies du design de bureau avec <a href=\"https:\/\/feltkutur.com\/fr\/3d-acoustic-tool\/\"><strong>Feltk\u00fctur Illusion<\/strong><\/a> et <a href=\"https:\/\/teknionca.enginess.net\/can\/fr\/\"><strong>Teknion<\/strong><\/a>.<\/p>\n\t<p><a href=\"https:\/\/feltkutur.com\/fr\/3d-acoustic-tool\/\" target=\"_blank\" rel=\"noopener\">CLIquez ici pour l&#8217;essayer d\u00e8s maintenant<\/a><\/p>\n\n","protected":false},"excerpt":{"rendered":"<p>\u00c9LARGIR LES POSSIBILIT\u00c9S NOUVELLEMENT DISPONIBLE SUR LE CONFIGURATEUR 3D Gr\u00e2ce \u00e0 notre partenariat avec Teknion, nous avons \u00e9largi la gamme de mobilier de bureau disponible dans notre configurateur 3D Feltk\u00fctur Illusion. Teknion est reconnu pour concevoir des produits novateurs qui d\u00e9passent les limites architecturales et les cultures d&#8217;entreprise. Leur mobilier r\u00e9pond \u00e0 tous les besoins [&#8230;]<\/p>\n<p><a class=\"btn btn-secondary understrap-read-more-link\" href=\"https:\/\/feltkutur.com\/fr\/teknion-furniture\/\">Read More&#8230;<\/a><\/p>\n","protected":false},"author":1,"featured_media":0,"parent":0,"menu_order":0,"comment_status":"closed","ping_status":"closed","template":"","meta":{"_seopress_robots_primary_cat":"","_seopress_titles_title":"","_seopress_titles_desc":"","_seopress_robots_index":"","footnotes":""},"class_list":["post-6363","page","type-page","status-publish"],"_links":{"self":[{"href":"https:\/\/feltkutur.com\/fr\/wp-json\/wp\/v2\/pages\/6363","targetHints":{"allow":["GET"]}}],"collection":[{"href":"https:\/\/feltkutur.com\/fr\/wp-json\/wp\/v2\/pages"}],"about":[{"href":"https:\/\/feltkutur.com\/fr\/wp-json\/wp\/v2\/types\/page"}],"author":[{"embeddable":true,"href":"https:\/\/feltkutur.com\/fr\/wp-json\/wp\/v2\/users\/1"}],"replies":[{"embeddable":true,"href":"https:\/\/feltkutur.com\/fr\/wp-json\/wp\/v2\/comments?post=6363"}],"version-history":[{"count":0,"href":"https:\/\/feltkutur.com\/fr\/wp-json\/wp\/v2\/pages\/6363\/revisions"}],"wp:attachment":[{"href":"https:\/\/feltkutur.com\/fr\/wp-json\/wp\/v2\/media?parent=6363"}],"curies":[{"name":"wp","href":"https:\/\/api.w.org\/{rel}","templated":true}]}}