{"id":6328,"date":"2024-02-05T09:35:24","date_gmt":"2024-02-05T14:35:24","guid":{"rendered":"https:\/\/feltkutur.com\/venture-anticosti-collection\/"},"modified":"2024-02-05T09:47:25","modified_gmt":"2024-02-05T14:47:25","slug":"venture-anticosti-collection","status":"publish","type":"page","link":"https:\/\/feltkutur.com\/fr\/venture-anticosti-collection\/","title":{"rendered":"Venture &#8211; Anticosti Collection"},"content":{"rendered":"\n<h2>\n\t\tNOUVELLEMENT DISPONIBLE SUR LE CONFIGURATEUR 3D\n\t<\/h2>\n<h2>\n\t\tLA COLLECTION ANTICOSTI PAR\n\t<\/h2>\n\t\t\t\t<img decoding=\"async\" src=\"https:\/\/feltkutur.com\/wp-content\/uploads\/5dced00f3ee1aa31799691af_venture_new_logo-p-500.png\" alt=\"5dced00f3ee1aa31799691af_venture_new_logo-p-500\" itemprop=\"image\" height=\"140\" width=\"500\" title=\"5dced00f3ee1aa31799691af_venture_new_logo-p-500\" onerror=\"this.style.display='none'\"  \/>\n\t<h2>NOUVELLES OPTIONS DE RECOUVREMENT DE PLANCHER EN TAPIS<br \/>\n<\/h2>\n\t<p>La <a href=\"https:\/\/www.venturecarpets.com\/anticosti\"><strong>collection Anticosti de Venture<\/strong><\/a> est d\u00e9sormais disponible sur le <strong><a href=\"https:\/\/feltkutur.com\/fr\/3d-acoustic-tool\/\">configurateur 3D Feltk\u00fctur Illusion<\/a><\/strong>, offrant une exp\u00e9rience immersive pour la conception de rev\u00eatements de sol inspir\u00e9s par la nature et les \u00e9l\u00e9ments du littoral qu\u00e9b\u00e9cois. Gr\u00e2ce \u00e0 notre outil 3D novateur, vous pouvez positionner et dimensionner les tapis de la collection Anticosti selon vos pr\u00e9f\u00e9rences, que ce soit pour rev\u00eatir enti\u00e8rement votre sol ou cr\u00e9er une section de moquette distincte.<\/p>\n<p>Le <a href=\"https:\/\/feltkutur.com\/fr\/3d-acoustic-tool\/\"><strong>configurateur 3D Feltk\u00fctur Illusion<\/strong> <\/a>ouvre les portes \u00e0 la cr\u00e9ation de votre environnement id\u00e9al. Une fois que vous avez s\u00e9lectionn\u00e9 votre objet, les possibilit\u00e9s deviennent infinies. Avec des commandes intuitives, vous pouvez ais\u00e9ment manipuler votre cr\u00e9ation dans un espace tridimensionnel, lui donnant vie comme si vous sculptiez avec de l&#8217;argile virtuelle, mais sans le moindre d\u00e9sordre. Vous avez la libert\u00e9 de faire pivoter, mettre \u00e0 l&#8217;\u00e9chelle et positionner votre rev\u00eatement de sol selon vos d\u00e9sirs.<\/p>\n\t<p>Ce qui rend <a href=\"https:\/\/feltkutur.com\/fr\/3d-acoustic-tool\/\"><strong>Feltk\u00fctur Illusion<\/strong><\/a> encore plus passionnant, c&#8217;est sa capacit\u00e9 \u00e0 pr\u00e9visualiser vos cr\u00e9ations sous diff\u00e9rents angles. Vous pouvez explorer chaque d\u00e9tail et ajuster chaque aspect pour obtenir le r\u00e9sultat parfait. Et si vous souhaitez apporter des modifications, il vous suffit de choisir parmi la vaste palette de couleurs et la biblioth\u00e8que de textures disponibles, regardant votre cr\u00e9ation se transformer instantan\u00e9ment sous vos yeux.<\/p>\n<p>Mais l&#8217;innovation ne s&#8217;arr\u00eate pas l\u00e0. Vous pouvez \u00e9galement enrichir votre design en ajoutant d&#8217;autres objets ou personnages pour interagir avec votre cr\u00e9ation, donnant ainsi vie \u00e0 votre monde virtuel de fa\u00e7on dynamique. Et lorsque vous \u00eates satisfait du r\u00e9sultat, il vous suffit de cliquer sur le bouton de partage pour enregistrer ou partager votre design avec d&#8217;autres.<\/p>\n<p>En somme, le <a href=\"https:\/\/feltkutur.com\/fr\/3d-acoustic-tool\/\"><strong>configurateur 3D Feltk\u00fctur Illusion<\/strong><\/a> offre une exp\u00e9rience de conception r\u00e9volutionnaire, permettant \u00e0 chacun de laisser libre cours \u00e0 sa cr\u00e9ativit\u00e9 et de cr\u00e9er des espaces uniques et inspirants.<\/p>\n\t<p><a href=\"https:\/\/feltkutur.com\/fr\/3d-acoustic-tool\/\" target=\"_blank\" rel=\"noopener\">CLIQUEZ ICI POUR L&#8217;ESSAYER D\u00c8S MAINTENANT<\/a><\/p>\n\n","protected":false},"excerpt":{"rendered":"<p>NOUVELLEMENT DISPONIBLE SUR LE CONFIGURATEUR 3D LA COLLECTION ANTICOSTI PAR NOUVELLES OPTIONS DE RECOUVREMENT DE PLANCHER EN TAPIS La collection Anticosti de Venture est d\u00e9sormais disponible sur le configurateur 3D Feltk\u00fctur Illusion, offrant une exp\u00e9rience immersive pour la conception de rev\u00eatements de sol inspir\u00e9s par la nature et les \u00e9l\u00e9ments du littoral qu\u00e9b\u00e9cois. Gr\u00e2ce \u00e0 [&#8230;]<\/p>\n<p><a class=\"btn btn-secondary understrap-read-more-link\" href=\"https:\/\/feltkutur.com\/fr\/venture-anticosti-collection\/\">Read More&#8230;<\/a><\/p>\n","protected":false},"author":1,"featured_media":0,"parent":0,"menu_order":0,"comment_status":"closed","ping_status":"closed","template":"","meta":{"_seopress_robots_primary_cat":"","_seopress_titles_title":"","_seopress_titles_desc":"","_seopress_robots_index":"","footnotes":""},"class_list":["post-6328","page","type-page","status-publish"],"_links":{"self":[{"href":"https:\/\/feltkutur.com\/fr\/wp-json\/wp\/v2\/pages\/6328","targetHints":{"allow":["GET"]}}],"collection":[{"href":"https:\/\/feltkutur.com\/fr\/wp-json\/wp\/v2\/pages"}],"about":[{"href":"https:\/\/feltkutur.com\/fr\/wp-json\/wp\/v2\/types\/page"}],"author":[{"embeddable":true,"href":"https:\/\/feltkutur.com\/fr\/wp-json\/wp\/v2\/users\/1"}],"replies":[{"embeddable":true,"href":"https:\/\/feltkutur.com\/fr\/wp-json\/wp\/v2\/comments?post=6328"}],"version-history":[{"count":0,"href":"https:\/\/feltkutur.com\/fr\/wp-json\/wp\/v2\/pages\/6328\/revisions"}],"wp:attachment":[{"href":"https:\/\/feltkutur.com\/fr\/wp-json\/wp\/v2\/media?parent=6328"}],"curies":[{"name":"wp","href":"https:\/\/api.w.org\/{rel}","templated":true}]}}