{"id":6255,"date":"2024-01-16T08:37:12","date_gmt":"2024-01-16T13:37:12","guid":{"rendered":"https:\/\/feltkutur.com\/?page_id=6255"},"modified":"2025-09-08T10:29:21","modified_gmt":"2025-09-08T14:29:21","slug":"quietcurve-acoustical-panels-collection","status":"publish","type":"page","link":"https:\/\/feltkutur.com\/fr\/quietcurve-acoustical-panels-collection\/","title":{"rendered":"Collection Panneaux Acoustiques Quietcurve"},"content":{"rendered":"\n<h3>\n\t\tCOLLECTION QUIETCURVE\n\t<\/h3>\n<h3>\n\t\tSYST\u00c8ME DE PLAFONNIERS ACOUSTIQUES\n\t<\/h3>\n<h3>\n\t\tLE QUIETCURVE AJOUTERA UNE TOUCHE DE DESIGN TOUT EN AM\u00c9LIORANT LE CONFORT ACOUSTIQUE DE TOUT ENVIRONNEMENT COLLABORATIF.\n\t<\/h3>\n<h2>\n\t\tATLANTIC\n\t<\/h2>\n\t<h1><a href=\"https:\/\/feltkutur.com\/wp-content\/uploads\/ALK-ATLANTIC-INSTALLATION.pdf\" target=\"_blank\" rel=\"noopener\">GUIDE D&#8217;INSTALLATION<\/a><\/h1>\n\t<h1><a href=\"https:\/\/feltkutur.com\/wp-content\/uploads\/ALK-ATLANTIC-DIMENSION.pdf\" target=\"_blank\" rel=\"noopener\">SP\u00c9CIFICATIONS TECHNIQUES<\/a><\/h1>\n\t<h1><a href=\"https:\/\/feltkutur.com\/fr\/quietcurve-7-vagues\/\" target=\"_blank\" rel=\"noopener\">outil de visualisation 3D<\/a><\/h1>\n\t<p><a href=\"https:\/\/feltkutur.com\/fr\/contactez-nous\/\" target=\"_blank\" rel=\"noopener\">demandez une soumission pour votre projet<\/a><\/p>\n<h2>\n\t\tPACIFIC\n\t<\/h2>\n\t<h1><a href=\"https:\/\/feltkutur.com\/wp-content\/uploads\/ALK-PACIFIC-INSTALLATION.pdf\" target=\"_blank\" rel=\"noopener\">GUIDE D&#8217;INSTALLATION<\/a><\/h1>\n\t<h1><a href=\"https:\/\/feltkutur.com\/wp-content\/uploads\/ALK-PACIFIC-DIMENSION.pdf\" target=\"_blank\" rel=\"noopener\">SP\u00c9CIFICATIONS TECHNIQUES <\/a><\/h1>\n\t<h1><a href=\"https:\/\/feltkutur.com\/fr\/quietcurve-10-vagues\/\" target=\"_blank\" rel=\"noopener\">outil de visualisation 3D<\/a><\/h1>\n\t<p><a href=\"https:\/\/feltkutur.com\/fr\/contactez-nous\/\" target=\"_blank\" rel=\"noopener\">demandez une soumission pour votre projet<\/a><\/p>\n\t<meta itemprop=\"url\" content=\"https:\/\/feltkutur.com\/wp-content\/uploads\/QUIETCURVE-FR-\u2010.mp4\" \/><div style=\"width: 640px;\" class=\"wp-video\"><video class=\"wp-video-shortcode\" id=\"video-6255-1\" width=\"640\" height=\"360\" poster=\"https:\/\/feltkutur.com\/wp-content\/uploads\/model-2.jpg\" preload=\"none\" controls=\"controls\"><source type=\"video\/mp4\" src=\"https:\/\/feltkutur.com\/wp-content\/uploads\/QUIETCURVE-FR-\u2010.mp4?_=1\" \/><a href=\"https:\/\/feltkutur.com\/wp-content\/uploads\/QUIETCURVE-FR-\u2010.mp4\">https:\/\/feltkutur.com\/wp-content\/uploads\/QUIETCURVE-FR-\u2010.mp4<\/a><\/video><\/div>\n\t<meta itemprop=\"url\" content=\"https:\/\/feltkutur.com\/wp-content\/uploads\/QUIETCURVE-FR-7.mp4\" \/><div style=\"width: 640px;\" class=\"wp-video\"><video class=\"wp-video-shortcode\" id=\"video-6255-2\" width=\"640\" height=\"360\" poster=\"https:\/\/feltkutur.com\/wp-content\/uploads\/model-1.jpg\" preload=\"none\" controls=\"controls\"><source type=\"video\/mp4\" src=\"https:\/\/feltkutur.com\/wp-content\/uploads\/QUIETCURVE-FR-7.mp4?_=2\" \/><a href=\"https:\/\/feltkutur.com\/wp-content\/uploads\/QUIETCURVE-FR-7.mp4\">https:\/\/feltkutur.com\/wp-content\/uploads\/QUIETCURVE-FR-7.mp4<\/a><\/video><\/div>\n\n","protected":false},"excerpt":{"rendered":"<p>COLLECTION QUIETCURVE SYST\u00c8ME DE PLAFONNIERS ACOUSTIQUES LE QUIETCURVE AJOUTERA UNE TOUCHE DE DESIGN TOUT EN AM\u00c9LIORANT LE CONFORT ACOUSTIQUE DE TOUT ENVIRONNEMENT COLLABORATIF. ATLANTIC GUIDE D&#8217;INSTALLATION SP\u00c9CIFICATIONS TECHNIQUES outil de visualisation 3D demandez une soumission pour votre projet PACIFIC GUIDE D&#8217;INSTALLATION SP\u00c9CIFICATIONS TECHNIQUES outil de visualisation 3D demandez une soumission pour votre projet [&#8230;]<\/p>\n<p><a class=\"btn btn-secondary understrap-read-more-link\" href=\"https:\/\/feltkutur.com\/fr\/quietcurve-acoustical-panels-collection\/\">Read More&#8230;<\/a><\/p>\n","protected":false},"author":1,"featured_media":0,"parent":0,"menu_order":0,"comment_status":"closed","ping_status":"closed","template":"","meta":{"_seopress_robots_primary_cat":"","_seopress_titles_title":"","_seopress_titles_desc":"","_seopress_robots_index":"","footnotes":""},"class_list":["post-6255","page","type-page","status-publish"],"_links":{"self":[{"href":"https:\/\/feltkutur.com\/fr\/wp-json\/wp\/v2\/pages\/6255","targetHints":{"allow":["GET"]}}],"collection":[{"href":"https:\/\/feltkutur.com\/fr\/wp-json\/wp\/v2\/pages"}],"about":[{"href":"https:\/\/feltkutur.com\/fr\/wp-json\/wp\/v2\/types\/page"}],"author":[{"embeddable":true,"href":"https:\/\/feltkutur.com\/fr\/wp-json\/wp\/v2\/users\/1"}],"replies":[{"embeddable":true,"href":"https:\/\/feltkutur.com\/fr\/wp-json\/wp\/v2\/comments?post=6255"}],"version-history":[{"count":0,"href":"https:\/\/feltkutur.com\/fr\/wp-json\/wp\/v2\/pages\/6255\/revisions"}],"wp:attachment":[{"href":"https:\/\/feltkutur.com\/fr\/wp-json\/wp\/v2\/media?parent=6255"}],"curies":[{"name":"wp","href":"https:\/\/api.w.org\/{rel}","templated":true}]}}