{"id":6190,"date":"2023-10-27T09:50:53","date_gmt":"2023-10-27T13:50:53","guid":{"rendered":"https:\/\/feltkutur.com\/esquif-salle-de-montre-acoustique\/"},"modified":"2023-10-30T07:57:54","modified_gmt":"2023-10-30T11:57:54","slug":"esquif-salle-de-montre-acoustique","status":"publish","type":"page","link":"https:\/\/feltkutur.com\/fr\/esquif-salle-de-montre-acoustique\/","title":{"rendered":"Esquif salle de montre acoustique"},"content":{"rendered":"\n<h1>\n\t\tSalle de montre d&#8217;Esquif\n\t<\/h1>\n<h1>\n\t\tCOMFORT ACOUSTIQUE OPTIMIS\u00c9\n\t<\/h1>\n\t\t\t\t<img decoding=\"async\" src=\"https:\/\/feltkutur.com\/wp-content\/uploads\/esquif_jacques2.jpg\" alt=\"esquif\" itemprop=\"image\" height=\"1074\" width=\"874\" title=\"esquif\" onerror=\"this.style.display='none'\"  \/>\n\t<p>&nbsp;<\/p>\n<p>L&#8217;histoire d&#8217;<strong><a href=\"https:\/\/www.esquif.com\/\">Esquif International<\/a><\/strong> est celle d&#8217;une entreprise qui se renouvelle et se pr\u00e9pare pour un avenir prometteur. Avec un agrandissement de son usine, l&#8217;entreprise canadienne se lance dans une nouvelle \u00e8re de d\u00e9veloppement et d&#8217;innovation. Cette expansion ouvre la voie \u00e0 de nouvelles opportunit\u00e9s, non seulement pour l&#8217;entreprise, mais aussi pour le secteur de la transformation de la mati\u00e8re plastique en g\u00e9n\u00e9ral.<\/p>\n<p>Cet agrandissement de l&#8217;usine est bien plus qu&#8217;une simple extension des locaux. C&#8217;est le reflet de la vision de M. Chass\u00e9, le dirigeant d&#8217;Esquif, qui cherche \u00e0 moderniser l&#8217;entreprise et \u00e0 int\u00e9grer de nouvelles m\u00e9thodes de production pour optimiser l&#8217;efficacit\u00e9. Cette initiative s&#8217;inscrit dans une d\u00e9marche de durabilit\u00e9, visant \u00e0 valoriser la mati\u00e8re plastique d&#8217;une mani\u00e8re plus responsable. M. Chass\u00e9 travaille \u00e9galement sur un projet novateur : la cr\u00e9ation d&#8217;un atelier de cr\u00e9ativit\u00e9 d\u00e9di\u00e9 au d\u00e9veloppement de nouveaux produits. Cette initiative est porteuse d&#8217;une double ambition, car elle favorise \u00e0 la fois l&#8217;innovation et la r\u00e9utilisation de la mati\u00e8re plastique.<\/p>\n\t<p>Dans le secteur industriel, innovation est souvent synonyme d&#8217;optimisation des processus de production. Cependant, Esquif International va plus loin en investissant dans l&#8217;am\u00e9lioration de l&#8217;exp\u00e9rience client. La salle de montre de l&#8217;entreprise a subi une transformation majeure en utilisant la technologie <strong><a href=\"https:\/\/feltkutur.com\/fr\/tekboard-studio\/\">Tekboard Studio<\/a><\/strong> de la collection Feltk\u00fctur pour am\u00e9liorer le confort acoustique de l&#8217;espace. Les panneaux <strong><a href=\"https:\/\/feltkutur.com\/fr\/tekboard-studio\/\">Tekboard Studio<\/a><\/strong>, suspendus horizontalement, offrent non seulement un design innovant mais aussi des performances sonores exceptionnelles. <\/p>\n\t<p>La d\u00e9cision d&#8217;opter pour le <strong><a href=\"https:\/\/feltkutur.com\/fr\/tekboard-studio\/\">Tekboard Studio<\/a><\/strong> a \u00e9t\u00e9 dict\u00e9e par le d\u00e9sir d&#8217;offrir \u00e0 la client\u00e8le une exp\u00e9rience plus agr\u00e9able et concentr\u00e9e lors de la visite de la salle d&#8217;exposition. Les panneaux acoustiques de cette technologie sont con\u00e7us pour assurer une absorption sonore efficace, r\u00e9duisant ainsi les bruits ind\u00e9sirables et cr\u00e9ant une atmosph\u00e8re plus paisible. Cette am\u00e9lioration t\u00e9moigne de l&#8217;engagement d&#8217;Esquif envers la satisfaction de sa client\u00e8le et l&#8217;am\u00e9lioration de ses espaces.<\/p>\n\t<p>En somme, l&#8217;avenir d&#8217;<strong><a href=\"https:\/\/www.esquif.com\/\">Esquif International<\/a><\/strong> s&#8217;annonce prometteur. L&#8217;agrandissement de l&#8217;usine, les nouvelles m\u00e9thodes de production, le projet d&#8217;atelier de cr\u00e9ativit\u00e9 et l&#8217;am\u00e9lioration de la salle d&#8217;exposition montrent que l&#8217;entreprise est r\u00e9solument tourn\u00e9e vers l&#8217;innovation, la durabilit\u00e9 et la satisfaction de ses clients. Esquif International est un exemple inspirant de la fa\u00e7on dont une entreprise peut \u00e9voluer et prosp\u00e9rer en investissant dans le changement et en se concentrant sur la qualit\u00e9 de l&#8217;exp\u00e9rience client.<\/p>\n\n","protected":false},"excerpt":{"rendered":"<p>Salle de montre d&#8217;Esquif COMFORT ACOUSTIQUE OPTIMIS\u00c9 &nbsp; L&#8217;histoire d&#8217;Esquif International est celle d&#8217;une entreprise qui se renouvelle et se pr\u00e9pare pour un avenir prometteur. Avec un agrandissement de son usine, l&#8217;entreprise canadienne se lance dans une nouvelle \u00e8re de d\u00e9veloppement et d&#8217;innovation. Cette expansion ouvre la voie \u00e0 de nouvelles opportunit\u00e9s, non seulement pour [&#8230;]<\/p>\n<p><a class=\"btn btn-secondary understrap-read-more-link\" href=\"https:\/\/feltkutur.com\/fr\/esquif-salle-de-montre-acoustique\/\">Read More&#8230;<\/a><\/p>\n","protected":false},"author":1,"featured_media":0,"parent":0,"menu_order":0,"comment_status":"closed","ping_status":"closed","template":"","meta":{"_seopress_robots_primary_cat":"","_seopress_titles_title":"","_seopress_titles_desc":"","_seopress_robots_index":"","footnotes":""},"class_list":["post-6190","page","type-page","status-publish"],"_links":{"self":[{"href":"https:\/\/feltkutur.com\/fr\/wp-json\/wp\/v2\/pages\/6190","targetHints":{"allow":["GET"]}}],"collection":[{"href":"https:\/\/feltkutur.com\/fr\/wp-json\/wp\/v2\/pages"}],"about":[{"href":"https:\/\/feltkutur.com\/fr\/wp-json\/wp\/v2\/types\/page"}],"author":[{"embeddable":true,"href":"https:\/\/feltkutur.com\/fr\/wp-json\/wp\/v2\/users\/1"}],"replies":[{"embeddable":true,"href":"https:\/\/feltkutur.com\/fr\/wp-json\/wp\/v2\/comments?post=6190"}],"version-history":[{"count":0,"href":"https:\/\/feltkutur.com\/fr\/wp-json\/wp\/v2\/pages\/6190\/revisions"}],"wp:attachment":[{"href":"https:\/\/feltkutur.com\/fr\/wp-json\/wp\/v2\/media?parent=6190"}],"curies":[{"name":"wp","href":"https:\/\/api.w.org\/{rel}","templated":true}]}}