{"id":6105,"date":"2023-10-23T09:55:35","date_gmt":"2023-10-23T13:55:35","guid":{"rendered":"https:\/\/feltkutur.com\/emblm-outil-specifications\/"},"modified":"2023-10-23T10:55:10","modified_gmt":"2023-10-23T14:55:10","slug":"emblm-outil-specifications","status":"publish","type":"page","link":"https:\/\/feltkutur.com\/fr\/emblm-outil-specifications\/","title":{"rendered":"EMBLM outil specifications"},"content":{"rendered":"\n\n\t<h1>OUTILS DE VENTE ET DE SP\u00c9CIFICATION<br \/>\n<\/h1>\n\t\t\t\t<img decoding=\"async\" src=\"https:\/\/feltkutur.com\/wp-content\/uploads\/EMBLM_logo_seul_degrade_vert_cmyk-002-3.png\" alt=\"EMBLM_logo_seul_degrade_vert_cmyk (002)\" itemprop=\"image\" height=\"321\" width=\"1974\" title=\"EMBLM_logo_seul_degrade_vert_cmyk (002)\" onerror=\"this.style.display='none'\"  \/>\n\t\t\t<a href=\"https:\/\/feltkutur.com\/fr\/contactez-nous\/\" target=\"_blank\" rel=\"noopener\">\n\t\t\t\t\t\tContactez nos experts pour plus d&#8217;information\n\t\t\t\t\t<\/a>\n\t<h2>Nouveaut\u00e9s<\/h2>\n\t<p><a href=\"https:\/\/feltkutur.com\/fr\/novelties\/\">Cliquez <strong>ici <\/strong>pour d\u00e9couvrir nos nouveaut\u00e9s<\/a><\/p>\n\t<h2>Fiches techniques<\/h2>\n\t<p><a href=\"https:\/\/feltkutur.com\/wp-content\/uploads\/Fiche_technique_Duotex6.4mm_REV08.pdf\">D\u00fcotex 6.4mm<\/a><\/p>\n<p><a href=\"https:\/\/feltkutur.com\/wp-content\/uploads\/Fiche_technique_D\u00fcotex12.7mm_REV07.pdf\">D\u00fcotex 12mm<\/a><\/p>\n<p><a href=\"http:\/\/feltkutur.com\/wp-content\/uploads\/Tekboard_Panneau-acoustique_FR_V01.pdf\">Tekboard<\/a><\/p>\n<p>&nbsp;<\/p>\n\t<h2>Pr\u00e9sentations pour les architectes et les desginers<br \/>\n<\/h2>\n\t\t\t\t<a href=\"https:\/\/feltkutur.com\/fr\/contactez-nous\/\" target=\"_blank\" rel=\"noopener\" itemprop=\"url\">\n\t\t\t\t<img decoding=\"async\" src=\"https:\/\/feltkutur.com\/wp-content\/uploads\/presentation.jpg\" alt=\"presentation\" itemprop=\"image\" height=\"729\" width=\"1292\" title=\"presentation\" onerror=\"this.style.display='none'\"  \/>\n\t\t\t\t<\/a>\n\t\t\t\t<a href=\"https:\/\/feltkutur.com\/fr\/contactez-nous\/\" target=\"_blank\" rel=\"noopener\" itemprop=\"url\">\n\t\t\t\t<img decoding=\"async\" src=\"https:\/\/feltkutur.com\/wp-content\/uploads\/feltkutur-portfolio.jpg\" alt=\"feltkutur portfolio\" itemprop=\"image\" height=\"679\" width=\"1202\" title=\"feltkutur portfolio\" onerror=\"this.style.display='none'\"  \/>\n\t\t\t\t<\/a>\n\t\t\t<a href=\"https:\/\/feltkutur.com\/fr\/contactez-nous\/\" target=\"_blank\" rel=\"noopener\">\n\t\t\t\t\t\tSuivez ce lien pour acc\u00e9der \u00e0 la pr\u00e9sentation\n\t\t\t\t\t<\/a>\n\t\t\t<a href=\"https:\/\/feltkutur.com\/fr\/contactez-nous\/\" target=\"_blank\" rel=\"noopener\">\n\t\t\t\t\t\tSuivez ce lien pour acc\u00e9der au portfolio de produits\n\t\t\t\t\t<\/a>\n\t<h2>Solutions<br \/>\n<\/h2>\n\t<p><a href=\"https:\/\/feltkutur.com\/fr\/plafonniers-acoustiques-quadra\/\">Syst\u00e8me de plafonniers acoustiques<\/a><\/p>\n<p><a href=\"https:\/\/feltkutur.com\/fr\/collection-renaissance\/\">Rideaux acoustiques<\/a><\/p>\n<p><a href=\"https:\/\/feltkutur.com\/fr\/collection-gaia\/\">Tuiles acoustiques murales<\/a><\/p>\n<p><a href=\"https:\/\/feltkutur.com\/fr\/tekboard-studio\/\">Panneaux acoustiques<\/a><\/p>\n\t<h2>Quincaillerie<\/h2>\n\t\t\t<a href=\"https:\/\/feltkutur.com\/wp-content\/uploads\/Catalogue-Quincaillerie-Feltkutur_V3.pdf\" target=\"_blank\" rel=\"noopener\">\n\t\t\t\t\t\tT\u00e9l\u00e9chargez notre catalogue de quincaillerie\n\t\t\t\t\t<\/a>\n\n","protected":false},"excerpt":{"rendered":"<p>OUTILS DE VENTE ET DE SP\u00c9CIFICATION Contactez nos experts pour plus d&#8217;information Nouveaut\u00e9s Cliquez ici pour d\u00e9couvrir nos nouveaut\u00e9s Fiches techniques D\u00fcotex 6.4mm D\u00fcotex 12mm Tekboard &nbsp; Pr\u00e9sentations pour les architectes et les desginers Suivez ce lien pour acc\u00e9der \u00e0 la pr\u00e9sentation Suivez ce lien pour acc\u00e9der au portfolio de produits Solutions Syst\u00e8me de plafonniers [&#8230;]<\/p>\n<p><a class=\"btn btn-secondary understrap-read-more-link\" href=\"https:\/\/feltkutur.com\/fr\/emblm-outil-specifications\/\">Read More&#8230;<\/a><\/p>\n","protected":false},"author":1,"featured_media":0,"parent":0,"menu_order":0,"comment_status":"closed","ping_status":"closed","template":"","meta":{"_seopress_robots_primary_cat":"","_seopress_titles_title":"","_seopress_titles_desc":"","_seopress_robots_index":"","footnotes":""},"class_list":["post-6105","page","type-page","status-publish"],"_links":{"self":[{"href":"https:\/\/feltkutur.com\/fr\/wp-json\/wp\/v2\/pages\/6105","targetHints":{"allow":["GET"]}}],"collection":[{"href":"https:\/\/feltkutur.com\/fr\/wp-json\/wp\/v2\/pages"}],"about":[{"href":"https:\/\/feltkutur.com\/fr\/wp-json\/wp\/v2\/types\/page"}],"author":[{"embeddable":true,"href":"https:\/\/feltkutur.com\/fr\/wp-json\/wp\/v2\/users\/1"}],"replies":[{"embeddable":true,"href":"https:\/\/feltkutur.com\/fr\/wp-json\/wp\/v2\/comments?post=6105"}],"version-history":[{"count":0,"href":"https:\/\/feltkutur.com\/fr\/wp-json\/wp\/v2\/pages\/6105\/revisions"}],"wp:attachment":[{"href":"https:\/\/feltkutur.com\/fr\/wp-json\/wp\/v2\/media?parent=6105"}],"curies":[{"name":"wp","href":"https:\/\/api.w.org\/{rel}","templated":true}]}}