{"id":6097,"date":"2023-10-23T08:19:15","date_gmt":"2023-10-23T12:19:15","guid":{"rendered":"https:\/\/feltkutur.com\/acoustique-espace-collaboratif\/"},"modified":"2023-10-23T08:26:13","modified_gmt":"2023-10-23T12:26:13","slug":"acoustique-espace-collaboratif","status":"publish","type":"page","link":"https:\/\/feltkutur.com\/fr\/acoustique-espace-collaboratif\/","title":{"rendered":"Acoustique espace collaboratif"},"content":{"rendered":"\n<h1>\n\t\tL&#8217;acoustique au service des espaces de collaboration\n\t<\/h1>\n<h2>\n\t\tAm\u00e9nagement de bureaux modernes\n\t<\/h2>\n\t<p>L&#8217;am\u00e9nagement de bureaux modernes doit tenir compte de l&#8217;importance des espaces de collaboration. Ces zones de travail collaboratives sont essentielles pour encourager la cr\u00e9ativit\u00e9, la communication, et la productivit\u00e9 au sein des \u00e9quipes. Toutefois, il ne suffit pas de simplement cr\u00e9er des espaces de collaboration ; ils doivent \u00e9galement \u00eatre acoustiquement confortables.<\/p>\n<p>L&#8217;acoustique joue un r\u00f4le cl\u00e9 dans la qualit\u00e9 de ces espaces. Un environnement bruyant peut entraver la concentration, les \u00e9changes d&#8217;id\u00e9es et les r\u00e9unions productives. C&#8217;est l\u00e0 que les <strong>panneaux acoustiques Feltk\u00fctur<\/strong> trouvent leur place. Ils offrent une solution originale pour d\u00e9corer les murs de mani\u00e8re simple et rapide, tout en am\u00e9liorant l&#8217;acoustique de la pi\u00e8ce.<\/p>\n\t<p>Feltk\u00fctur a r\u00e9cemment d\u00e9voil\u00e9 deux <strong>collections de tuiles acoustiques, <a href=\"https:\/\/feltkutur.com\/fr\/collection-gaia\/\">Ga\u00efa<\/a> et <a href=\"https:\/\/feltkutur.com\/fr\/collection-harmonie\/\">Harmonie<\/a>,<\/strong> qui ont rapidement s\u00e9duit les architectes et les d\u00e9corateurs. Ces tuiles murales sont reconnues pour leur capacit\u00e9 \u00e0 allier acoustique et design. Elles apportent une touche esth\u00e9tique aux espaces de collaboration, tout en contribuant \u00e0 une meilleure qualit\u00e9 sonore.<\/p>\n<p>En plus des tuiles acoustiques, les <strong>rideaux acoustiques de la collection <a href=\"https:\/\/feltkutur.com\/fr\/collection-renaissance\/\">Renaissance<\/a><\/strong> jouent un r\u00f4le crucial dans l&#8217;am\u00e9lioration de l&#8217;acoustique des espaces de travail. Ils rendent l&#8217;environnement plus confortable pour les r\u00e9unions, les pr\u00e9sentations et autres activit\u00e9s professionnelles. De plus, ils offrent une certaine intimit\u00e9, r\u00e9duisent les distractions, et am\u00e9liorent l&#8217;esth\u00e9tique de la pi\u00e8ce. Il s&#8217;agit d&#8217;une solution \u00e9conomique pour optimiser l&#8217;environnement sonore.<\/p>\n\t\t\t\t<img decoding=\"async\" src=\"https:\/\/feltkutur.com\/wp-content\/uploads\/Alkegen-Bibliotheque_Aire_Echange-scaled.jpg\" alt=\"Acoustic space solutions\" itemprop=\"image\" height=\"1920\" width=\"2560\" title=\"Acoustic space solutions\" onerror=\"this.style.display='none'\"  \/>\n\t<p>Les espaces de collaboration bien con\u00e7us, associ\u00e9s \u00e0 une attention particuli\u00e8re \u00e0 l&#8217;acoustique, favorisent la cr\u00e9ativit\u00e9 et la productivit\u00e9 au sein des entreprises. Les solutions tels que les <strong>panneaux acoustiques Feltk\u00fctur et les rideaux acoustiques<\/strong> offrent un moyen efficace et esth\u00e9tique d&#8217;atteindre cet objectif, en cr\u00e9ant des environnements propices \u00e0 la collaboration et \u00e0 la concentration.<\/p>\n\n","protected":false},"excerpt":{"rendered":"<p>L&#8217;acoustique au service des espaces de collaboration Am\u00e9nagement de bureaux modernes L&#8217;am\u00e9nagement de bureaux modernes doit tenir compte de l&#8217;importance des espaces de collaboration. Ces zones de travail collaboratives sont essentielles pour encourager la cr\u00e9ativit\u00e9, la communication, et la productivit\u00e9 au sein des \u00e9quipes. Toutefois, il ne suffit pas de simplement cr\u00e9er des espaces de [&#8230;]<\/p>\n<p><a class=\"btn btn-secondary understrap-read-more-link\" href=\"https:\/\/feltkutur.com\/fr\/acoustique-espace-collaboratif\/\">Read More&#8230;<\/a><\/p>\n","protected":false},"author":1,"featured_media":0,"parent":0,"menu_order":0,"comment_status":"closed","ping_status":"closed","template":"","meta":{"_seopress_robots_primary_cat":"","_seopress_titles_title":"","_seopress_titles_desc":"","_seopress_robots_index":"","footnotes":""},"class_list":["post-6097","page","type-page","status-publish"],"_links":{"self":[{"href":"https:\/\/feltkutur.com\/fr\/wp-json\/wp\/v2\/pages\/6097","targetHints":{"allow":["GET"]}}],"collection":[{"href":"https:\/\/feltkutur.com\/fr\/wp-json\/wp\/v2\/pages"}],"about":[{"href":"https:\/\/feltkutur.com\/fr\/wp-json\/wp\/v2\/types\/page"}],"author":[{"embeddable":true,"href":"https:\/\/feltkutur.com\/fr\/wp-json\/wp\/v2\/users\/1"}],"replies":[{"embeddable":true,"href":"https:\/\/feltkutur.com\/fr\/wp-json\/wp\/v2\/comments?post=6097"}],"version-history":[{"count":0,"href":"https:\/\/feltkutur.com\/fr\/wp-json\/wp\/v2\/pages\/6097\/revisions"}],"wp:attachment":[{"href":"https:\/\/feltkutur.com\/fr\/wp-json\/wp\/v2\/media?parent=6097"}],"curies":[{"name":"wp","href":"https:\/\/api.w.org\/{rel}","templated":true}]}}