{"id":6011,"date":"2023-10-06T07:34:36","date_gmt":"2023-10-06T11:34:36","guid":{"rendered":"https:\/\/feltkutur.com\/temps-de-reverberation\/"},"modified":"2023-10-06T14:43:10","modified_gmt":"2023-10-06T18:43:10","slug":"temps-de-reverberation","status":"publish","type":"page","link":"https:\/\/feltkutur.com\/fr\/temps-de-reverberation\/","title":{"rendered":"Temps de r\u00e9verb\u00e9ration"},"content":{"rendered":"\n\n\t<h1>LE TEMPS DE R\u00c9VERB\u00c9RATION<\/h1>\n\t<p>Le <strong>temps de r\u00e9verb\u00e9ration TR<\/strong> est une mesure essentielle pour caract\u00e9riser l&#8217;acoustique d&#8217;une salle. Il analyse comment un son se propage et se r\u00e9fl\u00e9chit sur chacune des surfaces comme les murs, plafond et plancher d&#8217;un espace ferm\u00e9.<\/p>\n<p>Le temps de r\u00e9verb\u00e9ration qui est mesur\u00e9 en secondes est le temps n\u00e9cessaire pour que le niveau d&#8217;un son soit <strong>diminu\u00e9 de 60 d\u00e9cibels (dB) apr\u00e8s l&#8217;interruption subite de la source sonore<\/strong>.<\/p>\n<p>Un long temps de r\u00e9verb\u00e9ration signifie que les surfaces d&#8217;une salle sont plut\u00f4t r\u00e9fl\u00e9chissantes, se traduisant habituellement en une acoustique inconfortable. Tandis qu&#8217;une salle avec un temps de r\u00e9verb\u00e9ration moindre sera plus confortable acoustiquement.<\/p>\n<p>Le volume de la salle, sa forme, le type de surfaces des murs, plancher et plafond ainsi que les meubles et les occupants auront aussi un impact sur le temps de r\u00e9verb\u00e9ration.<\/p>\n<p>Lors de la conception d&#8217;une salle de r\u00e9union, d&#8217;un th\u00e9\u00e2tre ou autre salle o\u00f9 le confort acoustique est important, un architecte ne peut concevoir un espace uniquement \u00e0 l&#8217;aide des coefficients de r\u00e9duction de bruit CRB (<em>NRC<\/em>) des mat\u00e9riaux acoustiques consid\u00e9r\u00e9s. Le temps de r\u00e9verb\u00e9ration de la salle doit \u00eatre analys\u00e9 pour obtenir le r\u00e9sultat souhait\u00e9.<\/p>\n\t<p>Les illustrations \u00e0 droite montrent une salle de travail o\u00f9 sur la figure du dessus, il n&#8217;existe aucun traitement acoustique. La figure en-dessous illustre la salle o\u00f9 des <strong>panneaux acoustiques<\/strong> ont \u00e9t\u00e9 install\u00e9s sur un des murs ainsi qu&#8217;au plafond en guise d&#8217;<strong>absorbeurs sonores<\/strong> permettant de contr\u00f4ler la r\u00e9verb\u00e9ration sonore de la salle. Le <strong>rideau acoustique<\/strong> install\u00e9 entre les bureaux de travail permet d&#8217;augmenter le niveau de confidentialit\u00e9 entre ceux-ci. <\/p>\n<p>Ces diff\u00e9rents traitements acoustiques permettent d&#8217;assurer aux occupants de la salle de travail une exp\u00e9rience auditive agr\u00e9able.<\/p>\n<p>Les consultants en acoustique ont \u00e0 leur dispositions des outils informatiques leur permettant de mod\u00e9liser les salles n\u00e9cessitant un contr\u00f4le crucial de l&#8217;ambiance acoustique tel que les studios d&#8217;enregistrement, les th\u00e9\u00e2tres et salle de conf\u00e9rence o\u00f9 la qualit\u00e9 de l&#8217;environnement sonore est essentielle.<\/p>\n\t\t\t\t<img decoding=\"async\" src=\"https:\/\/feltkutur.com\/wp-content\/uploads\/1-3.png\" alt=\"room without acoustical items\" itemprop=\"image\" height=\"1350\" width=\"2400\" title=\"room without acoustical items\" onerror=\"this.style.display='none'\"  \/>\n\t\t\t\t<img decoding=\"async\" src=\"https:\/\/feltkutur.com\/wp-content\/uploads\/2-2.png\" alt=\"Room with acoustical items\" itemprop=\"image\" height=\"1350\" width=\"2400\" title=\"Room with acoustical items\" onerror=\"this.style.display='none'\"  \/>\n\tComprendre et maitriser le concept du temps de r\u00e9verb\u00e9ration est essentiel pour r\u00e9aliser des environnements sonores r\u00e9pondant aux besoins sp\u00e9cifique de chaque application.<br \/>\n\n\t<p>\u00a0<\/p>\n<p><a href=\"https:\/\/feltkutur.com\/fr\/contactez-nous\/\">Contactez<\/a> notre expert en acoustique afin d&#8217;en apprendre plus sur les solutions qui conviendraient le mieux \u00e0 votre environnement. <\/p>\n\t\t\t\t<img decoding=\"async\" src=\"https:\/\/feltkutur.com\/wp-content\/uploads\/Gilles-Alkegen-B-V2-1-scaled.jpg\" alt=\"Acoustic expert\" itemprop=\"image\" height=\"1707\" width=\"2560\" title=\"Acoustic expert\" onerror=\"this.style.display='none'\"  \/>\n\t\t\t<a href=\"https:\/\/feltkutur.com\/fr\/contactez-nous\/\" target=\"_self\" role=\"button\" rel=\"noopener\">\n\t\t\t\t\t\tContactez notre expert acoustique\n\t\t\t\t\t<\/a>\n\n","protected":false},"excerpt":{"rendered":"<p>LE TEMPS DE R\u00c9VERB\u00c9RATION Le temps de r\u00e9verb\u00e9ration TR est une mesure essentielle pour caract\u00e9riser l&#8217;acoustique d&#8217;une salle. Il analyse comment un son se propage et se r\u00e9fl\u00e9chit sur chacune des surfaces comme les murs, plafond et plancher d&#8217;un espace ferm\u00e9. Le temps de r\u00e9verb\u00e9ration qui est mesur\u00e9 en secondes est le temps n\u00e9cessaire pour [&#8230;]<\/p>\n<p><a class=\"btn btn-secondary understrap-read-more-link\" href=\"https:\/\/feltkutur.com\/fr\/temps-de-reverberation\/\">Read More&#8230;<\/a><\/p>\n","protected":false},"author":1,"featured_media":0,"parent":0,"menu_order":0,"comment_status":"closed","ping_status":"closed","template":"","meta":{"_seopress_robots_primary_cat":"","_seopress_titles_title":"","_seopress_titles_desc":"","_seopress_robots_index":"","footnotes":""},"class_list":["post-6011","page","type-page","status-publish"],"_links":{"self":[{"href":"https:\/\/feltkutur.com\/fr\/wp-json\/wp\/v2\/pages\/6011","targetHints":{"allow":["GET"]}}],"collection":[{"href":"https:\/\/feltkutur.com\/fr\/wp-json\/wp\/v2\/pages"}],"about":[{"href":"https:\/\/feltkutur.com\/fr\/wp-json\/wp\/v2\/types\/page"}],"author":[{"embeddable":true,"href":"https:\/\/feltkutur.com\/fr\/wp-json\/wp\/v2\/users\/1"}],"replies":[{"embeddable":true,"href":"https:\/\/feltkutur.com\/fr\/wp-json\/wp\/v2\/comments?post=6011"}],"version-history":[{"count":0,"href":"https:\/\/feltkutur.com\/fr\/wp-json\/wp\/v2\/pages\/6011\/revisions"}],"wp:attachment":[{"href":"https:\/\/feltkutur.com\/fr\/wp-json\/wp\/v2\/media?parent=6011"}],"curies":[{"name":"wp","href":"https:\/\/api.w.org\/{rel}","templated":true}]}}