{"id":6003,"date":"2023-10-02T11:41:14","date_gmt":"2023-10-02T15:41:14","guid":{"rendered":"https:\/\/feltkutur.com\/bienvenue-chez-alkegen\/"},"modified":"2023-10-02T11:54:34","modified_gmt":"2023-10-02T15:54:34","slug":"bienvenue-chez-alkegen","status":"publish","type":"page","link":"https:\/\/feltkutur.com\/fr\/bienvenue-chez-alkegen\/","title":{"rendered":"Bienvenue chez Alkegen"},"content":{"rendered":"\n\n\t\t\t\t<img decoding=\"async\" src=\"https:\/\/feltkutur.com\/wp-content\/uploads\/ALKEGEN_Wordmark_ColorPrimary_RGB-2-300x85.jpg\" alt=\"ALKEGEN_Wordmark_ColorPrimary_RGB\" itemprop=\"image\" height=\"85\" width=\"300\" title=\"ALKEGEN_Wordmark_ColorPrimary_RGB\" onerror=\"this.style.display='none'\"  \/>\n<h1>\n\t\tVotre partenaire en solutions acoustiques\n\t<\/h1>\n\t<p>Bienvenue chez <a href=\"https:\/\/alkegen.com\/\"><strong>Alkegen<\/strong><\/a>, votre partenaire de confiance pour la sp\u00e9cification acoustique dans le domaine de l&#8217;architecture et de la d\u00e9coration d&#8217;int\u00e9rieur. Avec plus de<strong> 25 ans<\/strong> d&#8217;exp\u00e9rience in\u00e9gal\u00e9e dans le domaine de l&#8217;acoustique architecturale, nos experts sont pr\u00eats \u00e0 collaborer avec vous pour transformer vos projets en espaces acoustiques exceptionnels.<\/p>\n\t<p>Notre \u00e9quipe chevronn\u00e9e se consacre \u00e0 l&#8217;optimisation de l&#8217;acoustique de vos espaces tout en veillant \u00e0 ce qu&#8217;ils conservent leur esth\u00e9tique unique. Gr\u00e2ce \u00e0 notre gamme de panneaux acoustiques <a href=\"https:\/\/feltkutur.com\/fr\/\"><strong>Feltk\u00fctur<\/strong><\/a>, l&#8217;efficacit\u00e9 s&#8217;allie \u00e0 l&#8217;esth\u00e9tique pour cr\u00e9er des environnements acoustiques confortables et agr\u00e9ables qui r\u00e9pondent \u00e0 vos besoins et d\u00e9passent vos attentes.<\/p>\n\t\t\t\t<img decoding=\"async\" src=\"https:\/\/feltkutur.com\/wp-content\/uploads\/FELTKUTUR_Logo_CYAN-4-scaled.jpg\" alt=\"FELTKUTUR_Logo_CYAN\" itemprop=\"image\" height=\"823\" width=\"2560\" title=\"FELTKUTUR_Logo_CYAN\" onerror=\"this.style.display='none'\"  \/>\n\t<h2>Pourquoi Alkegen est un partenaire de choix<br \/>\n<\/h2>\n\t<ul>\n<li><strong>Acousticien avec plus de 25 ans d&#8217;exp\u00e9rience en acoustique architecturale.<\/strong><\/li>\n<li><strong>Une \u00e9quipe d&#8217;experts passionn\u00e9s pr\u00eats \u00e0 vous conseiller.<\/strong><\/li>\n<li><strong>Des solutions acoustiques de pointe qui allient performance et esth\u00e9tique.<\/strong><\/li>\n<li><strong>Des espaces transform\u00e9s en environnements acoustiques exceptionnels.<\/strong><\/li>\n<\/ul>\n<p>Nous sommes l\u00e0 pour vous accompagner \u00e0 chaque \u00e9tape de votre projet, de la conception \u00e0 la r\u00e9alisation. Qu&#8217;il s&#8217;agisse d&#8217;un espace commercial, d&#8217;un bureau ou de tout autre projet n\u00e9cessitant une expertise acoustique, nous sommes \u00e0 votre service.<\/p>\n<p>Prenez rendez-vous avec nos experts d\u00e8s maintenant et d\u00e9couvrez comment <a href=\"https:\/\/alkegen.com\/\"><strong>Alkegen<\/strong> <\/a>peut faire la diff\u00e9rence dans la qualit\u00e9 sonore de vos espaces. Ensemble, nous cr\u00e9erons des environnements acoustiques qui inspirent, apaisent et \u00e9blouissent. Transformons vos id\u00e9es en r\u00e9alit\u00e9 auditive !<\/p>\n<p>&nbsp;<\/p>\n\t\t\t\t<img decoding=\"async\" src=\"https:\/\/feltkutur.com\/wp-content\/uploads\/Gilles-Alkegen-B-V2-1-scaled.jpg\" alt=\"Gilles Alkegen B V2\" itemprop=\"image\" height=\"1707\" width=\"2560\" title=\"Gilles Alkegen B V2\" onerror=\"this.style.display='none'\"  \/>\n\t\t\t<a href=\"https:\/\/feltkutur.com\/fr\/contactez-nous\/\" target=\"_blank\" role=\"button\" rel=\"noopener\">\n\t\t\t\t\t\tContactez votre expert acoustique\n\t\t\t\t\t<\/a>\n\t<h2>Projets sign\u00e9s Feltk\u00fctur par Alkegen<br \/>\n<\/h2>\n\n","protected":false},"excerpt":{"rendered":"<p>Votre partenaire en solutions acoustiques Bienvenue chez Alkegen, votre partenaire de confiance pour la sp\u00e9cification acoustique dans le domaine de l&#8217;architecture et de la d\u00e9coration d&#8217;int\u00e9rieur. Avec plus de 25 ans d&#8217;exp\u00e9rience in\u00e9gal\u00e9e dans le domaine de l&#8217;acoustique architecturale, nos experts sont pr\u00eats \u00e0 collaborer avec vous pour transformer vos projets en espaces acoustiques exceptionnels. [&#8230;]<\/p>\n<p><a class=\"btn btn-secondary understrap-read-more-link\" href=\"https:\/\/feltkutur.com\/fr\/bienvenue-chez-alkegen\/\">Read More&#8230;<\/a><\/p>\n","protected":false},"author":1,"featured_media":0,"parent":0,"menu_order":0,"comment_status":"closed","ping_status":"closed","template":"","meta":{"_seopress_robots_primary_cat":"","_seopress_titles_title":"","_seopress_titles_desc":"","_seopress_robots_index":"","footnotes":""},"class_list":["post-6003","page","type-page","status-publish"],"_links":{"self":[{"href":"https:\/\/feltkutur.com\/fr\/wp-json\/wp\/v2\/pages\/6003","targetHints":{"allow":["GET"]}}],"collection":[{"href":"https:\/\/feltkutur.com\/fr\/wp-json\/wp\/v2\/pages"}],"about":[{"href":"https:\/\/feltkutur.com\/fr\/wp-json\/wp\/v2\/types\/page"}],"author":[{"embeddable":true,"href":"https:\/\/feltkutur.com\/fr\/wp-json\/wp\/v2\/users\/1"}],"replies":[{"embeddable":true,"href":"https:\/\/feltkutur.com\/fr\/wp-json\/wp\/v2\/comments?post=6003"}],"version-history":[{"count":0,"href":"https:\/\/feltkutur.com\/fr\/wp-json\/wp\/v2\/pages\/6003\/revisions"}],"wp:attachment":[{"href":"https:\/\/feltkutur.com\/fr\/wp-json\/wp\/v2\/media?parent=6003"}],"curies":[{"name":"wp","href":"https:\/\/api.w.org\/{rel}","templated":true}]}}