{"id":5958,"date":"2023-09-18T09:39:36","date_gmt":"2023-09-18T13:39:36","guid":{"rendered":"https:\/\/feltkutur.com\/solution-acoustique-pour-bureau\/"},"modified":"2023-09-18T10:08:14","modified_gmt":"2023-09-18T14:08:14","slug":"solution-acoustique-pour-bureau","status":"publish","type":"page","link":"https:\/\/feltkutur.com\/fr\/solution-acoustique-pour-bureau\/","title":{"rendered":"Solution acoustique pour bureau"},"content":{"rendered":"\n<h1>\n\t\tFUSION ARTISTIQUE DU FEUTRE ACOUSTIQUE ET DU DESIGN\n\t<\/h1>\n<h2>\n\t\tR\u00e9novation des bureaux d&#8217;Industrielle Alliance\n\t<\/h2>\n\tAu c\u0153ur de la r\u00e9novation des bureaux d&#8217;Industrielle Alliance \u00e0 Qu\u00e9bec, une collaboration in\u00e9dite entre <strong>Feltk\u00fctur<\/strong>, <a href=\"https:\/\/emblm.com\/nos-marques\/feltkutur\/\"><strong>EMBLM <\/strong><\/a>et leurs experts a donn\u00e9 naissance \u00e0 un projet acoustique exceptionnel. Un v\u00e9ritable &#8220;making of&#8221; de la fusion entre l&#8217;art du feutre et le design sonore.\u00a0<br \/>\n\n\t<p>L&#8217;\u00e9quipe Feltk\u00fctur, connue pour ses cr\u00e9ations personnalis\u00e9es de feutre acoustique, a \u00e9t\u00e9 contact\u00e9e pour participer \u00e0 cet ambitieux travail de r\u00e9novation. Ils ont \u00e9t\u00e9 ravis de faire partie d&#8217;un projet aussi unique et stimulant. Les discussions ont commenc\u00e9 et l&#8217;\u00e9quipe s&#8217;est mise au travail.\u00a0<\/p>\n<p>Tout a commenc\u00e9 lorsque l&#8217;architecte en charge du projet s&#8217;est lanc\u00e9e dans la qu\u00eate d&#8217;une solution acoustique unique pour les bureaux d&#8217;Industrielle Alliance. Elle avait une vision claire en t\u00eate : un espace de travail dynamique o\u00f9 la concentration et le repos se conjuguent harmonieusement. L&#8217;acoustique jouait donc un r\u00f4le essentiel dans cette \u00e9quation.\u00a0<\/p>\n\t<p>\u00a0<\/p>\nLe d\u00e9fi principal \u00e9tait de concevoir un syst\u00e8me de plafonniers acoustiques, \u00e9galement appel\u00e9s baffles, qui non seulement am\u00e9liorerait l&#8217;acoustique de l&#8217;espace, mais ajouterait \u00e9galement une touche esth\u00e9tique distinctive. La couleur choisie pour ces baffles fut le bleu Royal appel\u00e9 <strong><a href=\"https:\/\/feltkutur.com\/fr\/bleu-st-georges\/\">bleu St-Georges<\/a><\/strong>, inspir\u00e9e de la collection exclusive de Feltk\u00fctur. Cette teinte \u00e9l\u00e9gante apportait une sensation apaisante \u00e0 l&#8217;atmosph\u00e8re, cr\u00e9ant ainsi un environnement propice \u00e0 la concentration et \u00e0 la cr\u00e9ativit\u00e9.\u00a0<br \/>\n\n<h3>\n\t\tLE R\u00c9SULTAT EST INCROYABLE\n\t<\/h3>\n\t\t\t\t<img decoding=\"async\" src=\"https:\/\/feltkutur.com\/wp-content\/uploads\/20230529_EMBLM_Siege_social_IA_0220_sRGB_moyenne_reso_1800px.jpg\" alt=\"Workspace insulation solution\" itemprop=\"image\" height=\"1214\" width=\"1800\" title=\"Workspace insulation solution\" onerror=\"this.style.display='none'\"  \/>\n\tLes plafonniers acoustiques de Feltk\u00fctur ont non seulement am\u00e9lior\u00e9 consid\u00e9rablement l&#8217;acoustique de l&#8217;espace, mais ils l&#8217;ont transform\u00e9 en une \u0153uvre d&#8217;art fonctionnelle. Les designers et les architectes ont \u00e9t\u00e9 enchant\u00e9s par les nouvelles possibilit\u00e9s offertes par le feutre acoustique de Feltk\u00fctur, et les employ\u00e9s d&#8217;Industrielle Alliance b\u00e9n\u00e9ficient d&#8217;un confort acoustique exceptionnel.\u00a0<br \/>\n\n\n","protected":false},"excerpt":{"rendered":"<p>FUSION ARTISTIQUE DU FEUTRE ACOUSTIQUE ET DU DESIGN R\u00e9novation des bureaux d&#8217;Industrielle Alliance Au c\u0153ur de la r\u00e9novation des bureaux d&#8217;Industrielle Alliance \u00e0 Qu\u00e9bec, une collaboration in\u00e9dite entre Feltk\u00fctur, EMBLM et leurs experts a donn\u00e9 naissance \u00e0 un projet acoustique exceptionnel. Un v\u00e9ritable &#8220;making of&#8221; de la fusion entre l&#8217;art du feutre et le design [&#8230;]<\/p>\n<p><a class=\"btn btn-secondary understrap-read-more-link\" href=\"https:\/\/feltkutur.com\/fr\/solution-acoustique-pour-bureau\/\">Read More&#8230;<\/a><\/p>\n","protected":false},"author":1,"featured_media":0,"parent":0,"menu_order":0,"comment_status":"closed","ping_status":"closed","template":"","meta":{"_seopress_robots_primary_cat":"","_seopress_titles_title":"","_seopress_titles_desc":"","_seopress_robots_index":"","footnotes":""},"class_list":["post-5958","page","type-page","status-publish"],"_links":{"self":[{"href":"https:\/\/feltkutur.com\/fr\/wp-json\/wp\/v2\/pages\/5958","targetHints":{"allow":["GET"]}}],"collection":[{"href":"https:\/\/feltkutur.com\/fr\/wp-json\/wp\/v2\/pages"}],"about":[{"href":"https:\/\/feltkutur.com\/fr\/wp-json\/wp\/v2\/types\/page"}],"author":[{"embeddable":true,"href":"https:\/\/feltkutur.com\/fr\/wp-json\/wp\/v2\/users\/1"}],"replies":[{"embeddable":true,"href":"https:\/\/feltkutur.com\/fr\/wp-json\/wp\/v2\/comments?post=5958"}],"version-history":[{"count":0,"href":"https:\/\/feltkutur.com\/fr\/wp-json\/wp\/v2\/pages\/5958\/revisions"}],"wp:attachment":[{"href":"https:\/\/feltkutur.com\/fr\/wp-json\/wp\/v2\/media?parent=5958"}],"curies":[{"name":"wp","href":"https:\/\/api.w.org\/{rel}","templated":true}]}}