{"id":5928,"date":"2023-08-25T11:26:52","date_gmt":"2023-08-25T15:26:52","guid":{"rendered":"https:\/\/feltkutur.com\/workspace-acoustic-solution\/"},"modified":"2023-09-08T09:45:06","modified_gmt":"2023-09-08T13:45:06","slug":"workspace-acoustic-solution","status":"publish","type":"page","link":"https:\/\/feltkutur.com\/fr\/workspace-acoustic-solution\/","title":{"rendered":"Workspace acoustic solution"},"content":{"rendered":"\n<h1>\n\t\tSolutions d&#8217;insonorisation des bureaux d&#8217;Industrielle Alliance \u00e0 Qu\u00e9bec\n\t<\/h1>\n\t<p>Au c\u0153ur de la r\u00e9novation des bureaux d&#8217;Industrielle Alliance \u00e0 Qu\u00e9bec, une collaboration fructueuse entre <strong>Feltk\u00fctur<\/strong>, <a href=\"https:\/\/emblm.com\/nos-marques\/feltkutur\/\"><strong>EMBLM<\/strong><\/a> et leurs experts a donn\u00e9 naissance \u00e0 un projet acoustique exceptionnel. R\u00e9pondant aux exigences et \u00e0 la vision de l&#8217;architecte, l&#8217;\u00e9quipe de <strong>Feltk\u00fctur<\/strong> a con\u00e7u un syst\u00e8me de plafonniers acoustiques (baffles) d&#8217;une envergure impressionnante. Dans ce cadre dynamique de travail, o\u00f9 la concentration et le repos se conjuguent, l&#8217;harmonie fusionnelle entre acoustique et design s&#8217;est impos\u00e9e naturellement. Rev\u00eatus d&#8217;une teinte bleu Royal \u00e9l\u00e9gante, tir\u00e9e de la collection <strong>Feltk\u00fctur<\/strong> (bleu St-Georges), les plafonniers acoustiques (baffles) apportent une touche apaisante \u00e0 l&#8217;atmosph\u00e8re. L&#8217;ing\u00e9niosit\u00e9 mise en \u0153uvre dans l&#8217;utilisation des feutres acoustiques de Feltk\u00fctur a ouvert de nouvelles perspectives pour les designers et les architectes, tout en offrant un confort acoustique sans pareil. Cette r\u00e9ussite dans la fusion du g\u00e9nie cr\u00e9atif et de la fonctionnalit\u00e9 a fa\u00e7onn\u00e9 un environnement chaleureux et \u00e9quilibr\u00e9, o\u00f9 le confort acoustique est de mise. \u00a0<\/p>\n\t\t\t\t<img decoding=\"async\" src=\"https:\/\/feltkutur.com\/wp-content\/uploads\/20230529_EMBLM_Siege_social_IA_0227_sRGB_moyenne_reso_1800px.jpg\" alt=\"Acoustical comfort\" itemprop=\"image\" height=\"1232\" width=\"1800\" title=\"Acoustical comfort\" onerror=\"this.style.display='none'\"  \/>\n\t\t\t\t<img decoding=\"async\" src=\"https:\/\/feltkutur.com\/wp-content\/uploads\/20230529_EMBLM_Siege_social_IA_0220_sRGB_moyenne_reso_1800px.jpg\" alt=\"Workspace insulation solution\" itemprop=\"image\" height=\"1214\" width=\"1800\" title=\"Workspace insulation solution\" onerror=\"this.style.display='none'\"  \/>\n\n","protected":false},"excerpt":{"rendered":"<p>Solutions d&#8217;insonorisation des bureaux d&#8217;Industrielle Alliance \u00e0 Qu\u00e9bec Au c\u0153ur de la r\u00e9novation des bureaux d&#8217;Industrielle Alliance \u00e0 Qu\u00e9bec, une collaboration fructueuse entre Feltk\u00fctur, EMBLM et leurs experts a donn\u00e9 naissance \u00e0 un projet acoustique exceptionnel. R\u00e9pondant aux exigences et \u00e0 la vision de l&#8217;architecte, l&#8217;\u00e9quipe de Feltk\u00fctur a con\u00e7u un syst\u00e8me de plafonniers acoustiques [&#8230;]<\/p>\n<p><a class=\"btn btn-secondary understrap-read-more-link\" href=\"https:\/\/feltkutur.com\/fr\/workspace-acoustic-solution\/\">Read More&#8230;<\/a><\/p>\n","protected":false},"author":1,"featured_media":0,"parent":0,"menu_order":0,"comment_status":"closed","ping_status":"closed","template":"","meta":{"_seopress_robots_primary_cat":"","_seopress_titles_title":"","_seopress_titles_desc":"","_seopress_robots_index":"","footnotes":""},"class_list":["post-5928","page","type-page","status-publish"],"_links":{"self":[{"href":"https:\/\/feltkutur.com\/fr\/wp-json\/wp\/v2\/pages\/5928","targetHints":{"allow":["GET"]}}],"collection":[{"href":"https:\/\/feltkutur.com\/fr\/wp-json\/wp\/v2\/pages"}],"about":[{"href":"https:\/\/feltkutur.com\/fr\/wp-json\/wp\/v2\/types\/page"}],"author":[{"embeddable":true,"href":"https:\/\/feltkutur.com\/fr\/wp-json\/wp\/v2\/users\/1"}],"replies":[{"embeddable":true,"href":"https:\/\/feltkutur.com\/fr\/wp-json\/wp\/v2\/comments?post=5928"}],"version-history":[{"count":0,"href":"https:\/\/feltkutur.com\/fr\/wp-json\/wp\/v2\/pages\/5928\/revisions"}],"wp:attachment":[{"href":"https:\/\/feltkutur.com\/fr\/wp-json\/wp\/v2\/media?parent=5928"}],"curies":[{"name":"wp","href":"https:\/\/api.w.org\/{rel}","templated":true}]}}