{"id":5905,"date":"2023-08-17T10:02:40","date_gmt":"2023-08-17T14:02:40","guid":{"rendered":"https:\/\/feltkutur.com\/plafonniers-acoustiques-quadra\/"},"modified":"2025-09-08T10:33:24","modified_gmt":"2025-09-08T14:33:24","slug":"plafonniers-acoustiques-quadra","status":"publish","type":"page","link":"https:\/\/feltkutur.com\/fr\/plafonniers-acoustiques-quadra\/","title":{"rendered":"Plafonniers acoustiques Quadra"},"content":{"rendered":"\n<h3>\n\t\tCOLLECTION TEKBOARD QUADRA \n\t<\/h3>\n<h1>\n\t\tSYST\u00c8ME DE PLAFONNIER ACOUSTIQUE\n\t<\/h1>\n<h3>\n\t\tLE TEKBOARD QUADRA SE D\u00c9MARQUE COMME LE PLAFONNIER ACOUSTIQUE ULTIME DE LA COLLECTION FELTK\u00dcTUR, CONNU POUR SON EFFICACIT\u00c9 IN\u00c9GAL\u00c9E\n\t<\/h3>\n<h2>\n\t\tTEKBOARD QUADRA\n\t<\/h2>\n<p>Notre nouveau plafonnier acoustique, <strong>Tekboard Quadra<\/strong>, peut contribuer \u00e0 att\u00e9nuer les probl\u00e8mes de bruit en absorbant les ondes sonores et en r\u00e9duisant la quantit\u00e9 de r\u00e9verb\u00e9ration dans une pi\u00e8ce. Il est ainsi plus facile de communiquer et de collaborer efficacement, ce qui permet d&#8217;am\u00e9liorer la productivit\u00e9 et la prise de d\u00e9cision tout en cr\u00e9ant un environnement de travail plus positif. En outre, le Tekboard Quadra offre la sym\u00e9trie d&#8217;une forme carr\u00e9e qui peut \u00eatre facilement incorpor\u00e9e dans de nombreux styles de design, du moderne au traditionnel. Sa simplicit\u00e9 et sa polyvalence en font un choix populaire en architecture.<\/p>\n\t<p><a href=\"https:\/\/feltkutur.com\/wp-content\/uploads\/TEKBOARD-QUADRA.pdf\" target=\"_blank\" rel=\"noopener\">SP\u00c9CIFICATIONS TECHNIQUES<\/a><\/p>\n\n","protected":false},"excerpt":{"rendered":"<p>COLLECTION TEKBOARD QUADRA SYST\u00c8ME DE PLAFONNIER ACOUSTIQUE LE TEKBOARD QUADRA SE D\u00c9MARQUE COMME LE PLAFONNIER ACOUSTIQUE ULTIME DE LA COLLECTION FELTK\u00dcTUR, CONNU POUR SON EFFICACIT\u00c9 IN\u00c9GAL\u00c9E TEKBOARD QUADRA Notre nouveau plafonnier acoustique, Tekboard Quadra, peut contribuer \u00e0 att\u00e9nuer les probl\u00e8mes de bruit en absorbant les ondes sonores et en r\u00e9duisant la quantit\u00e9 de r\u00e9verb\u00e9ration dans [&#8230;]<\/p>\n<p><a class=\"btn btn-secondary understrap-read-more-link\" href=\"https:\/\/feltkutur.com\/fr\/plafonniers-acoustiques-quadra\/\">Read More&#8230;<\/a><\/p>\n","protected":false},"author":1,"featured_media":0,"parent":0,"menu_order":0,"comment_status":"closed","ping_status":"closed","template":"","meta":{"_seopress_robots_primary_cat":"","_seopress_titles_title":"","_seopress_titles_desc":"","_seopress_robots_index":"","footnotes":""},"class_list":["post-5905","page","type-page","status-publish"],"_links":{"self":[{"href":"https:\/\/feltkutur.com\/fr\/wp-json\/wp\/v2\/pages\/5905","targetHints":{"allow":["GET"]}}],"collection":[{"href":"https:\/\/feltkutur.com\/fr\/wp-json\/wp\/v2\/pages"}],"about":[{"href":"https:\/\/feltkutur.com\/fr\/wp-json\/wp\/v2\/types\/page"}],"author":[{"embeddable":true,"href":"https:\/\/feltkutur.com\/fr\/wp-json\/wp\/v2\/users\/1"}],"replies":[{"embeddable":true,"href":"https:\/\/feltkutur.com\/fr\/wp-json\/wp\/v2\/comments?post=5905"}],"version-history":[{"count":0,"href":"https:\/\/feltkutur.com\/fr\/wp-json\/wp\/v2\/pages\/5905\/revisions"}],"wp:attachment":[{"href":"https:\/\/feltkutur.com\/fr\/wp-json\/wp\/v2\/media?parent=5905"}],"curies":[{"name":"wp","href":"https:\/\/api.w.org\/{rel}","templated":true}]}}