{"id":5900,"date":"2023-08-10T12:47:10","date_gmt":"2023-08-10T16:47:10","guid":{"rendered":"https:\/\/feltkutur.com\/specialiste-acoustique\/"},"modified":"2023-08-14T07:25:06","modified_gmt":"2023-08-14T11:25:06","slug":"specialiste-acoustique","status":"publish","type":"page","link":"https:\/\/feltkutur.com\/fr\/specialiste-acoustique\/","title":{"rendered":"Sp\u00e9cialiste acoustique"},"content":{"rendered":"\n<h1>\n\t\tNOUVEAU SP\u00c9CIALISTE ACOUSTIQUE CHEZ ALKEGEN\n\t<\/h1>\nNous sommes ravis d&#8217;annoncer l&#8217;arriv\u00e9e de <strong>Gilles Elhadad <\/strong>au sein de notre \u00e9quipe, \u00e0 titre de Sp\u00e9cialiste acoustique. Il apportera un support technique aux ventes et au d\u00e9veloppement de nouveaux produits. Ayant plus de vingt-cinq ans d&#8217;exp\u00e9rience dans le domaine de l&#8217;acoustique, Gilles apporte une expertise exceptionnelle \u00e0 notre entreprise. <br \/>\n\n\t<p><b>Gilles<\/b> jouera un r\u00f4le essentiel dans le processus de d\u00e9veloppement de nos produits. Il collaborera \u00e9troitement avec nos architectes, ing\u00e9nieurs et designers pour affiner les sp\u00e9cifications, en veillant \u00e0 ce que nos solutions acoustiques r\u00e9pondent aux exigences les plus pointues du march\u00e9. Son implication ira au-del\u00e0 des sp\u00e9cifications, puisqu&#8217;il participera \u00e9galement au segment des mat\u00e9riaux de construction, en se concentrant principalement sur la gamme de produits ECODUO. Sa connaissance approfondie des mat\u00e9riaux et des techniques d&#8217;insonorisation sera un atout pr\u00e9cieux pour garantir que nos produits atteignent les normes les plus \u00e9lev\u00e9es en mati\u00e8re de performance acoustique.\u00a0<\/p>\n<p>De plus, <b>Gilles<\/b> apportera un soutien inestimable \u00e0 nos activit\u00e9s au sein de la gamme <b>Feltk\u00fctur<\/b>. Sa compr\u00e9hension approfondie des besoins des clients et sa passion pour offrir un service exceptionnel lui permettront de contribuer de mani\u00e8re significative \u00e0 l&#8217;exp\u00e9rience globale de nos clients dans cette gamme de produits.\u00a0<\/p>\n<p>Nous sommes convaincus que<b> Gilles<\/b> excellera dans ce r\u00f4le et que son engagement envers l&#8217;excellence et le service client lui permettront de relever avec succ\u00e8s ce nouveau d\u00e9fi au sein de notre \u00e9quipe. Nous lui souhaitons chaleureusement la bienvenue et avons h\u00e2te de voir les contributions pr\u00e9cieuses qu&#8217;il apportera \u00e0 notre entreprise et \u00e0 nos clients.<\/p>\n\n","protected":false},"excerpt":{"rendered":"<p>NOUVEAU SP\u00c9CIALISTE ACOUSTIQUE CHEZ ALKEGEN Nous sommes ravis d&#8217;annoncer l&#8217;arriv\u00e9e de Gilles Elhadad au sein de notre \u00e9quipe, \u00e0 titre de Sp\u00e9cialiste acoustique. Il apportera un support technique aux ventes et au d\u00e9veloppement de nouveaux produits. Ayant plus de vingt-cinq ans d&#8217;exp\u00e9rience dans le domaine de l&#8217;acoustique, Gilles apporte une expertise exceptionnelle \u00e0 notre entreprise. [&#8230;]<\/p>\n<p><a class=\"btn btn-secondary understrap-read-more-link\" href=\"https:\/\/feltkutur.com\/fr\/specialiste-acoustique\/\">Read More&#8230;<\/a><\/p>\n","protected":false},"author":1,"featured_media":0,"parent":0,"menu_order":0,"comment_status":"closed","ping_status":"closed","template":"","meta":{"_seopress_robots_primary_cat":"","_seopress_titles_title":"","_seopress_titles_desc":"","_seopress_robots_index":"","footnotes":""},"class_list":["post-5900","page","type-page","status-publish"],"_links":{"self":[{"href":"https:\/\/feltkutur.com\/fr\/wp-json\/wp\/v2\/pages\/5900","targetHints":{"allow":["GET"]}}],"collection":[{"href":"https:\/\/feltkutur.com\/fr\/wp-json\/wp\/v2\/pages"}],"about":[{"href":"https:\/\/feltkutur.com\/fr\/wp-json\/wp\/v2\/types\/page"}],"author":[{"embeddable":true,"href":"https:\/\/feltkutur.com\/fr\/wp-json\/wp\/v2\/users\/1"}],"replies":[{"embeddable":true,"href":"https:\/\/feltkutur.com\/fr\/wp-json\/wp\/v2\/comments?post=5900"}],"version-history":[{"count":0,"href":"https:\/\/feltkutur.com\/fr\/wp-json\/wp\/v2\/pages\/5900\/revisions"}],"wp:attachment":[{"href":"https:\/\/feltkutur.com\/fr\/wp-json\/wp\/v2\/media?parent=5900"}],"curies":[{"name":"wp","href":"https:\/\/api.w.org\/{rel}","templated":true}]}}