{"id":5796,"date":"2023-06-22T13:13:54","date_gmt":"2023-06-22T17:13:54","guid":{"rendered":"https:\/\/feltkutur.com\/emblm-acoustic-showroom\/"},"modified":"2023-06-22T13:18:28","modified_gmt":"2023-06-22T17:18:28","slug":"emblm-acoustic-showroom","status":"publish","type":"page","link":"https:\/\/feltkutur.com\/fr\/emblm-acoustic-showroom\/","title":{"rendered":"EMBLM Acoustic Showroom"},"content":{"rendered":"\n\n\t\t\t\t<img decoding=\"async\" src=\"https:\/\/feltkutur.com\/wp-content\/uploads\/EMBLM_logo_seul_degrade_vert_cmyk-002-2.png\" alt=\"EMBLM_logo_seul_degrade_vert_cmyk (002)\" itemprop=\"image\" height=\"321\" width=\"1974\" title=\"EMBLM_logo_seul_degrade_vert_cmyk (002)\" onerror=\"this.style.display='none'\"  \/>\n<h2>\n\t\tSALLE DE MONTRE DE QU\u00c9BEC\n\t<\/h2>\n\tLa salle de montre d&#8217;<a href=\"https:\/\/emblm.com\/nos-marques\/feltkutur\/\"><strong>EMBLM<\/strong> <\/a>\u00e0 Qu\u00e9bec est un v\u00e9ritable lieu d&#8217;exploration pour tous ceux qui sont veulent vivre l&#8217;exp\u00e9rience <a href=\"http:\/\/www.feltkutur.com\"><strong>Feltk\u00fctur<\/strong><\/a>. Cet espace exceptionnel vous permet de d\u00e9couvrir et de vivre une exp\u00e9rience immersive avec les mat\u00e9riaux acoustiques. En parcourant la salle de montre, vous aurez l&#8217;opportunit\u00e9 unique de toucher et d&#8217;observer de pr\u00e8s les plafonniers acoustiques, les panneaux Tekboard acoustiques et les rideaux acoustiques.\u00a0<br \/>\n\n\t<p>L&#8217;\u00e9quipe dynamique d&#8217;<a href=\"https:\/\/emblm.com\/nos-marques\/feltkutur\/\"><strong>EMBLM<\/strong> <\/a>se tient \u00e0 votre disposition pour vous guider et vous conseiller de mani\u00e8re \u00e9clair\u00e9e sur les produits Feltk\u00fctur. Leurs connaissances approfondies et leur passion contagieuse pour l&#8217;acoustique vous permettront de mieux comprendre les caract\u00e9ristiques et les avantages de chaque produit.\u00a0<\/p>\n<p>En tant que partenaire de marque, <a href=\"https:\/\/emblm.com\/nos-marques\/feltkutur\/\"><strong>EMBLM<\/strong><\/a> s&#8217;engage \u00e0 offrir des solutions de qualit\u00e9 sup\u00e9rieure pour am\u00e9liorer l&#8217;acoustique de votre espace. Que vous recherchiez une solution pour une salle de concert, un espace de travail collaboratif ou une salle de conf\u00e9rence, l&#8217;\u00e9quipe d&#8217;<a href=\"https:\/\/emblm.com\/nos-marques\/feltkutur\/\"><strong>EMBLM<\/strong> <\/a>sera en mesure de vous proposer des options adapt\u00e9es \u00e0 vos besoins sp\u00e9cifiques.\u00a0<\/p>\n<p>Ne manquez pas l&#8217;occasion de visiter la salle de montre d&#8217;<a href=\"https:\/\/emblm.com\/nos-marques\/feltkutur\/\"><strong>EMBLM<\/strong> <\/a>et d&#8217;explorer les innombrables possibilit\u00e9s offertes par les produits Feltk\u00fctur. Vous y trouverez des solutions acoustiques innovantes, esth\u00e9tiques et performantes. Profitez d&#8217;un service personnalis\u00e9 et laissez-vous guider par des experts passionn\u00e9s qui vous aideront \u00e0 cr\u00e9er un environnement sonore optimal.\u00a0<\/p>\n\n","protected":false},"excerpt":{"rendered":"<p>SALLE DE MONTRE DE QU\u00c9BEC La salle de montre d&#8217;EMBLM \u00e0 Qu\u00e9bec est un v\u00e9ritable lieu d&#8217;exploration pour tous ceux qui sont veulent vivre l&#8217;exp\u00e9rience Feltk\u00fctur. Cet espace exceptionnel vous permet de d\u00e9couvrir et de vivre une exp\u00e9rience immersive avec les mat\u00e9riaux acoustiques. En parcourant la salle de montre, vous aurez l&#8217;opportunit\u00e9 unique de toucher [&#8230;]<\/p>\n<p><a class=\"btn btn-secondary understrap-read-more-link\" href=\"https:\/\/feltkutur.com\/fr\/emblm-acoustic-showroom\/\">Read More&#8230;<\/a><\/p>\n","protected":false},"author":1,"featured_media":0,"parent":0,"menu_order":0,"comment_status":"closed","ping_status":"closed","template":"","meta":{"_seopress_robots_primary_cat":"","_seopress_titles_title":"","_seopress_titles_desc":"","_seopress_robots_index":"","footnotes":""},"class_list":["post-5796","page","type-page","status-publish"],"_links":{"self":[{"href":"https:\/\/feltkutur.com\/fr\/wp-json\/wp\/v2\/pages\/5796","targetHints":{"allow":["GET"]}}],"collection":[{"href":"https:\/\/feltkutur.com\/fr\/wp-json\/wp\/v2\/pages"}],"about":[{"href":"https:\/\/feltkutur.com\/fr\/wp-json\/wp\/v2\/types\/page"}],"author":[{"embeddable":true,"href":"https:\/\/feltkutur.com\/fr\/wp-json\/wp\/v2\/users\/1"}],"replies":[{"embeddable":true,"href":"https:\/\/feltkutur.com\/fr\/wp-json\/wp\/v2\/comments?post=5796"}],"version-history":[{"count":0,"href":"https:\/\/feltkutur.com\/fr\/wp-json\/wp\/v2\/pages\/5796\/revisions"}],"wp:attachment":[{"href":"https:\/\/feltkutur.com\/fr\/wp-json\/wp\/v2\/media?parent=5796"}],"curies":[{"name":"wp","href":"https:\/\/api.w.org\/{rel}","templated":true}]}}