{"id":5682,"date":"2023-05-10T09:13:45","date_gmt":"2023-05-10T13:13:45","guid":{"rendered":"https:\/\/feltkutur.com\/acoustical-cabin\/"},"modified":"2023-05-10T09:21:41","modified_gmt":"2023-05-10T13:21:41","slug":"acoustical-cabin","status":"publish","type":"page","link":"https:\/\/feltkutur.com\/fr\/acoustical-cabin\/","title":{"rendered":"ACOUSTICAL CABIN"},"content":{"rendered":"\n<h1>\n\t\tLes cabines acoustiques dans les bureaux ouverts\n\t<\/h1>\n\t<p>Dans un environnement de bureau ouvert, les niveaux de bruit peuvent \u00eatre \u00e9lev\u00e9s, provoquant des distractions et r\u00e9duisant la productivit\u00e9. Cela est d\u00fb au fait que le son peut facilement se propager dans tout le bureau, entra\u00eenant un manque de confidentialit\u00e9 et une incapacit\u00e9 \u00e0 se concentrer. Les cabines acoustiques peuvent aider \u00e0 r\u00e9soudre ces probl\u00e8mes en fournissant un espace insonoris\u00e9 qui peut \u00eatre utilis\u00e9 pour les appels t\u00e9l\u00e9phoniques, les r\u00e9unions et le travail concentr\u00e9.<\/p>\n\t<p>L&#8217;un des avantages les plus importants des cabines acoustiques est leur capacit\u00e9 \u00e0 r\u00e9duire les niveaux de bruit. Dans les bureaux ouverts, le bruit peut provenir de diverses sources, notamment les conversations, les sonneries de t\u00e9l\u00e9phone, les imprimantes et autres sons de fond. Les cabines acoustiques peuvent aider \u00e0 bloquer les bruits ind\u00e9sirables en fournissant un espace con\u00e7u pour \u00eatre insonoris\u00e9.<\/p>\n<p>Un autre avantage des cabines acoustiques est qu&#8217;elles am\u00e9liorent la confidentialit\u00e9. Dans un environnement de bureau ouvert, il peut \u00eatre difficile d&#8217;avoir des conversations priv\u00e9es sans \u00eatre entendu par d&#8217;autres. Les cabines acoustiques peuvent fournir un espace priv\u00e9 pour les appels t\u00e9l\u00e9phoniques, les r\u00e9unions et les discussions confidentielles.<\/p>\n\t\t\t\t<img decoding=\"async\" src=\"https:\/\/feltkutur.com\/wp-content\/uploads\/Kubicule.png\" alt=\"Kubicule\" itemprop=\"image\" height=\"1333\" width=\"750\" title=\"Kubicule\" onerror=\"this.style.display='none'\"  \/>\n\t<p>Les cabines acoustiques peuvent \u00e9galement aider \u00e0 am\u00e9liorer la productivit\u00e9 en fournissant un espace calme o\u00f9 les employ\u00e9s peuvent se concentrer sur leur travail sans distractions. Lorsque les employ\u00e9s sont constamment distraits par le bruit, il peut \u00eatre difficile de se concentrer sur les t\u00e2ches \u00e0 accomplir. Les cabines acoustiques peuvent aider \u00e0 am\u00e9liorer la productivit\u00e9 en fournissant un environnement calme et concentr\u00e9.<\/p>\n\t<p>Les cabines acoustiques, de notre partenaire <a href=\"https:\/\/www.kubicule.com\/\"><strong>KUBICULE <\/strong><\/a>sont con\u00e7ues pour \u00eatre flexibles et adaptables. Elles peuvent \u00eatre con\u00e7ues pour \u00eatre modulaires et mobiles, ce qui les rend faciles \u00e0 reconfigurer et \u00e0 adapter aux besoins changeants. Cette flexibilit\u00e9 peut aider \u00e0 optimiser l&#8217;espace de bureau limit\u00e9 et garantir que le bureau est con\u00e7u pour r\u00e9pondre aux besoins des employ\u00e9s.<\/p>\n<p>En r\u00e9sum\u00e9, l&#8217;utilisation de cabines acoustiques dans les environnements de bureau ouverts est importante car elles aident \u00e0 r\u00e9duire les niveaux de bruit, am\u00e9liorer la confidentialit\u00e9, am\u00e9liorer la productivit\u00e9 et fournir un espace de travail flexible et adaptable. En fournissant un espace o\u00f9 les employ\u00e9s peuvent se concentrer et travailler sans distractions, les cabines acoustiques peuvent aider \u00e0 cr\u00e9er un environnement de travail plus efficace et productif.<\/p>\n\n","protected":false},"excerpt":{"rendered":"<p>Les cabines acoustiques dans les bureaux ouverts Dans un environnement de bureau ouvert, les niveaux de bruit peuvent \u00eatre \u00e9lev\u00e9s, provoquant des distractions et r\u00e9duisant la productivit\u00e9. Cela est d\u00fb au fait que le son peut facilement se propager dans tout le bureau, entra\u00eenant un manque de confidentialit\u00e9 et une incapacit\u00e9 \u00e0 se concentrer. Les [&#8230;]<\/p>\n<p><a class=\"btn btn-secondary understrap-read-more-link\" href=\"https:\/\/feltkutur.com\/fr\/acoustical-cabin\/\">Read More&#8230;<\/a><\/p>\n","protected":false},"author":1,"featured_media":0,"parent":0,"menu_order":0,"comment_status":"closed","ping_status":"closed","template":"","meta":{"_seopress_robots_primary_cat":"","_seopress_titles_title":"","_seopress_titles_desc":"","_seopress_robots_index":"","footnotes":""},"class_list":["post-5682","page","type-page","status-publish"],"_links":{"self":[{"href":"https:\/\/feltkutur.com\/fr\/wp-json\/wp\/v2\/pages\/5682","targetHints":{"allow":["GET"]}}],"collection":[{"href":"https:\/\/feltkutur.com\/fr\/wp-json\/wp\/v2\/pages"}],"about":[{"href":"https:\/\/feltkutur.com\/fr\/wp-json\/wp\/v2\/types\/page"}],"author":[{"embeddable":true,"href":"https:\/\/feltkutur.com\/fr\/wp-json\/wp\/v2\/users\/1"}],"replies":[{"embeddable":true,"href":"https:\/\/feltkutur.com\/fr\/wp-json\/wp\/v2\/comments?post=5682"}],"version-history":[{"count":0,"href":"https:\/\/feltkutur.com\/fr\/wp-json\/wp\/v2\/pages\/5682\/revisions"}],"wp:attachment":[{"href":"https:\/\/feltkutur.com\/fr\/wp-json\/wp\/v2\/media?parent=5682"}],"curies":[{"name":"wp","href":"https:\/\/api.w.org\/{rel}","templated":true}]}}