{"id":5497,"date":"2023-03-14T09:49:54","date_gmt":"2023-03-14T13:49:54","guid":{"rendered":"https:\/\/feltkutur.com\/3d-acoustic-tool\/"},"modified":"2026-01-07T13:16:31","modified_gmt":"2026-01-07T18:16:31","slug":"outil-configuration-auralisation-3d","status":"publish","type":"page","link":"https:\/\/feltkutur.com\/fr\/outil-configuration-auralisation-3d\/","title":{"rendered":"Outil de configuration et auralisation 3D"},"content":{"rendered":"\r\n\r\n\t<p><strong>CR\u00c9EZ VOTRE AMBIANCE ACOUSTIQUE EN 3D<\/strong><\/p>\r\nVisualisez, testez et personnalisez vos solutions acoustiques en temps r\u00e9el dans des environnements r\u00e9alistes.<br data-start=\"110\" data-end=\"113\" \/><br \/>\r\nQue vous soyez architecte, designer ou entrepreneur, notre outil vous aide \u00e0 concevoir l&#8217;atmosph\u00e8re sonore parfaite pour vos projets.\r\n<p><strong data-start=\"461\" data-end=\"507\">Entendez la diff\u00e9rence &#8211; Voyez le r\u00e9sultat &#8211; Choisissez vos finis, couleurs et formats<\/strong><\/p>\r\n\r\n\t<iframe width=\"100%\" height=\"550\" src=\"https:\/\/feltkutur.com\/textile_configurator\/?lang=fr-CA\" frameborder=\"0\"><\/iframe>\r\n\t<h1>Comment utiliser l&#8217;outil 3D<\/h1>\r\n<h1><em>TUTORIeLS<\/em><\/h1>\r\n\t\t\t<a href=\"https:\/\/feltkutur.com\/fr\/landing-page-v1\/\" target=\"_self\">\r\n\t\t\t\t\t\t\tCOMMUNIQUEZ AVEC UN DE NOS EXPERTS!\r\n\t\t\t\t\t<\/a>\r\n\t<h2>MANIPULER FELTK\u00dcTUR ILLUSION<br \/>\r\n<\/h2>\r\n\t<h2>CR\u00c9ER VOTRE PROPRE ENVIRONNEMENT 3D<br \/>\r\n<\/h2>\r\n\t<meta itemprop=\"url\" content=\"https:\/\/feltkutur.com\/wp-content\/uploads\/Tutoriel-1-Manipuler-Feltkutur-Illusion.mp4\" \/><div style=\"width: 640px;\" class=\"wp-video\"><video class=\"wp-video-shortcode\" id=\"video-5497-1\" width=\"640\" height=\"360\" poster=\"https:\/\/feltkutur.com\/wp-content\/uploads\/3D-Configurator-esquiss.png\" preload=\"none\" controls=\"controls\"><source type=\"video\/mp4\" src=\"https:\/\/feltkutur.com\/wp-content\/uploads\/Tutoriel-1-Manipuler-Feltkutur-Illusion.mp4?_=1\" \/><a href=\"https:\/\/feltkutur.com\/wp-content\/uploads\/Tutoriel-1-Manipuler-Feltkutur-Illusion.mp4\">https:\/\/feltkutur.com\/wp-content\/uploads\/Tutoriel-1-Manipuler-Feltkutur-Illusion.mp4<\/a><\/video><\/div>\r\n\t<h2>AJOUTER DES ITEMS ACOUSTIQUES \u00c0 VOTRE ESPACE<br \/>\r\n<\/h2>\r\n\t<meta itemprop=\"url\" content=\"https:\/\/feltkutur.com\/wp-content\/uploads\/Tutoriel-4-Placer-des-items-acoustiques.mp4\" \/><div style=\"width: 640px;\" class=\"wp-video\"><video class=\"wp-video-shortcode\" id=\"video-5497-2\" width=\"640\" height=\"360\" poster=\"https:\/\/feltkutur.com\/wp-content\/uploads\/3-ANG.jpg\" preload=\"none\" controls=\"controls\"><source type=\"video\/mp4\" src=\"https:\/\/feltkutur.com\/wp-content\/uploads\/Tutoriel-4-Placer-des-items-acoustiques.mp4?_=2\" \/><a href=\"https:\/\/feltkutur.com\/wp-content\/uploads\/Tutoriel-4-Placer-des-items-acoustiques.mp4\">https:\/\/feltkutur.com\/wp-content\/uploads\/Tutoriel-4-Placer-des-items-acoustiques.mp4<\/a><\/video><\/div>\r\n\t<meta itemprop=\"url\" content=\"https:\/\/feltkutur.com\/wp-content\/uploads\/Tutoriel-2-Creation-de-la-piece-Feltkutur-Illusion-\u2010.mp4\" \/><div style=\"width: 640px;\" class=\"wp-video\"><video class=\"wp-video-shortcode\" id=\"video-5497-3\" width=\"640\" height=\"360\" poster=\"https:\/\/feltkutur.com\/wp-content\/uploads\/3-7.jpg\" preload=\"none\" controls=\"controls\"><source type=\"video\/mp4\" src=\"https:\/\/feltkutur.com\/wp-content\/uploads\/Tutoriel-2-Creation-de-la-piece-Feltkutur-Illusion-\u2010.mp4?_=3\" \/><a href=\"https:\/\/feltkutur.com\/wp-content\/uploads\/Tutoriel-2-Creation-de-la-piece-Feltkutur-Illusion-\u2010.mp4\">https:\/\/feltkutur.com\/wp-content\/uploads\/Tutoriel-2-Creation-de-la-piece-Feltkutur-Illusion-\u2010.mp4<\/a><\/video><\/div>\r\n<h2>\r\n\t\tNOS COMMANDITAIRES\r\n\t<\/h2>\r\n\t\t\t\t<img decoding=\"async\" src=\"https:\/\/feltkutur.com\/wp-content\/uploads\/TeknionLogoGrey-SCREEN-Preferred.jpg\" alt=\"TeknionLogoGrey-SCREEN-Preferred\" itemprop=\"image\" height=\"4167\" width=\"18976\" title=\"TeknionLogoGrey-SCREEN-Preferred\" onerror=\"this.style.display='none'\"  \/>\r\n\t\t\t\t<a href=\"https:\/\/www.kubicule.com\/\" target=\"_blank\" rel=\"noopener\"  itemprop=\"url\">\r\n\t\t\t\t<img decoding=\"async\" src=\"https:\/\/feltkutur.com\/wp-content\/uploads\/Kubicule-gris.png\" alt=\"Kubicule gris\" itemprop=\"image\" height=\"798\" width=\"798\" title=\"Kubicule gris\" onerror=\"this.style.display='none'\"  \/>\r\n\t\t\t\t<\/a>\r\n\t\t\t\t<img decoding=\"async\" src=\"https:\/\/feltkutur.com\/wp-content\/uploads\/5dced00f3ee1aa31799691af_venture_new_logo-p-500.png\" alt=\"5dced00f3ee1aa31799691af_venture_new_logo-p-500\" itemprop=\"image\" height=\"140\" width=\"500\" title=\"5dced00f3ee1aa31799691af_venture_new_logo-p-500\" onerror=\"this.style.display='none'\"  \/>\r\n\t\t\t<a href=\"https:\/\/feltkutur.com\/fr\/landing-page-v1\/\" target=\"_self\">\r\n\t\t\t\t\t\t\tCONTACTEZ-NOUS POUR UNE CONSULTATION OU UNE SOUMISSION!\r\n\t\t\t\t\t<\/a>\r\n\r\n","protected":false},"excerpt":{"rendered":"<p>CR\u00c9EZ VOTRE AMBIANCE ACOUSTIQUE EN 3D Visualisez, testez et personnalisez vos solutions acoustiques en temps r\u00e9el dans des environnements r\u00e9alistes. Que vous soyez architecte, designer ou entrepreneur, notre outil vous aide \u00e0 concevoir l&#8217;atmosph\u00e8re sonore parfaite pour vos projets. Entendez la diff\u00e9rence &#8211; Voyez le r\u00e9sultat &#8211; Choisissez vos finis, couleurs et formats Comment utiliser [&#8230;]<\/p>\n<p><a class=\"btn btn-secondary understrap-read-more-link\" href=\"https:\/\/feltkutur.com\/fr\/outil-configuration-auralisation-3d\/\">Read More&#8230;<\/a><\/p>\n","protected":false},"author":1,"featured_media":0,"parent":0,"menu_order":0,"comment_status":"closed","ping_status":"closed","template":"","meta":{"_seopress_robots_primary_cat":"","_seopress_titles_title":"","_seopress_titles_desc":"","_seopress_robots_index":"","footnotes":""},"class_list":["post-5497","page","type-page","status-publish"],"_links":{"self":[{"href":"https:\/\/feltkutur.com\/fr\/wp-json\/wp\/v2\/pages\/5497","targetHints":{"allow":["GET"]}}],"collection":[{"href":"https:\/\/feltkutur.com\/fr\/wp-json\/wp\/v2\/pages"}],"about":[{"href":"https:\/\/feltkutur.com\/fr\/wp-json\/wp\/v2\/types\/page"}],"author":[{"embeddable":true,"href":"https:\/\/feltkutur.com\/fr\/wp-json\/wp\/v2\/users\/1"}],"replies":[{"embeddable":true,"href":"https:\/\/feltkutur.com\/fr\/wp-json\/wp\/v2\/comments?post=5497"}],"version-history":[{"count":0,"href":"https:\/\/feltkutur.com\/fr\/wp-json\/wp\/v2\/pages\/5497\/revisions"}],"wp:attachment":[{"href":"https:\/\/feltkutur.com\/fr\/wp-json\/wp\/v2\/media?parent=5497"}],"curies":[{"name":"wp","href":"https:\/\/api.w.org\/{rel}","templated":true}]}}