{"id":5450,"date":"2023-03-06T08:11:46","date_gmt":"2023-03-06T13:11:46","guid":{"rendered":"https:\/\/feltkutur.com\/feutrez-votre-environnement\/"},"modified":"2023-03-06T08:39:07","modified_gmt":"2023-03-06T13:39:07","slug":"feutrez-votre-environnement","status":"publish","type":"page","link":"https:\/\/feltkutur.com\/fr\/feutrez-votre-environnement\/","title":{"rendered":"Feutrez votre environnement"},"content":{"rendered":"\n\n\t<h1>FEUTREZ VOTRE ENVIRONNEMENT AVEC<br \/>\n<\/h1>\n<h1>FELTK\u00dcTUR<\/h1>\n\t<p>Un environnement de travail feutr\u00e9 et confortable peut avoir de multiples avantages pour les employ\u00e9s et la productivit\u00e9 globale de ce lieu. Cela peut remonter le moral des employ\u00e9s, r\u00e9duire le stress, am\u00e9liorer la concentration et cr\u00e9er une atmosph\u00e8re plus conviviale et confortable. <\/p>\n\t<p>Par cons\u00e9quent, investir dans la cr\u00e9ation d&#8217;un bureau confortable \u00e0 l&#8217;aide de feutres de la gamme<a href=\"https:\/\/feltkutur.com\/fr\/\"><strong> Feltk\u00fctur<\/strong> <\/a>peut avoir un effet positif \u00e0 long terme sur le succ\u00e8s de vos employ\u00e9s et sur le lieu de travail dans son ensemble.\u00a0\u00a0Les tuiles murales 3D ont tr\u00e8s vite connu un succ\u00e8s aupr\u00e8s des architectes et d\u00e9corateurs comme \u00e9tant un produit qui combine acoustique et design. <\/p>\n<p>&nbsp;<\/p>\n<p>L&#8217;environnement de travail est en constante \u00e9volution, et la marque\u00a0<strong><a href=\"https:\/\/feltkutur.com\/fr\/\">Feltk\u00fctur<\/a>\u00a0<\/strong>r\u00e9pond \u00e0 ce d\u00e9fi en apportant des solutions concr\u00e8tes en terme d&#8217;environnement de travail cr\u00e9atif, dynamique et flexible, tout en int\u00e9grant des solutions acoustiques.<\/p>\n\n","protected":false},"excerpt":{"rendered":"<p>FEUTREZ VOTRE ENVIRONNEMENT AVEC FELTK\u00dcTUR Un environnement de travail feutr\u00e9 et confortable peut avoir de multiples avantages pour les employ\u00e9s et la productivit\u00e9 globale de ce lieu. Cela peut remonter le moral des employ\u00e9s, r\u00e9duire le stress, am\u00e9liorer la concentration et cr\u00e9er une atmosph\u00e8re plus conviviale et confortable. Par cons\u00e9quent, investir dans la cr\u00e9ation d&#8217;un [&#8230;]<\/p>\n<p><a class=\"btn btn-secondary understrap-read-more-link\" href=\"https:\/\/feltkutur.com\/fr\/feutrez-votre-environnement\/\">Read More&#8230;<\/a><\/p>\n","protected":false},"author":1,"featured_media":0,"parent":0,"menu_order":0,"comment_status":"closed","ping_status":"closed","template":"","meta":{"_seopress_robots_primary_cat":"","_seopress_titles_title":"","_seopress_titles_desc":"","_seopress_robots_index":"","footnotes":""},"class_list":["post-5450","page","type-page","status-publish"],"_links":{"self":[{"href":"https:\/\/feltkutur.com\/fr\/wp-json\/wp\/v2\/pages\/5450","targetHints":{"allow":["GET"]}}],"collection":[{"href":"https:\/\/feltkutur.com\/fr\/wp-json\/wp\/v2\/pages"}],"about":[{"href":"https:\/\/feltkutur.com\/fr\/wp-json\/wp\/v2\/types\/page"}],"author":[{"embeddable":true,"href":"https:\/\/feltkutur.com\/fr\/wp-json\/wp\/v2\/users\/1"}],"replies":[{"embeddable":true,"href":"https:\/\/feltkutur.com\/fr\/wp-json\/wp\/v2\/comments?post=5450"}],"version-history":[{"count":0,"href":"https:\/\/feltkutur.com\/fr\/wp-json\/wp\/v2\/pages\/5450\/revisions"}],"wp:attachment":[{"href":"https:\/\/feltkutur.com\/fr\/wp-json\/wp\/v2\/media?parent=5450"}],"curies":[{"name":"wp","href":"https:\/\/api.w.org\/{rel}","templated":true}]}}