{"id":5407,"date":"2023-02-09T10:40:06","date_gmt":"2023-02-09T15:40:06","guid":{"rendered":"https:\/\/feltkutur.com\/acoustical-felt-tiles-haute-couture\/"},"modified":"2023-02-13T08:39:54","modified_gmt":"2023-02-13T13:39:54","slug":"acoustical-felt-tiles-haute-couture","status":"publish","type":"page","link":"https:\/\/feltkutur.com\/fr\/acoustical-felt-tiles-haute-couture\/","title":{"rendered":"Acoustical Felt Tiles Haute-Couture"},"content":{"rendered":"\n\n\t\t\t\t<img decoding=\"async\" src=\"https:\/\/feltkutur.com\/wp-content\/uploads\/FELTKUTUR_Designez_Feutrez_Environnement_CYAN-scaled.jpg\" alt=\"FELTKUTUR_Designez_Feutrez_Environnement_CYAN\" itemprop=\"image\" height=\"726\" width=\"2560\" title=\"FELTKUTUR_Designez_Feutrez_Environnement_CYAN\" onerror=\"this.style.display='none'\"  \/>\n\n<h2>\n\t\tTUILES ACOUSTIQUES EN FEUTRE\n\t<\/h2>\n\t<p>Nos tuiles acoustiques murales ajoutent de l&#8217;\u00e9l\u00e9gance et de la texture \u00e0 vos murs tout en offrant une absorption acoustique. Disponibles dans une vari\u00e9t\u00e9 de couleurs et de designs, elles sont durables et parfaites pour ceux et celles cherchant \u00e0 habiller leurs murs tout en am\u00e9liorant leur environnement sonore.<\/p>\n\t<p>D\u00e9couvrez nos collections de tuiles acoustiques <a href=\"https:\/\/feltkutur.com\/fr\/collection-gaia\/\"><strong>GA\u00cfA<\/strong> <\/a>et <strong><a href=\"https:\/\/feltkutur.com\/fr\/collection-harmonie\/\">HARMONIE<\/a>.<\/strong> Disponibles dans une vari\u00e9t\u00e9 de couleurs, vous pouvez choisir le mod\u00e8le de carrelage qui correspond le mieux \u00e0 la conception existante de votre espace. Selon vos pr\u00e9f\u00e9rences, vous pouvez ajouter une touche de couleur ou cr\u00e9er un design monochrome. Les motifs textur\u00e9s de notre collection de tuiles de feutre acoustique ajoutent une dimension et une profondeur \u00e0 vos murs. Ces motifs peuvent \u00eatre subtils ou audacieux.<\/p>\n<p>Nos tuiles acoustiques en feutre sont faciles \u00e0 nettoyer et sont fabriqu\u00e9es \u00e0 partir de notre feutre <a href=\"https:\/\/feltkutur.com\/fr\/panneaux-acoustiques-duotex\/\"><strong>D\u00dcOTEX<\/strong><\/a>, ce qui les rends r\u00e9sistantes \u00e0 l&#8217;usure. Elles conservent \u00e9galement leur attrait esth\u00e9tique au fil du temps.<\/p>\n<h2>\n\t\tINSTALLATION\n\t<\/h2>\n\t<p>Gr\u00e2ce au <strong><a href=\"https:\/\/feltkutur.com\/fr\/panneaux-acoustiques-duotex-tahmea\/\">D\u00fcotex Tahmea<\/a>,<\/strong> une technologie adh\u00e9sive appliqu\u00e9e \u00e0 l&#8217;arri\u00e8re du panneau D\u00fcotex, et l&#8217;utilisation de l&#8217;ensemble de d\u00e9part, l&#8217;installation des tuiles en sera simplifi\u00e9e!<\/p>\n<p>Choisissez la bonne tuile acoustique pour obtenir un look unique et \u00e9l\u00e9gant!<\/p>\n\n","protected":false},"excerpt":{"rendered":"<p>TUILES ACOUSTIQUES EN FEUTRE Nos tuiles acoustiques murales ajoutent de l&#8217;\u00e9l\u00e9gance et de la texture \u00e0 vos murs tout en offrant une absorption acoustique. Disponibles dans une vari\u00e9t\u00e9 de couleurs et de designs, elles sont durables et parfaites pour ceux et celles cherchant \u00e0 habiller leurs murs tout en am\u00e9liorant leur environnement sonore. D\u00e9couvrez nos [&#8230;]<\/p>\n<p><a class=\"btn btn-secondary understrap-read-more-link\" href=\"https:\/\/feltkutur.com\/fr\/acoustical-felt-tiles-haute-couture\/\">Read More&#8230;<\/a><\/p>\n","protected":false},"author":1,"featured_media":0,"parent":0,"menu_order":0,"comment_status":"closed","ping_status":"closed","template":"","meta":{"_seopress_robots_primary_cat":"","_seopress_titles_title":"","_seopress_titles_desc":"","_seopress_robots_index":"","footnotes":""},"class_list":["post-5407","page","type-page","status-publish"],"_links":{"self":[{"href":"https:\/\/feltkutur.com\/fr\/wp-json\/wp\/v2\/pages\/5407","targetHints":{"allow":["GET"]}}],"collection":[{"href":"https:\/\/feltkutur.com\/fr\/wp-json\/wp\/v2\/pages"}],"about":[{"href":"https:\/\/feltkutur.com\/fr\/wp-json\/wp\/v2\/types\/page"}],"author":[{"embeddable":true,"href":"https:\/\/feltkutur.com\/fr\/wp-json\/wp\/v2\/users\/1"}],"replies":[{"embeddable":true,"href":"https:\/\/feltkutur.com\/fr\/wp-json\/wp\/v2\/comments?post=5407"}],"version-history":[{"count":0,"href":"https:\/\/feltkutur.com\/fr\/wp-json\/wp\/v2\/pages\/5407\/revisions"}],"wp:attachment":[{"href":"https:\/\/feltkutur.com\/fr\/wp-json\/wp\/v2\/media?parent=5407"}],"curies":[{"name":"wp","href":"https:\/\/api.w.org\/{rel}","templated":true}]}}