{"id":5386,"date":"2023-02-01T09:04:00","date_gmt":"2023-02-01T14:04:00","guid":{"rendered":"https:\/\/feltkutur.com\/acoustical-hanging-screen\/"},"modified":"2026-03-06T10:53:39","modified_gmt":"2026-03-06T15:53:39","slug":"acoustical-hanging-screen","status":"publish","type":"page","link":"https:\/\/feltkutur.com\/fr\/acoustical-hanging-screen\/","title":{"rendered":"Acoustical Hanging Screen"},"content":{"rendered":"\n\n\t<h1>Rideaux acoustiques suspendus<br \/>\nCollection Renaissance<\/h1>\n\tLa <strong data-start=\"240\" data-end=\"299\">collection Renaissance <\/strong>de rideaux acoustiques suspendus combine performance acoustique et design architectural afin d&#8217;am\u00e9liorer le confort sonore des espaces int\u00e9rieurs. Con\u00e7us pour les environnements commerciaux et collaboratifs modernes, ces rideaux acoustiques permettent de r\u00e9duire la r\u00e9verb\u00e9ration, contr\u00f4ler le bruit et cr\u00e9er des espaces plus confortables pour la communication et la concentration.\nId\u00e9als pour les <strong data-start=\"674\" data-end=\"768\">bureaux ouverts, salles de r\u00e9union, espaces collaboratifs et environnements professionnels<\/strong>, les rideaux acoustiques Renaissance contribuent \u00e0 cr\u00e9er des lieux plus calmes tout en ajoutant une dimension visuelle distinctive.\n<h2>\n\t\tAm\u00e9liorer le confort acoustique et la confidentialit\u00e9\n\t<\/h2>\n\t<p>Les rideaux acoustiques suspendus jouent un r\u00f4le important dans la gestion du son dans les espaces ouverts ou de grande superficie. En absorbant les ondes sonores et en r\u00e9duisant la r\u00e9verb\u00e9ration, ils contribuent \u00e0 cr\u00e9er des environnements plus confortables pour les conversations, les pr\u00e9sentations et les activit\u00e9s quotidiennes.<\/p>\n<h3>\n\t\tPrincipaux avantages\n\t<\/h3>\n\t<ul data-start=\"1341\" data-end=\"1578\">\n<li data-section-id=\"agw51l\" data-start=\"1341\" data-end=\"1392\">\nAm\u00e9lioration de la clart\u00e9 des conversations\n<\/li>\n<li data-section-id=\"79c5j2\" data-start=\"1393\" data-end=\"1447\">\nR\u00e9duction du bruit ambiant et des distractions\n<\/li>\n<li data-section-id=\"2hgjl5\" data-start=\"1448\" data-end=\"1501\">\nAugmentation de la confidentialit\u00e9 acoustique\n<\/li>\n<li data-section-id=\"1dtxzmg\" data-start=\"1502\" data-end=\"1578\">\nAm\u00e9lioration de l&#8217;esth\u00e9tique et de l&#8217;organisation visuelle de l&#8217;espace\n<\/li>\n<\/ul>\nCes \u00e9l\u00e9ments acoustiques suspendus constituent une solution efficace et \u00e9conomique pour am\u00e9liorer l&#8217;acoustique d&#8217;un espace, sans n\u00e9cessiter de modifications architecturales importantes.\n\t\t\t\t<img decoding=\"async\" src=\"https:\/\/feltkutur.com\/wp-content\/uploads\/General-1-scaled.jpg\" alt=\"Acoustical Hanging Screens Renaissance Collection\" itemprop=\"image\" height=\"1920\" width=\"2560\" title=\"Acoustical Hanging Screens Renaissance Collection\" onerror=\"this.style.display='none'\"  \/>\n\t<p><a href=\"https:\/\/feltkutur.com\/fr\/collection-renaissance\/\" target=\"_blank\" rel=\"noopener\">explorer les diff\u00e9rents mod\u00e8les et acc\u00e9der aux sp\u00e9cifications!<\/a><\/p>\n<h2>\n\t\tCon\u00e7us pour des applications int\u00e9rieures vari\u00e9es\n\t<\/h2>\n\t<p>La <a href=\"https:\/\/feltkutur.com\/fr\/collection-renaissance\/\"><strong>Collection Renaissance<\/strong><\/a> propose six motifs distinctifs et dix couleurs de feutre, permettant aux architectes et designers d&#8217;int\u00e9grer facilement la performance acoustique au design int\u00e9rieur.<\/p>\n<h3>\n\t\tApplications Id\u00e9ales\n\t<\/h3>\n\tCes rideaux acoustiques suspendus conviennent \u00e0 une grande vari\u00e9t\u00e9 d&#8217;environnements :\n<ul data-start=\"2151\" data-end=\"2317\">\n<li data-section-id=\"1k8vupq\" data-start=\"2151\" data-end=\"2174\">\nBureaux corporatifs\n<\/li>\n<li data-section-id=\"ixu7dx\" data-start=\"2175\" data-end=\"2196\">\nSalles de r\u00e9union\n<\/li>\n<li data-section-id=\"1f0j0g0\" data-start=\"2197\" data-end=\"2230\">\n\u00c9tablissements d&#8217;enseignement\n<\/li>\n<li data-section-id=\"1m1pux3\" data-start=\"2231\" data-end=\"2254\">\nEspaces commerciaux\n<\/li>\n<li data-section-id=\"14nnsda\" data-start=\"2255\" data-end=\"2290\">\nAires de travail collaboratives\n<\/li>\n<li data-section-id=\"5z33e1\" data-start=\"2291\" data-end=\"2317\">\nEnvironnements h\u00f4teliers\n<\/li>\n<\/ul>\nLa collection permet de choisir un design qui <strong data-start=\"2365\" data-end=\"2440\">s&#8217;harmonise avec l&#8217;architecture et l&#8217;identit\u00e9 visuelle de chaque espace<\/strong>.\n\t\t\t\t<img decoding=\"async\" src=\"https:\/\/feltkutur.com\/wp-content\/uploads\/LEQEL-FELTKUTUR-6-scaled.jpg\" alt=\"sound proofing panels\" itemprop=\"image\" height=\"1707\" width=\"2560\" title=\"sound proofing panels\" onerror=\"this.style.display='none'\"  \/>\n<h2>\n\t\tUne conception durable en feutre PET\n\t<\/h2>\n\t<p>Les rideaux acoustiques Renaissance sont fabriqu\u00e9s \u00e0 partir de <strong data-start=\"2557\" data-end=\"2587\">feutre PET <a href=\"https:\/\/feltkutur.com\/fr\/panneaux-acoustiques-duotex\/\">D\u00fcotex<\/a> de 12 mm<\/strong>, un mat\u00e9riau durable con\u00e7u pour offrir une performance acoustique \u00e0 long terme.<\/p>\n<h2>\n\t\tInstallation simple et design adaptable\n\t<\/h2>\n\t<p>Les rideaux acoustiques suspendus Renaissance sont con\u00e7us pour une installation simple et flexible. Leur format suspendu permet d&#8217;ajuster facilement l&#8217;am\u00e9nagement des espaces, de cr\u00e9er des zones distinctes ou de renouveler le design int\u00e9rieur selon l&#8217;\u00e9volution des besoins.<\/p>\n\t\t\t\t<img decoding=\"async\" src=\"https:\/\/feltkutur.com\/wp-content\/uploads\/Poster-2-1.jpg\" alt=\"soundproof panels\" itemprop=\"image\" height=\"919\" width=\"1630\" title=\"soundproof panels\" onerror=\"this.style.display='none'\"  \/>\n\t<p><a href=\"https:\/\/feltkutur.com\/fr\/contactez-nous\/\" target=\"_blank\" rel=\"noopener\">contactez-nous pour votre projet!<\/a><\/p>\n\n","protected":false},"excerpt":{"rendered":"<p>Rideaux acoustiques suspendus Collection Renaissance La collection Renaissance de rideaux acoustiques suspendus combine performance acoustique et design architectural afin d&#8217;am\u00e9liorer le confort sonore des espaces int\u00e9rieurs. Con\u00e7us pour les environnements commerciaux et collaboratifs modernes, ces rideaux acoustiques permettent de r\u00e9duire la r\u00e9verb\u00e9ration, contr\u00f4ler le bruit et cr\u00e9er des espaces plus confortables pour la communication et [&#8230;]<\/p>\n<p><a class=\"btn btn-secondary understrap-read-more-link\" href=\"https:\/\/feltkutur.com\/fr\/acoustical-hanging-screen\/\">Read More&#8230;<\/a><\/p>\n","protected":false},"author":1,"featured_media":0,"parent":0,"menu_order":0,"comment_status":"closed","ping_status":"closed","template":"","meta":{"_seopress_robots_primary_cat":"","_seopress_titles_title":"","_seopress_titles_desc":"","_seopress_robots_index":"","footnotes":""},"class_list":["post-5386","page","type-page","status-publish"],"_links":{"self":[{"href":"https:\/\/feltkutur.com\/fr\/wp-json\/wp\/v2\/pages\/5386","targetHints":{"allow":["GET"]}}],"collection":[{"href":"https:\/\/feltkutur.com\/fr\/wp-json\/wp\/v2\/pages"}],"about":[{"href":"https:\/\/feltkutur.com\/fr\/wp-json\/wp\/v2\/types\/page"}],"author":[{"embeddable":true,"href":"https:\/\/feltkutur.com\/fr\/wp-json\/wp\/v2\/users\/1"}],"replies":[{"embeddable":true,"href":"https:\/\/feltkutur.com\/fr\/wp-json\/wp\/v2\/comments?post=5386"}],"version-history":[{"count":0,"href":"https:\/\/feltkutur.com\/fr\/wp-json\/wp\/v2\/pages\/5386\/revisions"}],"wp:attachment":[{"href":"https:\/\/feltkutur.com\/fr\/wp-json\/wp\/v2\/media?parent=5386"}],"curies":[{"name":"wp","href":"https:\/\/api.w.org\/{rel}","templated":true}]}}