{"id":5353,"date":"2023-01-27T09:48:52","date_gmt":"2023-01-27T14:48:52","guid":{"rendered":"https:\/\/feltkutur.com\/polyester-felt\/"},"modified":"2025-11-07T08:58:04","modified_gmt":"2025-11-07T13:58:04","slug":"polyester-felt","status":"publish","type":"page","link":"https:\/\/feltkutur.com\/fr\/polyester-felt\/","title":{"rendered":"Polyester Felt"},"content":{"rendered":"\n<h1>\n\t\tPourquoi choisir le feutre de polyester (PET)?\n\t<\/h1>\n<h2>\n\t\tFEUTRE ACOUSTIQUE D\u00dcOTEX\n\t<\/h2>\n\t<p>Le feutre de polyester PET (poly\u00e9thyl\u00e8ne t\u00e9r\u00e9phtalate) est un type de mat\u00e9riau non tiss\u00e9 fabriqu\u00e9 \u00e0 partir de bouteilles en plastique recycl\u00e9es. Voici quelques caract\u00e9ristiques qui expliquent pourquoi le feutre PET est consid\u00e9r\u00e9 comme excellent :<\/p>\n<ul>\n<li><strong>Durable<\/strong> : Le feutre PET est un mat\u00e9riau solide et durable qui peut supporter des temp\u00e9ratures \u00e9lev\u00e9es et qui est r\u00e9sistant \u00e0 l&#8217;usure.<\/li>\n<li><strong>\u00c9cologique<\/strong>: Le feutre PET est fabriqu\u00e9 \u00e0 partir de bouteilles en plastique recycl\u00e9es, ce qui en fait un mat\u00e9riau \u00e9cologique. C&#8217;est une excellente alternative au feutre traditionnel fait de laine, car on r\u00e9cup\u00e8re des plastiques en post consommation (<em>qui autrement pourrait se retrouver dans les sites d&#8217;enfouissement).<\/em><\/li>\n<li><strong>Facile \u00e0 nettoyer<\/strong> : Le feutre PET est r\u00e9sistant aux taches et peut \u00eatre facilement nettoy\u00e9 avec un d\u00e9tergent doux et de l&#8217;eau.<\/li>\n<li><strong>Polyvalent<\/strong> : Le feutre PET est un mat\u00e9riau polyvalent qui peut \u00eatre utilis\u00e9 dans un large \u00e9ventail d&#8217;applications, comme les panneaux acoustiques, et il est plus r\u00e9sistant au feu que le polypropyl\u00e8ne (PP).<\/li>\n<li><strong>Hypoallerg\u00e9nique<\/strong> : Le feutre PET est hypoallerg\u00e9nique et n&#8217;attire pas les acariens ou autres allerg\u00e8nes, ce qui en fait un mat\u00e9riau adapt\u00e9 aux personnes souffrant d&#8217;allergies.<\/li>\n<li><strong>Rentable<\/strong> : Le feutre PET est moins cher que le feutre de laine et a une dur\u00e9e de vie plus longue.<\/li>\n<\/ul>\n\t<p>Dans l&#8217;ensemble, le feutre PET est un excellent mat\u00e9riau, solide, durable, \u00e9cologique, facile \u00e0 nettoyer, polyvalent, hypoallerg\u00e9nique et rentable. Il peut \u00eatre utilis\u00e9 pour un large \u00e9ventail d&#8217;applications et d&#8217;industries et constitue une excellente alternative au feutre traditionnel fabriqu\u00e9 \u00e0 partir de laine.<\/p>\n\t<p>Fabriqu\u00e9s \u00e0 partir de fibres de polyester recyclables, les panneaux <a href=\"https:\/\/feltkutur.com\/fr\/panneaux-acoustiques-duotex\/\"><strong>D\u00fcotex <\/strong><\/a>sont tr\u00e8s efficaces en mati\u00e8re d&#8217;isolation acoustique. La composition flexible des panneaux permet d&#8217;absorber au mieux les sons de diff\u00e9rentes fr\u00e9quences. Les performances acoustiques sont ajustables en fonction de leur disposition.\u00a0Le <strong><a href=\"https:\/\/feltkutur.com\/fr\/panneaux-acoustiques-duotex\/\">D\u00fcotex <\/a><\/strong>est disponible en 6,4 mm ou 12 mm.<\/p>\n<p>Mais ce n&#8217;est pas tout : le m\u00e9lange de diff\u00e9rentes fibres leur conf\u00e8re une surface tr\u00e8s caract\u00e9ristique. Vous b\u00e9n\u00e9ficiez ainsi de panneaux de feutre acoustique efficaces et \u00e9l\u00e9gants.<\/p>\n\n","protected":false},"excerpt":{"rendered":"<p>Pourquoi choisir le feutre de polyester (PET)? FEUTRE ACOUSTIQUE D\u00dcOTEX Le feutre de polyester PET (poly\u00e9thyl\u00e8ne t\u00e9r\u00e9phtalate) est un type de mat\u00e9riau non tiss\u00e9 fabriqu\u00e9 \u00e0 partir de bouteilles en plastique recycl\u00e9es. Voici quelques caract\u00e9ristiques qui expliquent pourquoi le feutre PET est consid\u00e9r\u00e9 comme excellent : Durable : Le feutre PET est un mat\u00e9riau solide [&#8230;]<\/p>\n<p><a class=\"btn btn-secondary understrap-read-more-link\" href=\"https:\/\/feltkutur.com\/fr\/polyester-felt\/\">Read More&#8230;<\/a><\/p>\n","protected":false},"author":1,"featured_media":0,"parent":0,"menu_order":0,"comment_status":"closed","ping_status":"closed","template":"","meta":{"_seopress_robots_primary_cat":"","_seopress_titles_title":"","_seopress_titles_desc":"","_seopress_robots_index":"","footnotes":""},"class_list":["post-5353","page","type-page","status-publish"],"_links":{"self":[{"href":"https:\/\/feltkutur.com\/fr\/wp-json\/wp\/v2\/pages\/5353","targetHints":{"allow":["GET"]}}],"collection":[{"href":"https:\/\/feltkutur.com\/fr\/wp-json\/wp\/v2\/pages"}],"about":[{"href":"https:\/\/feltkutur.com\/fr\/wp-json\/wp\/v2\/types\/page"}],"author":[{"embeddable":true,"href":"https:\/\/feltkutur.com\/fr\/wp-json\/wp\/v2\/users\/1"}],"replies":[{"embeddable":true,"href":"https:\/\/feltkutur.com\/fr\/wp-json\/wp\/v2\/comments?post=5353"}],"version-history":[{"count":0,"href":"https:\/\/feltkutur.com\/fr\/wp-json\/wp\/v2\/pages\/5353\/revisions"}],"wp:attachment":[{"href":"https:\/\/feltkutur.com\/fr\/wp-json\/wp\/v2\/media?parent=5353"}],"curies":[{"name":"wp","href":"https:\/\/api.w.org\/{rel}","templated":true}]}}