{"id":5258,"date":"2022-12-15T11:08:29","date_gmt":"2022-12-15T16:08:29","guid":{"rendered":"https:\/\/feltkutur.com\/acoustical-panels-beige-woburn\/"},"modified":"2023-01-09T08:36:41","modified_gmt":"2023-01-09T13:36:41","slug":"acoustical-panels-beige-woburn","status":"publish","type":"page","link":"https:\/\/feltkutur.com\/fr\/acoustical-panels-beige-woburn\/","title":{"rendered":"Acoustical panels Beige Woburn"},"content":{"rendered":"\n\n\t<p>Notre Beige Woburn est r\u00e9put\u00e9 pour \u00eatre une teinte reposante et douce, qui se pr\u00eate \u00e0 merveille \u00e0 des mati\u00e8res naturelles tels que le bois, le lin ou encore le rotin. Cette teinte se retrouve donc logiquement dans de nombreuses ambiances classiques ou champ\u00eatres. Si vous avez envie de vous laisser tenter par le beige dans votre environnement int\u00e9rieur, laissez-vous guider par nos inspirations de couleurs afin de cr\u00e9er la parfaite ambiance tendance !<\/p>\n<p>Cette couleur peut \u00eatre combin\u00e9e au <strong><a href=\"https:\/\/feltkutur.com\/fr\/beige-perce\/\">Beige Perc\u00e9<\/a><\/strong> qui lui est plus doux: l&#8217;id\u00e9e ici est d&#8217;adoucir le caramel pour ne pas risquer d&#8217;avoir une atmosph\u00e8re trop sombre. Vous aimez la couleur caf\u00e9 frapp\u00e9 (oui, \u00e7a existe)? Adoptez-la dans votre\u00a0environnement de travail\u00a0pour profiter de toutes ses saveurs et\u00a0<strong>\u00e9quilibrez-la<\/strong>\u00a0avec notre <a href=\"https:\/\/feltkutur.com\/fr\/wendake\/\"><strong>Noir Wendake.<\/strong><\/a><\/p>\n<p>Notre Beige Woburn et notre Noir Wendake<strong>\u00a0<\/strong>appartenant toutes les deux \u00e0 la m\u00eame gamme de teinte (les bruns), vous pouvez les associer les yeux ferm\u00e9s sans avoir peur de commettre d&#8217;impair! C\u00f4t\u00e9 nuances, tous les go\u00fbts sont permis, le mariage fonctionnera toujours.<\/p>\n\n","protected":false},"excerpt":{"rendered":"<p>Notre Beige Woburn est r\u00e9put\u00e9 pour \u00eatre une teinte reposante et douce, qui se pr\u00eate \u00e0 merveille \u00e0 des mati\u00e8res naturelles tels que le bois, le lin ou encore le rotin. Cette teinte se retrouve donc logiquement dans de nombreuses ambiances classiques ou champ\u00eatres. Si vous avez envie de vous laisser tenter par le beige [&#8230;]<\/p>\n<p><a class=\"btn btn-secondary understrap-read-more-link\" href=\"https:\/\/feltkutur.com\/fr\/acoustical-panels-beige-woburn\/\">Read More&#8230;<\/a><\/p>\n","protected":false},"author":1,"featured_media":0,"parent":0,"menu_order":0,"comment_status":"closed","ping_status":"closed","template":"","meta":{"_seopress_robots_primary_cat":"","_seopress_titles_title":"","_seopress_titles_desc":"","_seopress_robots_index":"","footnotes":""},"class_list":["post-5258","page","type-page","status-publish"],"_links":{"self":[{"href":"https:\/\/feltkutur.com\/fr\/wp-json\/wp\/v2\/pages\/5258","targetHints":{"allow":["GET"]}}],"collection":[{"href":"https:\/\/feltkutur.com\/fr\/wp-json\/wp\/v2\/pages"}],"about":[{"href":"https:\/\/feltkutur.com\/fr\/wp-json\/wp\/v2\/types\/page"}],"author":[{"embeddable":true,"href":"https:\/\/feltkutur.com\/fr\/wp-json\/wp\/v2\/users\/1"}],"replies":[{"embeddable":true,"href":"https:\/\/feltkutur.com\/fr\/wp-json\/wp\/v2\/comments?post=5258"}],"version-history":[{"count":0,"href":"https:\/\/feltkutur.com\/fr\/wp-json\/wp\/v2\/pages\/5258\/revisions"}],"wp:attachment":[{"href":"https:\/\/feltkutur.com\/fr\/wp-json\/wp\/v2\/media?parent=5258"}],"curies":[{"name":"wp","href":"https:\/\/api.w.org\/{rel}","templated":true}]}}