{"id":5226,"date":"2022-11-10T14:20:21","date_gmt":"2022-11-10T19:20:21","guid":{"rendered":"https:\/\/feltkutur.com\/panolite-partner\/"},"modified":"2022-11-10T14:24:02","modified_gmt":"2022-11-10T19:24:02","slug":"panolite-partner","status":"publish","type":"page","link":"https:\/\/feltkutur.com\/fr\/panolite-partner\/","title":{"rendered":"Panolite partner"},"content":{"rendered":"\n<h1>\n\t\tPANOLITE\n\t<\/h1>\n<h2>\n\t\tPARTENAIRE DE FELTK\u00dcTUR\n\t<\/h2>\n\t\t\t\t<img decoding=\"async\" src=\"https:\/\/feltkutur.com\/wp-content\/uploads\/Ensemble9bw-1-scaled.jpg\" alt=\"Ensemble9bw\" itemprop=\"image\" height=\"1024\" width=\"2560\" title=\"Ensemble9bw\" onerror=\"this.style.display='none'\"  \/>\n\t<p>La technologie des panneaux acoustiques <a href=\"https:\/\/feltkutur.com\/fr\/panneaux-acoustiques-tekboard\/\"><strong>Tekboard<\/strong> <\/a>permet la combinaison de propri\u00e9t\u00e9s structurelles et acoustiques. En effet, sa structure en nids d&#8217;abeille comparable aux\u00a0alv\u00e9oles d&#8217;abeille,\u00a0servent \u00e0 renforcer la r\u00e9sistance d&#8217;un \u00e9l\u00e9ment tout en garantissant une l\u00e9g\u00e8ret\u00e9 maximale. Ces alv\u00e9oles permettent \u00e9galement de garantir un espace d&#8217;air qui amplifie les propri\u00e9t\u00e9s acoustiques du composite.<\/p>\n<p>Pour la production industrielle, <a href=\"http:\/\/www.alkegen.com\"><strong>Alkegen <\/strong><\/a>a d\u00e9cid\u00e9 d&#8217;unir ses forces avec <a href=\"https:\/\/panolite.com\/\"><strong>Panolite<\/strong><\/a>, situ\u00e9 au Lac-M\u00e9gantic. Panolite poss\u00e8de une grande expertise dans la fabrication de panneaux structurels alv\u00e9olaires. Gr\u00e2ce \u00e0 cette union, nous avons pu \u00e9largir la gamme des panneaux Tekboard, en incluant un panneau ayant des propri\u00e9t\u00e9s de \u00ab blocage de son \u00bb (STC). L&#8217;expertise de Panolite a permis d&#8217;int\u00e9grer des bandes de chant et une panoplie de quincaillerie permettant l&#8217;assemblage des panneaux, afin de cr\u00e9er des modules.<\/p>\n\t\t\t\t<img decoding=\"async\" src=\"https:\/\/feltkutur.com\/wp-content\/uploads\/Fenetres-Elite-4-scaled.jpg\" alt=\"Fenetres \u00c9lite-4\" itemprop=\"image\" height=\"1707\" width=\"2560\" title=\"Fenetres \u00c9lite-4\" onerror=\"this.style.display='none'\"  \/>\n\t<p>Que ce soit pour la fabrication de lames acoustiques, cabines de relaxation, cabines t\u00e9l\u00e9phoniques, panneaux diviseurs ou mobiliers de bureau, le <strong><a href=\"https:\/\/feltkutur.com\/fr\/panneaux-acoustiques-tekboard\/\">Tekboard<\/a>\u00a0<\/strong>est une solution id\u00e9ale.<\/p>\n\t<iframe title=\"Tekboard par Panolite - L\" width=\"640\" height=\"360\" src=\"https:\/\/www.youtube.com\/embed\/RlKGllewOk8?start=12&#038;feature=oembed\" frameborder=\"0\" allow=\"accelerometer; autoplay; clipboard-write; encrypted-media; gyroscope; picture-in-picture\" allowfullscreen><\/iframe>\n\t<iframe title=\"Tekboard anim FR\" width=\"640\" height=\"360\" src=\"https:\/\/www.youtube.com\/embed\/Y0zeY3wHIUQ?feature=oembed\" frameborder=\"0\" allow=\"accelerometer; autoplay; clipboard-write; encrypted-media; gyroscope; picture-in-picture\" allowfullscreen><\/iframe>\n\n","protected":false},"excerpt":{"rendered":"<p>PANOLITE PARTENAIRE DE FELTK\u00dcTUR La technologie des panneaux acoustiques Tekboard permet la combinaison de propri\u00e9t\u00e9s structurelles et acoustiques. En effet, sa structure en nids d&#8217;abeille comparable aux\u00a0alv\u00e9oles d&#8217;abeille,\u00a0servent \u00e0 renforcer la r\u00e9sistance d&#8217;un \u00e9l\u00e9ment tout en garantissant une l\u00e9g\u00e8ret\u00e9 maximale. Ces alv\u00e9oles permettent \u00e9galement de garantir un espace d&#8217;air qui amplifie les propri\u00e9t\u00e9s acoustiques du [&#8230;]<\/p>\n<p><a class=\"btn btn-secondary understrap-read-more-link\" href=\"https:\/\/feltkutur.com\/fr\/panolite-partner\/\">Read More&#8230;<\/a><\/p>\n","protected":false},"author":1,"featured_media":0,"parent":0,"menu_order":0,"comment_status":"closed","ping_status":"closed","template":"","meta":{"_seopress_robots_primary_cat":"","_seopress_titles_title":"","_seopress_titles_desc":"","_seopress_robots_index":"","footnotes":""},"class_list":["post-5226","page","type-page","status-publish"],"_links":{"self":[{"href":"https:\/\/feltkutur.com\/fr\/wp-json\/wp\/v2\/pages\/5226","targetHints":{"allow":["GET"]}}],"collection":[{"href":"https:\/\/feltkutur.com\/fr\/wp-json\/wp\/v2\/pages"}],"about":[{"href":"https:\/\/feltkutur.com\/fr\/wp-json\/wp\/v2\/types\/page"}],"author":[{"embeddable":true,"href":"https:\/\/feltkutur.com\/fr\/wp-json\/wp\/v2\/users\/1"}],"replies":[{"embeddable":true,"href":"https:\/\/feltkutur.com\/fr\/wp-json\/wp\/v2\/comments?post=5226"}],"version-history":[{"count":0,"href":"https:\/\/feltkutur.com\/fr\/wp-json\/wp\/v2\/pages\/5226\/revisions"}],"wp:attachment":[{"href":"https:\/\/feltkutur.com\/fr\/wp-json\/wp\/v2\/media?parent=5226"}],"curies":[{"name":"wp","href":"https:\/\/api.w.org\/{rel}","templated":true}]}}